{"id":1141,"date":"2025-12-11T09:38:04","date_gmt":"2025-12-11T09:38:04","guid":{"rendered":"https:\/\/zillertalervrienden.nl\/?post_type=product&#038;p=1141"},"modified":"2025-12-16T10:56:32","modified_gmt":"2025-12-16T10:56:32","slug":"1141","status":"publish","type":"product","link":"https:\/\/zillertalervrienden.nl\/de\/produkt\/1141\/","title":{"rendered":"Dekorationstafel Nimm dir zeit edelweis enzian."},"content":{"rendered":"<p>Bringen Sie den Charme der Alpen mit unserem wundersch\u00f6nen Dekobrett mit Edelwei\u00df und Enzian in Ihr Zuhause!<\/p>\n<p>Stilvolles und attraktives Design: Das Regal ist mit wundersch\u00f6nen Motiven aus Edelwei\u00df und Enzian verziert, die Ihrer Dekoration einen authentischen Alpenstil verleihen. Es eignet sich sowohl f\u00fcr moderne als auch f\u00fcr rustikale Einrichtungsstile <\/p>\n<p>Ungef\u00e4hre Abmessungen: Breite 25 cm, H\u00f6he 8 cm, Dicke 1,5 cm<\/p>\n<p><u>Im Preis sind die Versandkosten INKLUSIVE.<\/u><\/p>\n<p>WEG=WEG.<\/p>\n<p><em>Bestellungen m\u00fcssen innerhalb von 48 Stunden bezahlt werden. Andernfalls wird Ihre Bestellung storniert!!! <\/em><\/p>\n","protected":false},"excerpt":{"rendered":"<p>Bringen Sie den Charme der Alpen mit unserem wundersch\u00f6nen Dekobrett mit Edelwei\u00df und Enzian in Ihr Zuhause! Stilvolles und attraktives Design: Das Regal ist mit wundersch\u00f6nen Motiven aus Edelwei\u00df und [&hellip;]<\/p>\n","protected":false},"featured_media":1143,"comment_status":"open","ping_status":"closed","template":"","meta":{"_acf_changed":false},"product_brand":[],"product_cat":[89],"product_tag":[],"class_list":{"0":"post-1141","1":"product","2":"type-product","3":"status-publish","4":"has-post-thumbnail","6":"product_cat-holz","8":"first","9":"instock","10":"shipping-taxable","11":"purchasable","12":"product-type-simple"},"acf":[],"jetpack_sharing_enabled":true,"_links":{"self":[{"href":"https:\/\/zillertalervrienden.nl\/de\/wp-json\/wp\/v2\/product\/1141","targetHints":{"allow":["GET"]}}],"collection":[{"href":"https:\/\/zillertalervrienden.nl\/de\/wp-json\/wp\/v2\/product"}],"about":[{"href":"https:\/\/zillertalervrienden.nl\/de\/wp-json\/wp\/v2\/types\/product"}],"replies":[{"embeddable":true,"href":"https:\/\/zillertalervrienden.nl\/de\/wp-json\/wp\/v2\/comments?post=1141"}],"wp:featuredmedia":[{"embeddable":true,"href":"https:\/\/zillertalervrienden.nl\/de\/wp-json\/wp\/v2\/media\/1143"}],"wp:attachment":[{"href":"https:\/\/zillertalervrienden.nl\/de\/wp-json\/wp\/v2\/media?parent=1141"}],"wp:term":[{"taxonomy":"product_brand","embeddable":true,"href":"https:\/\/zillertalervrienden.nl\/de\/wp-json\/wp\/v2\/product_brand?post=1141"},{"taxonomy":"product_cat","embeddable":true,"href":"https:\/\/zillertalervrienden.nl\/de\/wp-json\/wp\/v2\/product_cat?post=1141"},{"taxonomy":"product_tag","embeddable":true,"href":"https:\/\/zillertalervrienden.nl\/de\/wp-json\/wp\/v2\/product_tag?post=1141"}],"curies":[{"name":"wp","href":"https:\/\/api.w.org\/{rel}","templated":true}]}}