{"id":1147,"date":"2025-12-12T10:26:39","date_gmt":"2025-12-12T10:26:39","guid":{"rendered":"https:\/\/zillertalervrienden.nl\/product\/zillertaler-freunde-pin\/"},"modified":"2026-04-17T22:18:08","modified_gmt":"2026-04-17T21:18:08","slug":"zillertaler-freunde-pin","status":"publish","type":"product","link":"https:\/\/zillertalervrienden.nl\/de\/produkt\/zillertaler-freunde-pin\/","title":{"rendered":"Zillertaler Vrienden Pin"},"content":{"rendered":"<p>Neue Zillertalervrienden Pin Edition 2024 (erstes Jahr).<\/p>\n<p>Einzigartige Erg\u00e4nzung f\u00fcr jede Sammlung: die Zillertal Friends Pin 2024 Edition! \ud83c\udf1f Als Sammlerst\u00fcck erinnert diese Anstecknadel auf besondere Weise an den Zusammenhalt und die Lebensfreude der Zillertal Friends. Perfekt f\u00fcr Liebhaber und Sammler, die ihrer Sammlung etwas Exklusives hinzuf\u00fcgen m\u00f6chten.<\/p>\n<p>Pin-Details:<br \/>\n* Jahr: 2024<br \/>\n* Design: Speziell entworfen zu Ehren der Zillertaler Freunde, mit einzigartigen Details, die den Geist und Charakter der Gruppe widerspiegeln<br \/>\n* Verf\u00fcgbarkeit: Limitierte Auflage, exklusiv f\u00fcr Sammler \ud83c\udf81<\/p>\n<p>Diese Anstecknadel ist mehr als nur ein Dekorationsgegenstand; sie ist ein Symbol f\u00fcr Freundschaft und gemeinsame Erinnerungen. Lassen Sie sich die Gelegenheit nicht entgehen, dieses wundersch\u00f6ne St\u00fcck Ihrer Sammlung hinzuzuf\u00fcgen! \u2728Kombiniere diesen Pin mit den Original-Pins der Gruppe, die wir in den letzten Jahren vorgestellt haben.<\/p>\n<p><strong>Sammle sie alle!!!!! Es sind Sammlerst\u00fccke.<\/strong><\/p>\n<p>&nbsp;<\/p>\n","protected":false},"excerpt":{"rendered":"<p>Neue Zillertalervrienden Pin Edition 2024 (erstes Jahr). Einzigartige Erg\u00e4nzung f\u00fcr jede Sammlung: die Zillertal Friends Pin 2024 Edition! \ud83c\udf1f Als Sammlerst\u00fcck erinnert diese Anstecknadel auf besondere Weise an den Zusammenhalt [&hellip;]<\/p>\n","protected":false},"featured_media":1652,"comment_status":"open","ping_status":"closed","template":"","meta":{"_acf_changed":false},"product_brand":[],"product_cat":[100],"product_tag":[],"class_list":{"0":"post-1147","1":"product","2":"type-product","3":"status-publish","4":"has-post-thumbnail","6":"product_cat-pins","8":"first","9":"instock","10":"shipping-taxable","11":"purchasable","12":"product-type-simple"},"acf":[],"jetpack_sharing_enabled":true,"_links":{"self":[{"href":"https:\/\/zillertalervrienden.nl\/de\/wp-json\/wp\/v2\/product\/1147","targetHints":{"allow":["GET"]}}],"collection":[{"href":"https:\/\/zillertalervrienden.nl\/de\/wp-json\/wp\/v2\/product"}],"about":[{"href":"https:\/\/zillertalervrienden.nl\/de\/wp-json\/wp\/v2\/types\/product"}],"replies":[{"embeddable":true,"href":"https:\/\/zillertalervrienden.nl\/de\/wp-json\/wp\/v2\/comments?post=1147"}],"wp:featuredmedia":[{"embeddable":true,"href":"https:\/\/zillertalervrienden.nl\/de\/wp-json\/wp\/v2\/media\/1652"}],"wp:attachment":[{"href":"https:\/\/zillertalervrienden.nl\/de\/wp-json\/wp\/v2\/media?parent=1147"}],"wp:term":[{"taxonomy":"product_brand","embeddable":true,"href":"https:\/\/zillertalervrienden.nl\/de\/wp-json\/wp\/v2\/product_brand?post=1147"},{"taxonomy":"product_cat","embeddable":true,"href":"https:\/\/zillertalervrienden.nl\/de\/wp-json\/wp\/v2\/product_cat?post=1147"},{"taxonomy":"product_tag","embeddable":true,"href":"https:\/\/zillertalervrienden.nl\/de\/wp-json\/wp\/v2\/product_tag?post=1147"}],"curies":[{"name":"wp","href":"https:\/\/api.w.org\/{rel}","templated":true}]}}