{"id":1150,"date":"2025-12-16T11:02:38","date_gmt":"2025-12-16T11:02:38","guid":{"rendered":"https:\/\/zillertalervrienden.nl\/product\/deko-tafel-nimm-dir-zeit-edelweiss-enzian\/"},"modified":"2025-12-31T10:00:33","modified_gmt":"2025-12-31T10:00:33","slug":"deko-tafel-nimm-dir-zeit-edelweiss-enzian","status":"publish","type":"product","link":"https:\/\/zillertalervrienden.nl\/de\/produkt\/deko-tafel-nimm-dir-zeit-edelweiss-enzian\/","title":{"rendered":"Deko-Tafel Nimm dir Zeit Edelwei\u00df Enzian."},"content":{"rendered":"<p id=\"tw-target-text\" class=\"tw-data-text tw-text-large tw-ta\" dir=\"ltr\" tabindex=\"-1\" role=\"text\" data-placeholder=\"Vertaling\" data-ved=\"2ahUKEwjXgbqx3-KRAxW15AIHHWJPAHoQ3ewLegQIDBAW\" aria-label=\"Vertaalde tekst: Haal de charme van de Alpen in huis met onze prachtige decoratieve plank met edelweiss en gentiaan! Stijlvol en aantrekkelijk design: De plank is versierd met mooie edelweiss- en gentiaanmotieven en geeft uw interieur een authentieke Alpenuitstraling. Hij past zowel bij moderne als rustieke interieurstijlen. Afmetingen: Breedte 25 cm, Hoogte 8 cm, Dikte 1,5 cm Verzending is inbegrepen in de prijs.\"><span class=\"Y2IQFc\" lang=\"nl\"><strong>Holen Sie sich den Charme der Alpen nach Hause mit unserem wundersch\u00f6nen Deko-Regal mit Edelwei\u00df und Enzian!<\/strong><\/span><\/p>\n<p>&nbsp;<\/p>\n<p class=\"tw-data-text tw-text-large tw-ta\" dir=\"ltr\" tabindex=\"-1\" role=\"text\" data-placeholder=\"Vertaling\" data-ved=\"2ahUKEwjXgbqx3-KRAxW15AIHHWJPAHoQ3ewLegQIDBAW\" aria-label=\"Vertaalde tekst: Haal de charme van de Alpen in huis met onze prachtige decoratieve plank met edelweiss en gentiaan! Stijlvol en aantrekkelijk design: De plank is versierd met mooie edelweiss- en gentiaanmotieven en geeft uw interieur een authentieke Alpenuitstraling. Hij past zowel bij moderne als rustieke interieurstijlen. Afmetingen: Breedte 25 cm, Hoogte 8 cm, Dikte 1,5 cm Verzending is inbegrepen in de prijs.\"><span class=\"Y2IQFc\" lang=\"nl\"> Stilvolles und ansprechendes Design: Das Regal ist mit wundersch\u00f6nen Edelwei\u00df- und Enzianmotiven verziert und verleiht Ihrem Interieur ein authentisches Alpenflair. Es passt sowohl zu modernen als auch zu rustikalen Einrichtungsstilen. <\/span><\/p>\n<p class=\"tw-data-text tw-text-large tw-ta\" dir=\"ltr\" tabindex=\"-1\" role=\"text\" data-placeholder=\"Vertaling\" data-ved=\"2ahUKEwjXgbqx3-KRAxW15AIHHWJPAHoQ3ewLegQIDBAW\" aria-label=\"Vertaalde tekst: Haal de charme van de Alpen in huis met onze prachtige decoratieve plank met edelweiss en gentiaan! Stijlvol en aantrekkelijk design: De plank is versierd met mooie edelweiss- en gentiaanmotieven en geeft uw interieur een authentieke Alpenuitstraling. Hij past zowel bij moderne als rustieke interieurstijlen. Afmetingen: Breedte 25 cm, Hoogte 8 cm, Dikte 1,5 cm Verzending is inbegrepen in de prijs.\"><span class=\"Y2IQFc\" lang=\"nl\"><strong>Abmessungen: Breite 25 cm, H\u00f6he 8 cm, Dicke 1,5 cm<\/strong><\/span><\/p>\n<p>&nbsp;<\/p>\n","protected":false},"excerpt":{"rendered":"<p>Holen Sie sich den Charme der Alpen nach Hause mit unserem wundersch\u00f6nen Deko-Regal mit Edelwei\u00df und Enzian! &nbsp; Stilvolles und ansprechendes Design: Das Regal ist mit wundersch\u00f6nen Edelwei\u00df- und Enzianmotiven [&hellip;]<\/p>\n","protected":false},"featured_media":1143,"comment_status":"open","ping_status":"closed","template":"","meta":{"_acf_changed":false},"product_brand":[],"product_cat":[89],"product_tag":[],"class_list":{"0":"post-1150","1":"product","2":"type-product","3":"status-publish","4":"has-post-thumbnail","6":"product_cat-holz","8":"first","9":"instock","10":"sale","11":"shipping-taxable","12":"purchasable","13":"product-type-simple"},"acf":[],"jetpack_sharing_enabled":true,"_links":{"self":[{"href":"https:\/\/zillertalervrienden.nl\/de\/wp-json\/wp\/v2\/product\/1150","targetHints":{"allow":["GET"]}}],"collection":[{"href":"https:\/\/zillertalervrienden.nl\/de\/wp-json\/wp\/v2\/product"}],"about":[{"href":"https:\/\/zillertalervrienden.nl\/de\/wp-json\/wp\/v2\/types\/product"}],"replies":[{"embeddable":true,"href":"https:\/\/zillertalervrienden.nl\/de\/wp-json\/wp\/v2\/comments?post=1150"}],"wp:featuredmedia":[{"embeddable":true,"href":"https:\/\/zillertalervrienden.nl\/de\/wp-json\/wp\/v2\/media\/1143"}],"wp:attachment":[{"href":"https:\/\/zillertalervrienden.nl\/de\/wp-json\/wp\/v2\/media?parent=1150"}],"wp:term":[{"taxonomy":"product_brand","embeddable":true,"href":"https:\/\/zillertalervrienden.nl\/de\/wp-json\/wp\/v2\/product_brand?post=1150"},{"taxonomy":"product_cat","embeddable":true,"href":"https:\/\/zillertalervrienden.nl\/de\/wp-json\/wp\/v2\/product_cat?post=1150"},{"taxonomy":"product_tag","embeddable":true,"href":"https:\/\/zillertalervrienden.nl\/de\/wp-json\/wp\/v2\/product_tag?post=1150"}],"curies":[{"name":"wp","href":"https:\/\/api.w.org\/{rel}","templated":true}]}}