{"id":1159,"date":"2025-12-12T10:26:37","date_gmt":"2025-12-12T10:26:37","guid":{"rendered":"https:\/\/zillertalervrienden.nl\/product\/thermometer-murmeltier\/"},"modified":"2025-12-12T10:26:37","modified_gmt":"2025-12-12T10:26:37","slug":"thermometer-murmeltier","status":"publish","type":"product","link":"https:\/\/zillertalervrienden.nl\/de\/produkt\/thermometer-murmeltier\/","title":{"rendered":"Thermometer Murmeltier"},"content":{"rendered":"<p>Thermometer Murmeltier<\/p>\n<p>Entdecken Sie unseren stimmungsvollen Thermometer Murmeltier! \ud83e\udd8c\ud83c\udf21\ufe0f <\/p>\n<p>\ud83c\udf21\ufe0fWarum sollten Sie sich f\u00fcr unseren Thermometer Murmeltier entscheiden?<\/p>\n<p>\u2764\ufe0fNat\u00fcrlich und rustikal \u2013 Ein wundersch\u00f6ner Thermometer mit Murmeltier, perfekt f\u00fcr den Landhaus- oder Alpenstil.<br \/>\n\ud83c\udf4ePraktisch und dekorativ \u2013 Misst die Temperatur und bereichert gleichzeitig Ihr Haus oder Ihren Garten mit einem l\u00e4ndlichen Akzent.<br \/>\n\ud83d\udc8eSolide und stilvoll \u2013 Hergestellt aus hochwertigen Materialien, langlebig und sch\u00f6n verarbeitet.<br \/>\n\ud83c\udf3fIdeal f\u00fcr den Garten oder das Chalet \u2013 Ein sch\u00f6nes und funktionelles Dekorationsst\u00fcck f\u00fcr Naturliebhaber.<br \/>\n\ud83c\udf81 Perfektes Geschenk \u2013 Sch\u00f6n f\u00fcr Naturliebhaber, Bergfreunde und alle, die die Alpen lieben!<\/p>\n<p>Bringen Sie ein St\u00fcck Natur und Ruhe in Ihr Haus oder Ihren Garten! \ud83c\udf3f<\/p>\n<p>Abmessungen ca.: breit 10 cm, hoch 27 cm, dick 1 cm<\/p>\n<p>\ud83d\udc49 Bestellen Sie jetzt und erleben Sie den Charme der Berge immer in Ihrer N\u00e4he!<\/p>\n","protected":false},"excerpt":{"rendered":"<p>Thermometer Murmeltier Entdecken Sie unseren stimmungsvollen Thermometer Murmeltier! \ud83e\udd8c\ud83c\udf21\ufe0f \ud83c\udf21\ufe0fWarum sollten Sie sich f\u00fcr unseren Thermometer Murmeltier entscheiden? \u2764\ufe0fNat\u00fcrlich und rustikal \u2013 Ein wundersch\u00f6ner Thermometer mit Murmeltier, perfekt f\u00fcr den [&hellip;]<\/p>\n","protected":false},"featured_media":1582,"comment_status":"open","ping_status":"closed","template":"","meta":{"_acf_changed":false},"product_brand":[],"product_cat":[87],"product_tag":[],"class_list":{"0":"post-1159","1":"product","2":"type-product","3":"status-publish","4":"has-post-thumbnail","6":"product_cat-verschiedenes","8":"first","9":"outofstock","10":"shipping-taxable","11":"purchasable","12":"product-type-simple"},"acf":[],"jetpack_sharing_enabled":true,"_links":{"self":[{"href":"https:\/\/zillertalervrienden.nl\/de\/wp-json\/wp\/v2\/product\/1159","targetHints":{"allow":["GET"]}}],"collection":[{"href":"https:\/\/zillertalervrienden.nl\/de\/wp-json\/wp\/v2\/product"}],"about":[{"href":"https:\/\/zillertalervrienden.nl\/de\/wp-json\/wp\/v2\/types\/product"}],"replies":[{"embeddable":true,"href":"https:\/\/zillertalervrienden.nl\/de\/wp-json\/wp\/v2\/comments?post=1159"}],"wp:featuredmedia":[{"embeddable":true,"href":"https:\/\/zillertalervrienden.nl\/de\/wp-json\/wp\/v2\/media\/1582"}],"wp:attachment":[{"href":"https:\/\/zillertalervrienden.nl\/de\/wp-json\/wp\/v2\/media?parent=1159"}],"wp:term":[{"taxonomy":"product_brand","embeddable":true,"href":"https:\/\/zillertalervrienden.nl\/de\/wp-json\/wp\/v2\/product_brand?post=1159"},{"taxonomy":"product_cat","embeddable":true,"href":"https:\/\/zillertalervrienden.nl\/de\/wp-json\/wp\/v2\/product_cat?post=1159"},{"taxonomy":"product_tag","embeddable":true,"href":"https:\/\/zillertalervrienden.nl\/de\/wp-json\/wp\/v2\/product_tag?post=1159"}],"curies":[{"name":"wp","href":"https:\/\/api.w.org\/{rel}","templated":true}]}}