{"id":1167,"date":"2025-12-12T10:26:36","date_gmt":"2025-12-12T10:26:36","guid":{"rendered":"https:\/\/zillertalervrienden.nl\/product\/schluesselanhaenger-hirsch\/"},"modified":"2025-12-12T10:26:36","modified_gmt":"2025-12-12T10:26:36","slug":"schluesselanhaenger-hirsch","status":"publish","type":"product","link":"https:\/\/zillertalervrienden.nl\/de\/produkt\/schluesselanhaenger-hirsch\/","title":{"rendered":"Schl\u00fcsselanh\u00e4nger Hirsch"},"content":{"rendered":"<p>Fangen Sie die Sch\u00f6nheit der Natur mit unserem Schl\u00fcsselanh\u00e4nger Hirsch ein!<\/p>\n<p>Dieser wundersch\u00f6ne Schl\u00fcsselanh\u00e4nger ist perfekt f\u00fcr Liebhaber von Natur und Tieren. Mit einem eleganten Hirsch-Design bringt dieser Schl\u00fcsselanh\u00e4nger nicht nur Stil, sondern auch ein St\u00fcck Wald in Ihr t\u00e4gliches Leben. <\/p>\n<p>Im Preis sind die Versandkosten INKLUSIVE.<\/p>\n<p>ACHTUNG!! DER VORRAT IST SEHR BEGRENZT!!! <\/p>\n<p>WEG=WEG.<\/p>\n<p>Bestellungen m\u00fcssen innerhalb von 48 Stunden bezahlt werden. Andernfalls wird Ihre Bestellung storniert!!! <\/p>\n","protected":false},"excerpt":{"rendered":"<p>Fangen Sie die Sch\u00f6nheit der Natur mit unserem Schl\u00fcsselanh\u00e4nger Hirsch ein! Dieser wundersch\u00f6ne Schl\u00fcsselanh\u00e4nger ist perfekt f\u00fcr Liebhaber von Natur und Tieren. Mit einem eleganten Hirsch-Design bringt dieser Schl\u00fcsselanh\u00e4nger nicht [&hellip;]<\/p>\n","protected":false},"featured_media":1592,"comment_status":"open","ping_status":"closed","template":"","meta":{"_acf_changed":false},"product_brand":[],"product_cat":[102],"product_tag":[],"class_list":{"0":"post-1167","1":"product","2":"type-product","3":"status-publish","4":"has-post-thumbnail","6":"product_cat-schlusselanhanger","8":"first","9":"instock","10":"shipping-taxable","11":"purchasable","12":"product-type-simple"},"acf":[],"jetpack_sharing_enabled":true,"_links":{"self":[{"href":"https:\/\/zillertalervrienden.nl\/de\/wp-json\/wp\/v2\/product\/1167","targetHints":{"allow":["GET"]}}],"collection":[{"href":"https:\/\/zillertalervrienden.nl\/de\/wp-json\/wp\/v2\/product"}],"about":[{"href":"https:\/\/zillertalervrienden.nl\/de\/wp-json\/wp\/v2\/types\/product"}],"replies":[{"embeddable":true,"href":"https:\/\/zillertalervrienden.nl\/de\/wp-json\/wp\/v2\/comments?post=1167"}],"wp:featuredmedia":[{"embeddable":true,"href":"https:\/\/zillertalervrienden.nl\/de\/wp-json\/wp\/v2\/media\/1592"}],"wp:attachment":[{"href":"https:\/\/zillertalervrienden.nl\/de\/wp-json\/wp\/v2\/media?parent=1167"}],"wp:term":[{"taxonomy":"product_brand","embeddable":true,"href":"https:\/\/zillertalervrienden.nl\/de\/wp-json\/wp\/v2\/product_brand?post=1167"},{"taxonomy":"product_cat","embeddable":true,"href":"https:\/\/zillertalervrienden.nl\/de\/wp-json\/wp\/v2\/product_cat?post=1167"},{"taxonomy":"product_tag","embeddable":true,"href":"https:\/\/zillertalervrienden.nl\/de\/wp-json\/wp\/v2\/product_tag?post=1167"}],"curies":[{"name":"wp","href":"https:\/\/api.w.org\/{rel}","templated":true}]}}