{"id":1197,"date":"2025-12-12T10:26:36","date_gmt":"2025-12-12T10:26:36","guid":{"rendered":"https:\/\/zillertalervrienden.nl\/product\/schluesselanhaenger-freunde-fuers-leben\/"},"modified":"2025-12-29T13:52:32","modified_gmt":"2025-12-29T13:52:32","slug":"schluesselanhaenger-freunde-fuers-leben","status":"publish","type":"product","link":"https:\/\/zillertalervrienden.nl\/de\/produkt\/schluesselanhaenger-freunde-fuers-leben\/","title":{"rendered":"Schl\u00fcsselanh\u00e4nger Freunde f\u00fcrs Leben"},"content":{"rendered":"<div class=\"react-scroll-to-bottom--css-jqmud-1n7m0yu _chat-scroller__scroll_1ydqw_373\">\n<div class=\"_message-list_1ydqw_363\">\n<div class=\"_container_1ydqw_1\">\n<div class=\"_container__content_1ydqw_29\">\n<div class=\"_container__message_1ydqw_21 _container__message--assistant_1ydqw_121\">\n<div class=\"_message_1ydqw_46\">\n<div class=\"_message__content_1ydqw_113\">\n<div>\n<div class=\"_message-content_7o4mm_2 _container__message-content_1ydqw_21 _message-content--markdown_7o4mm_2\">\n<p><strong>\ud83d\udd11 Schl\u00fcsselanh\u00e4nger \u201eFreunde f\u00fcrs Leben\u201c! \ud83c\udf1f<\/strong><\/p>\n<p>Feiere die besondere Freundschaft mit unserem wundersch\u00f6nen \u201eFreunde f\u00fcrs Leben\u201c-Schl\u00fcsselanh\u00e4nger! Dieses charmante Accessoire ist mehr als nur ein Schl\u00fcsselanh\u00e4nger; es ist ein Symbol der Wertsch\u00e4tzung und Verbundenheit.<\/p>\n<p><strong>Warum sollten Sie sich f\u00fcr unseren Schl\u00fcsselanh\u00e4nger entscheiden?<\/strong><\/p>\n<ul>\n<li>\u2764\ufe0f Einzigartiges Design: Dieser Schl\u00fcsselanh\u00e4nger strahlt W\u00e4rme und Freundschaft aus und ist perfekt, um Ihre Liebe zu Ihren besten Freunden zu zeigen.<\/li>\n<li>\ud83c\udf81 Wundersch\u00f6nes Geschenk: Ein tolles Geschenk f\u00fcr Geburtstage, Feiertage oder einfach nur, um zu zeigen, wie viel es Ihnen bedeutet.<\/li>\n<li>\ud83c\udf08 Vielseitig und praktisch: Verwenden Sie es f\u00fcr Ihre Schl\u00fcssel, Ihre Tasche oder als Dekoration; es ist eine t\u00e4gliche Erinnerung an wertvolle Freundschaften.<\/li>\n<li>\ud83e\udd1d Unterst\u00fctze die Verbundenheit: Trage diesen Schl\u00fcsselanh\u00e4nger mit Stolz und zeige, dass Freundschaften ewig halten!<\/li>\n<\/ul>\n<p>&nbsp;<\/p>\n<p>Mach jeden Tag zu etwas Besonderem mit dem Schl\u00fcsselanh\u00e4nger \u201eFreunde f\u00fcrs Leben\u201c!<\/p>\n<p><strong>Bestellen Sie jetzt und verschenken Sie ein einzigartiges, bedeutungsvolles Geschenk, das f\u00fcr immer h\u00e4lt!<\/p>\n<p><\/strong> \ud83c\udf1f\ud83d\udd11<\/p>\n<\/div>\n<div class=\"_actions_1ydqw_326\">\n<div class=\"_tooltip_1lsuk_1 _tooltip--secondary_1lsuk_11\"><\/div>\n<\/div>\n<\/div>\n<\/div>\n<\/div>\n<\/div>\n<\/div>\n<\/div>\n<\/div>\n<\/div>\n","protected":false},"excerpt":{"rendered":"<p>\ud83d\udd11 Schl\u00fcsselanh\u00e4nger \u201eFreunde f\u00fcrs Leben\u201c! \ud83c\udf1f Feiere die besondere Freundschaft mit unserem wundersch\u00f6nen \u201eFreunde f\u00fcrs Leben\u201c-Schl\u00fcsselanh\u00e4nger! Dieses charmante Accessoire ist mehr als nur ein Schl\u00fcsselanh\u00e4nger; es ist ein Symbol der [&hellip;]<\/p>\n","protected":false},"featured_media":1586,"comment_status":"open","ping_status":"closed","template":"","meta":{"_acf_changed":false},"product_brand":[],"product_cat":[102],"product_tag":[],"class_list":{"0":"post-1197","1":"product","2":"type-product","3":"status-publish","4":"has-post-thumbnail","6":"product_cat-schlusselanhanger","8":"first","9":"instock","10":"shipping-taxable","11":"purchasable","12":"product-type-simple"},"acf":[],"jetpack_sharing_enabled":true,"_links":{"self":[{"href":"https:\/\/zillertalervrienden.nl\/de\/wp-json\/wp\/v2\/product\/1197","targetHints":{"allow":["GET"]}}],"collection":[{"href":"https:\/\/zillertalervrienden.nl\/de\/wp-json\/wp\/v2\/product"}],"about":[{"href":"https:\/\/zillertalervrienden.nl\/de\/wp-json\/wp\/v2\/types\/product"}],"replies":[{"embeddable":true,"href":"https:\/\/zillertalervrienden.nl\/de\/wp-json\/wp\/v2\/comments?post=1197"}],"wp:featuredmedia":[{"embeddable":true,"href":"https:\/\/zillertalervrienden.nl\/de\/wp-json\/wp\/v2\/media\/1586"}],"wp:attachment":[{"href":"https:\/\/zillertalervrienden.nl\/de\/wp-json\/wp\/v2\/media?parent=1197"}],"wp:term":[{"taxonomy":"product_brand","embeddable":true,"href":"https:\/\/zillertalervrienden.nl\/de\/wp-json\/wp\/v2\/product_brand?post=1197"},{"taxonomy":"product_cat","embeddable":true,"href":"https:\/\/zillertalervrienden.nl\/de\/wp-json\/wp\/v2\/product_cat?post=1197"},{"taxonomy":"product_tag","embeddable":true,"href":"https:\/\/zillertalervrienden.nl\/de\/wp-json\/wp\/v2\/product_tag?post=1197"}],"curies":[{"name":"wp","href":"https:\/\/api.w.org\/{rel}","templated":true}]}}