{"id":1198,"date":"2025-12-12T10:26:35","date_gmt":"2025-12-12T10:26:35","guid":{"rendered":"https:\/\/zillertalervrienden.nl\/product\/untersetzer-grau\/"},"modified":"2026-04-11T21:48:21","modified_gmt":"2026-04-11T20:48:21","slug":"untersetzer-grau","status":"publish","type":"product","link":"https:\/\/zillertalervrienden.nl\/de\/produkt\/untersetzer-grau\/","title":{"rendered":"Untersetzer Grau"},"content":{"rendered":"<p>Bringen Sie einen Hauch \u00f6sterreichischer Eleganz auf Ihren Tisch mit unseren exklusiven Untersetzern. Handgefertigt und sorgf\u00e4ltig verarbeitet, sind diese Untersetzer nicht nur funktional, sondern auch eine stilvolle Erg\u00e4nzung f\u00fcr Ihre Einrichtung. Ob Sie ein Glas Wein, eine warme Tasse Kaffee oder ein erfrischendes Getr\u00e4nk servieren, unsere Untersetzer sch\u00fctzen Ihre M\u00f6bel und verleihen jeder Gelegenheit einen Hauch von Alpencharme.  <\/p>\n<p>Set mit 6 Untersetzern.<\/p>\n<p>Im Preis sind die Versandkosten INKLUSIVE.<\/p>\n","protected":false},"excerpt":{"rendered":"<p>Bringen Sie einen Hauch \u00f6sterreichischer Eleganz auf Ihren Tisch mit unseren exklusiven Untersetzern. Handgefertigt und sorgf\u00e4ltig verarbeitet, sind diese Untersetzer nicht nur funktional, sondern auch eine stilvolle Erg\u00e4nzung f\u00fcr Ihre [&hellip;]<\/p>\n","protected":false},"featured_media":1605,"comment_status":"open","ping_status":"closed","template":"","meta":{"_acf_changed":false},"product_brand":[],"product_cat":[106],"product_tag":[],"class_list":{"0":"post-1198","1":"product","2":"type-product","3":"status-publish","4":"has-post-thumbnail","6":"product_cat-untersetzer","8":"first","9":"instock","10":"sale","11":"shipping-taxable","12":"purchasable","13":"product-type-simple"},"acf":[],"jetpack_sharing_enabled":true,"_links":{"self":[{"href":"https:\/\/zillertalervrienden.nl\/de\/wp-json\/wp\/v2\/product\/1198","targetHints":{"allow":["GET"]}}],"collection":[{"href":"https:\/\/zillertalervrienden.nl\/de\/wp-json\/wp\/v2\/product"}],"about":[{"href":"https:\/\/zillertalervrienden.nl\/de\/wp-json\/wp\/v2\/types\/product"}],"replies":[{"embeddable":true,"href":"https:\/\/zillertalervrienden.nl\/de\/wp-json\/wp\/v2\/comments?post=1198"}],"wp:featuredmedia":[{"embeddable":true,"href":"https:\/\/zillertalervrienden.nl\/de\/wp-json\/wp\/v2\/media\/1605"}],"wp:attachment":[{"href":"https:\/\/zillertalervrienden.nl\/de\/wp-json\/wp\/v2\/media?parent=1198"}],"wp:term":[{"taxonomy":"product_brand","embeddable":true,"href":"https:\/\/zillertalervrienden.nl\/de\/wp-json\/wp\/v2\/product_brand?post=1198"},{"taxonomy":"product_cat","embeddable":true,"href":"https:\/\/zillertalervrienden.nl\/de\/wp-json\/wp\/v2\/product_cat?post=1198"},{"taxonomy":"product_tag","embeddable":true,"href":"https:\/\/zillertalervrienden.nl\/de\/wp-json\/wp\/v2\/product_tag?post=1198"}],"curies":[{"name":"wp","href":"https:\/\/api.w.org\/{rel}","templated":true}]}}