{"id":1208,"date":"2026-03-12T10:26:34","date_gmt":"2026-03-12T09:26:34","guid":{"rendered":"https:\/\/zillertalervrienden.nl\/product\/magnetischer-3d-flaschenoeffner-schuh-kirche-edelweiss-zillertal\/"},"modified":"2025-12-12T10:26:34","modified_gmt":"2025-12-12T10:26:34","slug":"magnetischer-3d-flaschenoeffner-schuh-kirche-edelweiss-zillertal","status":"publish","type":"product","link":"https:\/\/zillertalervrienden.nl\/de\/produkt\/magnetischer-3d-flaschenoeffner-schuh-kirche-edelweiss-zillertal\/","title":{"rendered":"Magnetischer 3D-Flaschen\u00f6ffner Schuh Kirche Edelweiss Zillertal"},"content":{"rendered":"<p>Magnetischer 3D-Flaschen\u00f6ffner Schuh Kirche Edelweiss Zillertal<\/p>\n<p>Entdecke unseren einzigartigen magnetischen 3D-Flaschen\u00f6ffner in einer lustigen Form mit Schuh, Kirche, Edelweiss aus dem wundersch\u00f6nen Zillertal! Eine perfekte Mischung aus Funktionalit\u00e4t und Tiroler Charme, ideal f\u00fcr alle, die die Berge und die spektakul\u00e4ren Skigebiete lieben. <\/p>\n<p>Warum solltest du dich f\u00fcr unseren magnetischen 3D-\u00d6ffner Schuh Kirche Edelweiss Zillertal entscheiden?<br \/>\n* \ud83d\udea0 Wundersch\u00f6nes Tiroler Design: Eine detaillierte Abbildung oder Form eines Schuhs, einer Kirche, eines Edelweiss aus dem Zillertal bringt dir die Atmosph\u00e4re der Berge und Skiurlaube nach Hause.<br \/>\n* \ud83e\uddf2 Magnetisch und funktionell: Der \u00d6ffner bleibt fest an deinem K\u00fchlschrank h\u00e4ngen und ist bereit f\u00fcr den Einsatz, wenn du ein Getr\u00e4nk \u00f6ffnest.<br \/>\n* \ud83c\udf7b Praktisch und lustig: Perfekt zum \u00d6ffnen von Flaschen bei einem gem\u00fctlichen Abend oder einer Party und ein sch\u00f6nes dekoratives Element auf deinem K\u00fchlschrank.<br \/>\n* \ud83c\udf81 Tolles Geschenk: Ideal als Souvenir, Geschenk oder einfach als Erg\u00e4nzung deiner Tirol- oder Skigebietskollektion.<\/p>\n<p>Bringe die abenteuerliche Atmosph\u00e4re des Zillertals mit diesem originellen Schuh-Kirche-Edelweiss-\u00d6ffner in dein Zuhause!<\/p>\n<p>Abmessungen ca.: breit 12 cm, hoch 3 cm, dick 1 cm<\/p>\n<p>Bestelle jetzt und f\u00fcge deiner Party oder deinem Wochenende ein St\u00fcck Alpenmagie hinzu!<\/p>\n","protected":false},"excerpt":{"rendered":"<p>Magnetischer 3D-Flaschen\u00f6ffner Schuh Kirche Edelweiss Zillertal Entdecke unseren einzigartigen magnetischen 3D-Flaschen\u00f6ffner in einer lustigen Form mit Schuh, Kirche, Edelweiss aus dem wundersch\u00f6nen Zillertal! Eine perfekte Mischung aus Funktionalit\u00e4t und Tiroler [&hellip;]<\/p>\n","protected":false},"featured_media":1209,"comment_status":"open","ping_status":"closed","template":"","meta":{"_acf_changed":false},"product_brand":[],"product_cat":[111],"product_tag":[],"class_list":{"0":"post-1208","1":"product","2":"type-product","3":"status-publish","4":"has-post-thumbnail","6":"product_cat-flaschenoffner","8":"first","9":"instock","10":"shipping-taxable","11":"purchasable","12":"product-type-simple"},"acf":[],"jetpack_sharing_enabled":true,"_links":{"self":[{"href":"https:\/\/zillertalervrienden.nl\/de\/wp-json\/wp\/v2\/product\/1208","targetHints":{"allow":["GET"]}}],"collection":[{"href":"https:\/\/zillertalervrienden.nl\/de\/wp-json\/wp\/v2\/product"}],"about":[{"href":"https:\/\/zillertalervrienden.nl\/de\/wp-json\/wp\/v2\/types\/product"}],"replies":[{"embeddable":true,"href":"https:\/\/zillertalervrienden.nl\/de\/wp-json\/wp\/v2\/comments?post=1208"}],"wp:featuredmedia":[{"embeddable":true,"href":"https:\/\/zillertalervrienden.nl\/de\/wp-json\/wp\/v2\/media\/1209"}],"wp:attachment":[{"href":"https:\/\/zillertalervrienden.nl\/de\/wp-json\/wp\/v2\/media?parent=1208"}],"wp:term":[{"taxonomy":"product_brand","embeddable":true,"href":"https:\/\/zillertalervrienden.nl\/de\/wp-json\/wp\/v2\/product_brand?post=1208"},{"taxonomy":"product_cat","embeddable":true,"href":"https:\/\/zillertalervrienden.nl\/de\/wp-json\/wp\/v2\/product_cat?post=1208"},{"taxonomy":"product_tag","embeddable":true,"href":"https:\/\/zillertalervrienden.nl\/de\/wp-json\/wp\/v2\/product_tag?post=1208"}],"curies":[{"name":"wp","href":"https:\/\/api.w.org\/{rel}","templated":true}]}}