{"id":1218,"date":"2025-12-12T10:26:36","date_gmt":"2025-12-12T10:26:36","guid":{"rendered":"https:\/\/zillertalervrienden.nl\/product\/schluesselhaenger-ski\/"},"modified":"2025-12-29T13:59:36","modified_gmt":"2025-12-29T13:59:36","slug":"schluesselhaenger-ski","status":"publish","type":"product","link":"https:\/\/zillertalervrienden.nl\/de\/produkt\/schluesselhaenger-ski\/","title":{"rendered":"Schl\u00fcsselh\u00e4nger Ski"},"content":{"rendered":"<div class=\"react-scroll-to-bottom--css-jqmud-1n7m0yu _chat-scroller__scroll_1ydqw_373\">\n<div class=\"_message-list_1ydqw_363\">\n<div class=\"_container_1ydqw_1\">\n<div class=\"_container__content_1ydqw_29\">\n<div class=\"_container__message_1ydqw_21 _container__message--assistant_1ydqw_121\">\n<div class=\"_message_1ydqw_46\">\n<div class=\"_message__content_1ydqw_113\">\n<div>\n<div class=\"_message-content_7o4mm_2 _container__message-content_1ydqw_21 _message-content--markdown_7o4mm_2\">\n<p>\ud83c\udfd4\ufe0f Erlebe den Nervenkitzel der Berge mit unserem Zillertal-Ski-Schl\u00fcsselanh\u00e4nger! \ud83c\udfbf\u2728<\/p>\n<p>Sind Sie ein echter Skifan und lieben die wundersch\u00f6ne Region Zillertal? Dann ist unser einzigartiger Zillertal-Ski-Schl\u00fcsselanh\u00e4nger das perfekte Accessoire f\u00fcr Sie! Zeigen Sie Ihre Leidenschaft f\u00fcrs Skifahren und die atemberaubenden Alpen, wo immer Sie sind.<\/p>\n<p>Warum sollten Sie sich f\u00fcr unseren Ski-Zillertal-Schl\u00fcsselanh\u00e4nger entscheiden?<\/p>\n<ul>\n<li>\u26f7\ufe0f Einzigartiges Design: Ein wundersch\u00f6nes und detailreiches Design, das den Geist des Skiurlaubs und die Sch\u00f6nheit des Zillertals einf\u00e4ngt.<\/li>\n<li>\ud83c\udf81 Flexibel und praktisch: Perfekt f\u00fcr Schl\u00fcssel, Tasche oder als witzige Dekoration; immer eine Erinnerung an Ihre Liebe zu den Bergen.<\/li>\n<li>\ud83c\udf1f Ein tolles Geschenk: Ideal f\u00fcr Freunde, Familie oder f\u00fcr sich selbst. Das perfekte Geschenk f\u00fcr jeden Winter- und Skiurlaubsfan! <\/li>\n<li>\u2665\ufe0f Zeig deinen Stolz: Mit diesem Schl\u00fcsselanh\u00e4nger kannst du allen zeigen, wie stolz du auf deine Skifreunde und die Natur bist.<\/li>\n<\/ul>\n<p>&nbsp;<\/p>\n<p><strong>Zeigen Sie Ihre Leidenschaft f\u00fcrs Skifahren mit unserem Skien Zillertal Schl\u00fcsselanh\u00e4nger!<\/p>\n<p><\/strong><\/p>\n<p><strong>Bestellen Sie jetzt und holen Sie sich den Zauber des Zillertals in jeden Tag!<\/strong> \ud83c\udfd4\ufe0f\ud83d\udd11<\/p>\n<\/div>\n<\/div>\n<\/div>\n<\/div>\n<\/div>\n<\/div>\n<\/div>\n<\/div>\n<\/div>\n<p>Im Preis sind die Versandkosten INKLUSIVE.<\/p>\n","protected":false},"excerpt":{"rendered":"<p>\ud83c\udfd4\ufe0f Erlebe den Nervenkitzel der Berge mit unserem Zillertal-Ski-Schl\u00fcsselanh\u00e4nger! \ud83c\udfbf\u2728 Sind Sie ein echter Skifan und lieben die wundersch\u00f6ne Region Zillertal? Dann ist unser einzigartiger Zillertal-Ski-Schl\u00fcsselanh\u00e4nger das perfekte Accessoire f\u00fcr [&hellip;]<\/p>\n","protected":false},"featured_media":1590,"comment_status":"open","ping_status":"closed","template":"","meta":{"_acf_changed":false},"product_brand":[],"product_cat":[102],"product_tag":[],"class_list":{"0":"post-1218","1":"product","2":"type-product","3":"status-publish","4":"has-post-thumbnail","6":"product_cat-schlusselanhanger","8":"first","9":"instock","10":"shipping-taxable","11":"purchasable","12":"product-type-simple"},"acf":[],"jetpack_sharing_enabled":true,"_links":{"self":[{"href":"https:\/\/zillertalervrienden.nl\/de\/wp-json\/wp\/v2\/product\/1218","targetHints":{"allow":["GET"]}}],"collection":[{"href":"https:\/\/zillertalervrienden.nl\/de\/wp-json\/wp\/v2\/product"}],"about":[{"href":"https:\/\/zillertalervrienden.nl\/de\/wp-json\/wp\/v2\/types\/product"}],"replies":[{"embeddable":true,"href":"https:\/\/zillertalervrienden.nl\/de\/wp-json\/wp\/v2\/comments?post=1218"}],"wp:featuredmedia":[{"embeddable":true,"href":"https:\/\/zillertalervrienden.nl\/de\/wp-json\/wp\/v2\/media\/1590"}],"wp:attachment":[{"href":"https:\/\/zillertalervrienden.nl\/de\/wp-json\/wp\/v2\/media?parent=1218"}],"wp:term":[{"taxonomy":"product_brand","embeddable":true,"href":"https:\/\/zillertalervrienden.nl\/de\/wp-json\/wp\/v2\/product_brand?post=1218"},{"taxonomy":"product_cat","embeddable":true,"href":"https:\/\/zillertalervrienden.nl\/de\/wp-json\/wp\/v2\/product_cat?post=1218"},{"taxonomy":"product_tag","embeddable":true,"href":"https:\/\/zillertalervrienden.nl\/de\/wp-json\/wp\/v2\/product_tag?post=1218"}],"curies":[{"name":"wp","href":"https:\/\/api.w.org\/{rel}","templated":true}]}}