{"id":1220,"date":"2025-12-12T10:26:35","date_gmt":"2025-12-12T10:26:35","guid":{"rendered":"https:\/\/zillertalervrienden.nl\/product\/schnaps-schluesselanhaenger-blaues-rondje\/"},"modified":"2025-12-31T09:42:35","modified_gmt":"2025-12-31T09:42:35","slug":"schnaps-schluesselanhaenger-blaues-rondje","status":"publish","type":"product","link":"https:\/\/zillertalervrienden.nl\/de\/produkt\/schnaps-schluesselanhaenger-blaues-rondje\/","title":{"rendered":"Schnaps-Schl\u00fcsselanh\u00e4nger Blaues Rondje"},"content":{"rendered":"<p>Der einzig wahre Schnaps-Schl\u00fcsselanh\u00e4nger ist ein witziges und funktionelles Accessoire, das du an deinen Schl\u00fcsselbund h\u00e4ngen kannst.<\/p>\n<p>Es ist eine Miniaturflasche, die mit deinem Lieblingsschnaps gef\u00fcllt werden kann, sodass du immer einen kleinen Schluck zur Hand hast.<\/p>\n<p>Im Preis sind die Versandkosten INKLUSIVE.<\/p>\n","protected":false},"excerpt":{"rendered":"<p>Der einzig wahre Schnaps-Schl\u00fcsselanh\u00e4nger ist ein witziges und funktionelles Accessoire, das du an deinen Schl\u00fcsselbund h\u00e4ngen kannst. Es ist eine Miniaturflasche, die mit deinem Lieblingsschnaps gef\u00fcllt werden kann, sodass du [&hellip;]<\/p>\n","protected":false},"featured_media":1596,"comment_status":"open","ping_status":"closed","template":"","meta":{"_acf_changed":false},"product_brand":[],"product_cat":[102],"product_tag":[],"class_list":{"0":"post-1220","1":"product","2":"type-product","3":"status-publish","4":"has-post-thumbnail","6":"product_cat-schlusselanhanger","8":"first","9":"instock","10":"shipping-taxable","11":"purchasable","12":"product-type-simple"},"acf":[],"jetpack_sharing_enabled":true,"_links":{"self":[{"href":"https:\/\/zillertalervrienden.nl\/de\/wp-json\/wp\/v2\/product\/1220","targetHints":{"allow":["GET"]}}],"collection":[{"href":"https:\/\/zillertalervrienden.nl\/de\/wp-json\/wp\/v2\/product"}],"about":[{"href":"https:\/\/zillertalervrienden.nl\/de\/wp-json\/wp\/v2\/types\/product"}],"replies":[{"embeddable":true,"href":"https:\/\/zillertalervrienden.nl\/de\/wp-json\/wp\/v2\/comments?post=1220"}],"wp:featuredmedia":[{"embeddable":true,"href":"https:\/\/zillertalervrienden.nl\/de\/wp-json\/wp\/v2\/media\/1596"}],"wp:attachment":[{"href":"https:\/\/zillertalervrienden.nl\/de\/wp-json\/wp\/v2\/media?parent=1220"}],"wp:term":[{"taxonomy":"product_brand","embeddable":true,"href":"https:\/\/zillertalervrienden.nl\/de\/wp-json\/wp\/v2\/product_brand?post=1220"},{"taxonomy":"product_cat","embeddable":true,"href":"https:\/\/zillertalervrienden.nl\/de\/wp-json\/wp\/v2\/product_cat?post=1220"},{"taxonomy":"product_tag","embeddable":true,"href":"https:\/\/zillertalervrienden.nl\/de\/wp-json\/wp\/v2\/product_tag?post=1220"}],"curies":[{"name":"wp","href":"https:\/\/api.w.org\/{rel}","templated":true}]}}