{"id":1223,"date":"2025-12-12T10:26:33","date_gmt":"2025-12-12T10:26:33","guid":{"rendered":"https:\/\/zillertalervrienden.nl\/product\/loeffel\/"},"modified":"2026-04-11T21:48:20","modified_gmt":"2026-04-11T20:48:20","slug":"loeffel","status":"publish","type":"product","link":"https:\/\/zillertalervrienden.nl\/de\/produkt\/loeffel\/","title":{"rendered":"L\u00f6ffel"},"content":{"rendered":"<p>Warum unsere L\u00f6ffel Hirschkopf w\u00e4hlen?<\/p>\n<p>Jeder L\u00f6ffel ist wundersch\u00f6n mit einem Hirschkopf illustriert, was Ihrem Tisch ein elegantes und rustikales Flair verleiht. Sie sind perfekt f\u00fcr den t\u00e4glichen Gebrauch und f\u00fcr besondere Anl\u00e4sse. <\/p>\n<p>Dies ist ein Set mit 4 L\u00f6ffeln.<\/p>\n","protected":false},"excerpt":{"rendered":"<p>Warum unsere L\u00f6ffel Hirschkopf w\u00e4hlen? Jeder L\u00f6ffel ist wundersch\u00f6n mit einem Hirschkopf illustriert, was Ihrem Tisch ein elegantes und rustikales Flair verleiht. Sie sind perfekt f\u00fcr den t\u00e4glichen Gebrauch und [&hellip;]<\/p>\n","protected":false},"featured_media":1614,"comment_status":"open","ping_status":"closed","template":"","meta":{"_acf_changed":false},"product_brand":[],"product_cat":[112],"product_tag":[],"class_list":{"0":"post-1223","1":"product","2":"type-product","3":"status-publish","4":"has-post-thumbnail","6":"product_cat-loffel","8":"first","9":"instock","10":"sale","11":"shipping-taxable","12":"purchasable","13":"product-type-simple"},"acf":[],"jetpack_sharing_enabled":true,"_links":{"self":[{"href":"https:\/\/zillertalervrienden.nl\/de\/wp-json\/wp\/v2\/product\/1223","targetHints":{"allow":["GET"]}}],"collection":[{"href":"https:\/\/zillertalervrienden.nl\/de\/wp-json\/wp\/v2\/product"}],"about":[{"href":"https:\/\/zillertalervrienden.nl\/de\/wp-json\/wp\/v2\/types\/product"}],"replies":[{"embeddable":true,"href":"https:\/\/zillertalervrienden.nl\/de\/wp-json\/wp\/v2\/comments?post=1223"}],"wp:featuredmedia":[{"embeddable":true,"href":"https:\/\/zillertalervrienden.nl\/de\/wp-json\/wp\/v2\/media\/1614"}],"wp:attachment":[{"href":"https:\/\/zillertalervrienden.nl\/de\/wp-json\/wp\/v2\/media?parent=1223"}],"wp:term":[{"taxonomy":"product_brand","embeddable":true,"href":"https:\/\/zillertalervrienden.nl\/de\/wp-json\/wp\/v2\/product_brand?post=1223"},{"taxonomy":"product_cat","embeddable":true,"href":"https:\/\/zillertalervrienden.nl\/de\/wp-json\/wp\/v2\/product_cat?post=1223"},{"taxonomy":"product_tag","embeddable":true,"href":"https:\/\/zillertalervrienden.nl\/de\/wp-json\/wp\/v2\/product_tag?post=1223"}],"curies":[{"name":"wp","href":"https:\/\/api.w.org\/{rel}","templated":true}]}}