{"id":1225,"date":"2025-12-12T10:26:34","date_gmt":"2025-12-12T10:26:34","guid":{"rendered":"https:\/\/zillertalervrienden.nl\/product\/notfall-naehset-fuer-reisen\/"},"modified":"2025-12-12T10:26:34","modified_gmt":"2025-12-12T10:26:34","slug":"notfall-naehset-fuer-reisen","status":"publish","type":"product","link":"https:\/\/zillertalervrienden.nl\/de\/produkt\/notfall-naehset-fuer-reisen\/","title":{"rendered":"Notfall-N\u00e4hset f\u00fcr Reisen."},"content":{"rendered":"<p>Notfall-N\u00e4hset f\u00fcr Reisen.<\/p>\n<p>Warum unser Notfall-Reiseset?<\/p>\n<p>\ud83e\uddf5\u2702\ufe0f Praktisch und schnell bereit f\u00fcr Notf\u00e4lle! Unser Notfall-Reiseset enth\u00e4lt Nadeln und Faden, wobei die F\u00e4den bereits perfekt in den Nadeln sitzen. Kein \u00c4rger mehr, direkt reparieren und weiter!  <\/p>\n<p>\ud83e\uddf5Handgefertigtes 10-teiliges N\u00e4hkasten-Set Reise-N\u00e4hkasten, Hotel \/ Zuhause \/ Reisen und andere Anwendungen, inklusive 2 Kn\u00f6pfe und Nadeln<\/p>\n<p>\u2702\ufe0fIdeal f\u00fcr unterwegs, im Urlaub oder zu Hause. Immer bereit, kleine Probleme schnell und einfach zu l\u00f6sen. <\/p>\n<p>Abmessungen ca.: 5,6 cm x 7,5 cm<\/p>\n<p>\ud83d\udee0\ufe0f Mach dich bereit f\u00fcr unerwartete Situationen \u2013 bestell jetzt und sei vorbereitet!<\/p>\n","protected":false},"excerpt":{"rendered":"<p>Notfall-N\u00e4hset f\u00fcr Reisen. Warum unser Notfall-Reiseset? \ud83e\uddf5\u2702\ufe0f Praktisch und schnell bereit f\u00fcr Notf\u00e4lle! Unser Notfall-Reiseset enth\u00e4lt Nadeln und Faden, wobei die F\u00e4den bereits perfekt in den Nadeln sitzen. Kein \u00c4rger [&hellip;]<\/p>\n","protected":false},"featured_media":1226,"comment_status":"open","ping_status":"closed","template":"","meta":{"_acf_changed":false},"product_brand":[],"product_cat":[87],"product_tag":[],"class_list":{"0":"post-1225","1":"product","2":"type-product","3":"status-publish","4":"has-post-thumbnail","6":"product_cat-verschiedenes","8":"first","9":"instock","10":"shipping-taxable","11":"purchasable","12":"product-type-simple"},"acf":[],"jetpack_sharing_enabled":true,"_links":{"self":[{"href":"https:\/\/zillertalervrienden.nl\/de\/wp-json\/wp\/v2\/product\/1225","targetHints":{"allow":["GET"]}}],"collection":[{"href":"https:\/\/zillertalervrienden.nl\/de\/wp-json\/wp\/v2\/product"}],"about":[{"href":"https:\/\/zillertalervrienden.nl\/de\/wp-json\/wp\/v2\/types\/product"}],"replies":[{"embeddable":true,"href":"https:\/\/zillertalervrienden.nl\/de\/wp-json\/wp\/v2\/comments?post=1225"}],"wp:featuredmedia":[{"embeddable":true,"href":"https:\/\/zillertalervrienden.nl\/de\/wp-json\/wp\/v2\/media\/1226"}],"wp:attachment":[{"href":"https:\/\/zillertalervrienden.nl\/de\/wp-json\/wp\/v2\/media?parent=1225"}],"wp:term":[{"taxonomy":"product_brand","embeddable":true,"href":"https:\/\/zillertalervrienden.nl\/de\/wp-json\/wp\/v2\/product_brand?post=1225"},{"taxonomy":"product_cat","embeddable":true,"href":"https:\/\/zillertalervrienden.nl\/de\/wp-json\/wp\/v2\/product_cat?post=1225"},{"taxonomy":"product_tag","embeddable":true,"href":"https:\/\/zillertalervrienden.nl\/de\/wp-json\/wp\/v2\/product_tag?post=1225"}],"curies":[{"name":"wp","href":"https:\/\/api.w.org\/{rel}","templated":true}]}}