{"id":1252,"date":"2025-12-12T10:26:30","date_gmt":"2025-12-12T10:26:30","guid":{"rendered":"https:\/\/zillertalervrienden.nl\/product\/kissenbezug-hirsch-zillertal\/"},"modified":"2025-12-12T10:26:30","modified_gmt":"2025-12-12T10:26:30","slug":"kissenbezug-hirsch-zillertal","status":"publish","type":"product","link":"https:\/\/zillertalervrienden.nl\/de\/produkt\/kissenbezug-hirsch-zillertal\/","title":{"rendered":"Kissenbezug Hirsch Zillertal"},"content":{"rendered":"<p>Nostalgischer Kissenbezug Hirsch Zillertal<\/p>\n<p>Bringen Sie die warme Atmosph\u00e4re des Zillertals in Ihr Zuhause mit unserem nostalgischen Kissenbezug, der mit einem wundersch\u00f6nen Hirsch aus dem herrlichen Zillertal versehen ist. Eine stilvolle und stimmungsvolle Erg\u00e4nzung, die Erinnerungen an die sch\u00f6nen Alpen und traditionelle Regionalszenen weckt. <\/p>\n<p>Warum sollten Sie sich f\u00fcr unseren nostalgischen Kissenbezug Hirsch Zillertal entscheiden?<\/p>\n<p>* \ud83c\udf3f Authentisches Design: Mit einem sch\u00f6n abgebildeten Hirsch und einem rustikalen, nostalgischen Motiv, das die traditionelle Atmosph\u00e4re des Zillertals wunderbar widerspiegelt.<br \/>\n* \ud83c\udfe0 Perfekt f\u00fcr jedes Interieur: Sch\u00f6n im Wohnzimmer, Schlafzimmer oder Chalet und bringt W\u00e4rme und Erinnerungen in jeden Raum.<br \/>\n* \ud83c\udf81 Ideales Geschenk: Ein besonderes Geschenk f\u00fcr Liebhaber der Alpen, der Natur und der Nostalgie \u2013 eine greifbare Erinnerung an sch\u00f6ne Zeiten.<\/p>\n<p>Machen Sie Ihr Zuhause mit diesem nostalgischen Hirsch Zillertal Kissenbezug besonders stimmungsvoll und tauchen Sie ein in die Authentizit\u00e4t der Alpen!<\/p>\n<p>Abmessungen ca.: breit 45 cm, hoch 45 cm<\/p>\n<p>Weicher Polyesterstoff, maschinenwaschbar<\/p>\n<p>Bestellen Sie jetzt und verleihen Sie Ihrer Einrichtung eine warme, l\u00e4ndliche Note!<\/p>\n","protected":false},"excerpt":{"rendered":"<p>Nostalgischer Kissenbezug Hirsch Zillertal Bringen Sie die warme Atmosph\u00e4re des Zillertals in Ihr Zuhause mit unserem nostalgischen Kissenbezug, der mit einem wundersch\u00f6nen Hirsch aus dem herrlichen Zillertal versehen ist. Eine [&hellip;]<\/p>\n","protected":false},"featured_media":1618,"comment_status":"open","ping_status":"closed","template":"","meta":{"_acf_changed":false},"product_brand":[],"product_cat":[116],"product_tag":[],"class_list":{"0":"post-1252","1":"product","2":"type-product","3":"status-publish","4":"has-post-thumbnail","6":"product_cat-kissenbezuge","8":"first","9":"outofstock","10":"shipping-taxable","11":"purchasable","12":"product-type-simple"},"acf":[],"jetpack_sharing_enabled":true,"_links":{"self":[{"href":"https:\/\/zillertalervrienden.nl\/de\/wp-json\/wp\/v2\/product\/1252","targetHints":{"allow":["GET"]}}],"collection":[{"href":"https:\/\/zillertalervrienden.nl\/de\/wp-json\/wp\/v2\/product"}],"about":[{"href":"https:\/\/zillertalervrienden.nl\/de\/wp-json\/wp\/v2\/types\/product"}],"replies":[{"embeddable":true,"href":"https:\/\/zillertalervrienden.nl\/de\/wp-json\/wp\/v2\/comments?post=1252"}],"wp:featuredmedia":[{"embeddable":true,"href":"https:\/\/zillertalervrienden.nl\/de\/wp-json\/wp\/v2\/media\/1618"}],"wp:attachment":[{"href":"https:\/\/zillertalervrienden.nl\/de\/wp-json\/wp\/v2\/media?parent=1252"}],"wp:term":[{"taxonomy":"product_brand","embeddable":true,"href":"https:\/\/zillertalervrienden.nl\/de\/wp-json\/wp\/v2\/product_brand?post=1252"},{"taxonomy":"product_cat","embeddable":true,"href":"https:\/\/zillertalervrienden.nl\/de\/wp-json\/wp\/v2\/product_cat?post=1252"},{"taxonomy":"product_tag","embeddable":true,"href":"https:\/\/zillertalervrienden.nl\/de\/wp-json\/wp\/v2\/product_tag?post=1252"}],"curies":[{"name":"wp","href":"https:\/\/api.w.org\/{rel}","templated":true}]}}