{"id":1253,"date":"2026-03-12T10:26:33","date_gmt":"2026-03-12T09:26:33","guid":{"rendered":"https:\/\/zillertalervrienden.nl\/product\/magnetischer-3d-flaschenoeffner-kuh-mit-haeuschen-zillertal\/"},"modified":"2025-12-12T10:26:33","modified_gmt":"2025-12-12T10:26:33","slug":"magnetischer-3d-flaschenoeffner-kuh-mit-haeuschen-zillertal","status":"publish","type":"product","link":"https:\/\/zillertalervrienden.nl\/de\/produkt\/magnetischer-3d-flaschenoeffner-kuh-mit-haeuschen-zillertal\/","title":{"rendered":"Magnetischer 3D-Flaschen\u00f6ffner Kuh mit H\u00e4uschen Zillertal"},"content":{"rendered":"<p>Magnetischer 3D-Flaschen\u00f6ffner Kuh mit H\u00e4uschen Zillertal<\/p>\n<p>Entdecke unseren einzigartigen magnetischen Flaschen\u00f6ffner in 3D-Form einer Kuh mit einem gem\u00fctlichen H\u00e4uschen aus dem sch\u00f6nen Zillertal! Ein funktionales Kunstwerk, das W\u00e4rme und Tiroler Atmosph\u00e4re in deine K\u00fcche, Bar oder dein Ferienhaus bringt. <\/p>\n<p>Warum solltest du dich f\u00fcr unseren 3D-Kuh- und H\u00e4uschen-Flaschen\u00f6ffner entscheiden?<\/p>\n<p>* \ud83d\udc04\ud83c\udfe1 Wundersch\u00f6nes 3D-Design: Detailreiche Abbildung einer Kuh neben einem niedlichen H\u00e4uschen, inspiriert vom l\u00e4ndlichen Charme des Zillertals.<br \/>\n* \ud83e\uddf2 Magnetisch und Praktisch: Haftet fest an deinem K\u00fchlschrank, bereit, sofort Flaschen zu \u00f6ffnen und dich bei geselligen Momenten zu begleiten.<br \/>\n* \ud83c\udf7a Dekorativ und Funktional: Eine sch\u00f6ne Dekoration, die immer bereitsteht und deiner Ausstattung ein l\u00e4ndliches, Tiroler Flair verleiht.<br \/>\n* \ud83c\udf81 Tolles Geschenk: Ein perfektes Souvenir, ein sch\u00f6nes Geschenk oder ein Blickfang f\u00fcr alle, die \u00d6sterreich, die Berge und authentische L\u00e4ndlichkeit lieben.<\/p>\n<p>F\u00fcge mit unserem wundersch\u00f6nen 3D-Flaschen\u00f6ffner ein St\u00fcck Tiroler Gem\u00fctlichkeit hinzu!<\/p>\n<p>Abmessungen ca.: breit 5 cm, hoch 11 cm, dick 1 cm<\/p>\n<p>Bestelle jetzt und mache jede \u00d6ffnung zu einem Fest mit diesem einzigartigen Tiroler Magneten!<\/p>\n","protected":false},"excerpt":{"rendered":"<p>Magnetischer 3D-Flaschen\u00f6ffner Kuh mit H\u00e4uschen Zillertal Entdecke unseren einzigartigen magnetischen Flaschen\u00f6ffner in 3D-Form einer Kuh mit einem gem\u00fctlichen H\u00e4uschen aus dem sch\u00f6nen Zillertal! Ein funktionales Kunstwerk, das W\u00e4rme und Tiroler [&hellip;]<\/p>\n","protected":false},"featured_media":1616,"comment_status":"open","ping_status":"closed","template":"","meta":{"_acf_changed":false},"product_brand":[],"product_cat":[111],"product_tag":[],"class_list":{"0":"post-1253","1":"product","2":"type-product","3":"status-publish","4":"has-post-thumbnail","6":"product_cat-flaschenoffner","8":"first","9":"outofstock","10":"shipping-taxable","11":"purchasable","12":"product-type-simple"},"acf":[],"jetpack_sharing_enabled":true,"_links":{"self":[{"href":"https:\/\/zillertalervrienden.nl\/de\/wp-json\/wp\/v2\/product\/1253","targetHints":{"allow":["GET"]}}],"collection":[{"href":"https:\/\/zillertalervrienden.nl\/de\/wp-json\/wp\/v2\/product"}],"about":[{"href":"https:\/\/zillertalervrienden.nl\/de\/wp-json\/wp\/v2\/types\/product"}],"replies":[{"embeddable":true,"href":"https:\/\/zillertalervrienden.nl\/de\/wp-json\/wp\/v2\/comments?post=1253"}],"wp:featuredmedia":[{"embeddable":true,"href":"https:\/\/zillertalervrienden.nl\/de\/wp-json\/wp\/v2\/media\/1616"}],"wp:attachment":[{"href":"https:\/\/zillertalervrienden.nl\/de\/wp-json\/wp\/v2\/media?parent=1253"}],"wp:term":[{"taxonomy":"product_brand","embeddable":true,"href":"https:\/\/zillertalervrienden.nl\/de\/wp-json\/wp\/v2\/product_brand?post=1253"},{"taxonomy":"product_cat","embeddable":true,"href":"https:\/\/zillertalervrienden.nl\/de\/wp-json\/wp\/v2\/product_cat?post=1253"},{"taxonomy":"product_tag","embeddable":true,"href":"https:\/\/zillertalervrienden.nl\/de\/wp-json\/wp\/v2\/product_tag?post=1253"}],"curies":[{"name":"wp","href":"https:\/\/api.w.org\/{rel}","templated":true}]}}