{"id":1270,"date":"2025-12-12T10:26:29","date_gmt":"2025-12-12T10:26:29","guid":{"rendered":"https:\/\/zillertalervrienden.nl\/product\/hirsch-plaid-handtuchset-oesterreich-2er-set\/"},"modified":"2026-04-11T21:48:22","modified_gmt":"2026-04-11T20:48:22","slug":"hirsch-plaid-handtuchset-oesterreich-2er-set","status":"publish","type":"product","link":"https:\/\/zillertalervrienden.nl\/de\/produkt\/hirsch-plaid-handtuchset-oesterreich-2er-set\/","title":{"rendered":"Hirsch Plaid Handtuchset \u00d6sterreich (2er-Set)"},"content":{"rendered":"<p>Nostalgisches Plaid Hirsch Handtuchset \u00d6sterreich<\/p>\n<p>\ud83c\udf3fVerleihen Sie Ihrer K\u00fcche einen Hauch von \u00f6sterreichischem Charme mit unserem wundersch\u00f6nen Plaid-Handtuchset! Entdecken Sie das elegante Hirschdesign <\/p>\n<p>\ud83c\udfd4\ufe0fInspiriert von der bezaubernden Landschaft \u00d6sterreichs und der gem\u00fctlichen Atmosph\u00e4re des Zillertals \u2744\ufe0f.<\/p>\n<p>Warum Sie sich f\u00fcr unser nostalgisches Plaid Hirsch Handtuchset entscheiden sollten?<\/p>\n<p>\ud83c\udfde\ufe0fPerfekt f\u00fcr Liebhaber der Alpen und des rustikalen Stils! Vervollst\u00e4ndigen Sie Ihre K\u00fcche mit diesem praktischen und dekorativen Plaid-Handtuchset <\/p>\n<p>\ud83e\uddfa Ideal f\u00fcr jeden Liebhaber \u00f6sterreichischer Einrichtungen.<\/p>\n<p>\ud83c\udf81 Ideales Geschenk: G\u00e4stehandtuch &amp; Geschenk<\/p>\n<p>Abmessungen ca.: 46 cm x 66 cm<\/p>\n<p>Weiches Polyester, maschinenwaschbar<\/p>\n<p>\ud83d\uded2 Bestellen Sie jetzt und bringen Sie die Magie der \u00f6sterreichischen Berge nach Hause! \ud83c\udf3f<\/p>\n","protected":false},"excerpt":{"rendered":"<p>Nostalgisches Plaid Hirsch Handtuchset \u00d6sterreich \ud83c\udf3fVerleihen Sie Ihrer K\u00fcche einen Hauch von \u00f6sterreichischem Charme mit unserem wundersch\u00f6nen Plaid-Handtuchset! Entdecken Sie das elegante Hirschdesign \ud83c\udfd4\ufe0fInspiriert von der bezaubernden Landschaft \u00d6sterreichs und [&hellip;]<\/p>\n","protected":false},"featured_media":1271,"comment_status":"open","ping_status":"closed","template":"","meta":{"_acf_changed":false},"product_brand":[],"product_cat":[87],"product_tag":[],"class_list":{"0":"post-1270","1":"product","2":"type-product","3":"status-publish","4":"has-post-thumbnail","6":"product_cat-verschiedenes","8":"first","9":"instock","10":"sale","11":"shipping-taxable","12":"purchasable","13":"product-type-simple"},"acf":[],"jetpack_sharing_enabled":true,"_links":{"self":[{"href":"https:\/\/zillertalervrienden.nl\/de\/wp-json\/wp\/v2\/product\/1270","targetHints":{"allow":["GET"]}}],"collection":[{"href":"https:\/\/zillertalervrienden.nl\/de\/wp-json\/wp\/v2\/product"}],"about":[{"href":"https:\/\/zillertalervrienden.nl\/de\/wp-json\/wp\/v2\/types\/product"}],"replies":[{"embeddable":true,"href":"https:\/\/zillertalervrienden.nl\/de\/wp-json\/wp\/v2\/comments?post=1270"}],"wp:featuredmedia":[{"embeddable":true,"href":"https:\/\/zillertalervrienden.nl\/de\/wp-json\/wp\/v2\/media\/1271"}],"wp:attachment":[{"href":"https:\/\/zillertalervrienden.nl\/de\/wp-json\/wp\/v2\/media?parent=1270"}],"wp:term":[{"taxonomy":"product_brand","embeddable":true,"href":"https:\/\/zillertalervrienden.nl\/de\/wp-json\/wp\/v2\/product_brand?post=1270"},{"taxonomy":"product_cat","embeddable":true,"href":"https:\/\/zillertalervrienden.nl\/de\/wp-json\/wp\/v2\/product_cat?post=1270"},{"taxonomy":"product_tag","embeddable":true,"href":"https:\/\/zillertalervrienden.nl\/de\/wp-json\/wp\/v2\/product_tag?post=1270"}],"curies":[{"name":"wp","href":"https:\/\/api.w.org\/{rel}","templated":true}]}}