{"id":1274,"date":"2025-12-12T10:26:30","date_gmt":"2025-12-12T10:26:30","guid":{"rendered":"https:\/\/zillertalervrienden.nl\/product\/kalender-2026-download-edition-weiss\/"},"modified":"2025-12-31T11:42:44","modified_gmt":"2025-12-31T11:42:44","slug":"kalender-2026-download-edition-weiss","status":"publish","type":"product","link":"https:\/\/zillertalervrienden.nl\/de\/produkt\/kalender-2026-download-edition-weiss\/","title":{"rendered":"Kalender 2026 DOWNLOAD-Edition (Wei\u00df)"},"content":{"rendered":"<p>Entdecken Sie die Sch\u00f6nheit des Zillertals mit unserem einzigartigen Kalender Zillertaler Vrienden 2026!<\/p>\n<p>Dieser wundersch\u00f6ne Kalender, der von echten Freunden erstellt wurde, bringt Ihnen das ganze Jahr \u00fcber inspirierende Bilder und Erinnerungen aus der bezaubernden Zillertal-Region.<\/p>\n<p>Nicht nur eine wundersch\u00f6ne Dekoration f\u00fcr die Wand, sondern auch funktional, um Ihre Termine, Veranstaltungen und besonderen Momente festzuhalten. Der Kalender bietet ausreichend Platz f\u00fcr Notizen und wichtige Daten. <\/p>\n<p>Suchen Sie ein einzigartiges und bedeutungsvolles Geschenk f\u00fcr Freunde und Familie? Der Kalender Zillertaler Vrienden 2026 ist ein tolles Geschenk f\u00fcr jeden Anlass, von Weihnachten bis zum Geburtstag. <\/p>\n<p>Sie erhalten hierbei 2 PDF-Dateien: 1 f\u00fcr A3 und 1 f\u00fcr A4. Damit k\u00f6nnen Sie die Kalender selbst ausdrucken. <\/p>\n<p>DIES IST DIE DOWNLOAD-Edition. Nach der Bezahlung k\u00f6nnen Sie den Kalender als PDF herunterladen. <\/p>\n<p>SIE ERHALTEN KEINE GEDRUCKTE VERSION!!!!<\/p>\n<p>Die Downloads finden Sie unter \u201eMein Konto\u201c<\/p>\n","protected":false},"excerpt":{"rendered":"<p>Entdecken Sie die Sch\u00f6nheit des Zillertals mit unserem einzigartigen Kalender Zillertaler Vrienden 2026! Dieser wundersch\u00f6ne Kalender, der von echten Freunden erstellt wurde, bringt Ihnen das ganze Jahr \u00fcber inspirierende Bilder [&hellip;]<\/p>\n","protected":false},"featured_media":1275,"comment_status":"open","ping_status":"closed","template":"","meta":{"_acf_changed":false},"product_brand":[],"product_cat":[104],"product_tag":[],"class_list":{"0":"post-1274","1":"product","2":"type-product","3":"status-publish","4":"has-post-thumbnail","6":"product_cat-kalender","8":"first","9":"instock","10":"downloadable","11":"virtual","12":"purchasable","13":"product-type-simple"},"acf":[],"jetpack_sharing_enabled":true,"_links":{"self":[{"href":"https:\/\/zillertalervrienden.nl\/de\/wp-json\/wp\/v2\/product\/1274","targetHints":{"allow":["GET"]}}],"collection":[{"href":"https:\/\/zillertalervrienden.nl\/de\/wp-json\/wp\/v2\/product"}],"about":[{"href":"https:\/\/zillertalervrienden.nl\/de\/wp-json\/wp\/v2\/types\/product"}],"replies":[{"embeddable":true,"href":"https:\/\/zillertalervrienden.nl\/de\/wp-json\/wp\/v2\/comments?post=1274"}],"wp:featuredmedia":[{"embeddable":true,"href":"https:\/\/zillertalervrienden.nl\/de\/wp-json\/wp\/v2\/media\/1275"}],"wp:attachment":[{"href":"https:\/\/zillertalervrienden.nl\/de\/wp-json\/wp\/v2\/media?parent=1274"}],"wp:term":[{"taxonomy":"product_brand","embeddable":true,"href":"https:\/\/zillertalervrienden.nl\/de\/wp-json\/wp\/v2\/product_brand?post=1274"},{"taxonomy":"product_cat","embeddable":true,"href":"https:\/\/zillertalervrienden.nl\/de\/wp-json\/wp\/v2\/product_cat?post=1274"},{"taxonomy":"product_tag","embeddable":true,"href":"https:\/\/zillertalervrienden.nl\/de\/wp-json\/wp\/v2\/product_tag?post=1274"}],"curies":[{"name":"wp","href":"https:\/\/api.w.org\/{rel}","templated":true}]}}