{"id":1289,"date":"2025-12-12T10:26:38","date_gmt":"2025-12-12T10:26:38","guid":{"rendered":"https:\/\/zillertalervrienden.nl\/product\/waermflasche\/"},"modified":"2026-04-17T22:18:07","modified_gmt":"2026-04-17T21:18:07","slug":"waermflasche","status":"publish","type":"product","link":"https:\/\/zillertalervrienden.nl\/de\/produkt\/waermflasche\/","title":{"rendered":"W\u00e4rmflasche"},"content":{"rendered":"<p><strong>W\u00e4rmflasche Hirsch Zillertal f\u00fcr dunkle Tage<\/strong><\/p>\n<p>Entdecke den Komfort unserer W\u00e4rmflasche mit Hirsch aus dem Zillertal \u2013 ein perfektes Hilfsmittel, um dich w\u00e4hrend der dunklen Tage zu w\u00e4rmen und zu entspannen. Das stilvolle Hirschdesign bringt die Ruhe und nat\u00fcrliche Sch\u00f6nheit der Alpen n\u00e4her, w\u00e4hrend die Flasche f\u00fcr wohlige W\u00e4rme sorgt.<\/p>\n<p><strong>Warum unsere Hirsch Zillertal W\u00e4rmflasche w\u00e4hlen?<\/strong><br \/>\n* Gem\u00fctlich und warm: Ideal f\u00fcr entspannte Abende, kalte N\u00e4chte oder einfach, um dich w\u00e4hrend der dunklen Tage zu verw\u00f6hnen.<br \/>\n* Authentisches Design: Mit einem sch\u00f6nen Hirschmotiv aus dem Zillertal bringt diese Flasche die Atmosph\u00e4re der Alpen ins Haus.<br \/>\n* Langlebig und sicher: Hergestellt aus hochwertigen Materialien, geeignet f\u00fcr wiederholten Gebrauch.<br \/>\n* Perfekt als Geschenk: Ein warmes und besonderes Geschenk f\u00fcr dich selbst oder jemanden, den du gerne im Winter verw\u00f6hnst.<\/p>\n<p><strong>Mach jeden dunklen Tag ein St\u00fcck w\u00e4rmer und gem\u00fctlicher mit unserer Hirsch Zillertal W\u00e4rmflasche!<\/strong><\/p>\n<p><strong>Abmessung ungef\u00e4hr: breit 25 cm, hoch 28 cm, dick 4 cm<\/strong><\/p>\n","protected":false},"excerpt":{"rendered":"<p>W\u00e4rmflasche Hirsch Zillertal f\u00fcr dunkle Tage Entdecke den Komfort unserer W\u00e4rmflasche mit Hirsch aus dem Zillertal \u2013 ein perfektes Hilfsmittel, um dich w\u00e4hrend der dunklen Tage zu w\u00e4rmen und zu [&hellip;]<\/p>\n","protected":false},"featured_media":1290,"comment_status":"open","ping_status":"closed","template":"","meta":{"_acf_changed":false},"product_brand":[],"product_cat":[87],"product_tag":[],"class_list":{"0":"post-1289","1":"product","2":"type-product","3":"status-publish","4":"has-post-thumbnail","6":"product_cat-verschiedenes","8":"first","9":"instock","10":"shipping-taxable","11":"purchasable","12":"product-type-simple"},"acf":[],"jetpack_sharing_enabled":true,"_links":{"self":[{"href":"https:\/\/zillertalervrienden.nl\/de\/wp-json\/wp\/v2\/product\/1289","targetHints":{"allow":["GET"]}}],"collection":[{"href":"https:\/\/zillertalervrienden.nl\/de\/wp-json\/wp\/v2\/product"}],"about":[{"href":"https:\/\/zillertalervrienden.nl\/de\/wp-json\/wp\/v2\/types\/product"}],"replies":[{"embeddable":true,"href":"https:\/\/zillertalervrienden.nl\/de\/wp-json\/wp\/v2\/comments?post=1289"}],"wp:featuredmedia":[{"embeddable":true,"href":"https:\/\/zillertalervrienden.nl\/de\/wp-json\/wp\/v2\/media\/1290"}],"wp:attachment":[{"href":"https:\/\/zillertalervrienden.nl\/de\/wp-json\/wp\/v2\/media?parent=1289"}],"wp:term":[{"taxonomy":"product_brand","embeddable":true,"href":"https:\/\/zillertalervrienden.nl\/de\/wp-json\/wp\/v2\/product_brand?post=1289"},{"taxonomy":"product_cat","embeddable":true,"href":"https:\/\/zillertalervrienden.nl\/de\/wp-json\/wp\/v2\/product_cat?post=1289"},{"taxonomy":"product_tag","embeddable":true,"href":"https:\/\/zillertalervrienden.nl\/de\/wp-json\/wp\/v2\/product_tag?post=1289"}],"curies":[{"name":"wp","href":"https:\/\/api.w.org\/{rel}","templated":true}]}}