{"id":1295,"date":"2025-12-12T10:26:38","date_gmt":"2025-12-12T10:26:38","guid":{"rendered":"https:\/\/zillertalervrienden.nl\/product\/taschentuchbox-2-x-edelweiss-klein\/"},"modified":"2026-04-18T22:29:19","modified_gmt":"2026-04-18T21:29:19","slug":"taschentuchbox-2-x-edelweiss-klein","status":"publish","type":"product","link":"https:\/\/zillertalervrienden.nl\/de\/produkt\/taschentuchbox-2-x-edelweiss-klein\/","title":{"rendered":"Taschentuchbox 2 x Edelweiss klein"},"content":{"rendered":"<p><strong>Holen Sie sich die Sch\u00f6nheit der Alpen ins Haus mit unserer Taschentuchbox Berge mit 2 Edelweissblumen!<\/strong><\/p>\n<p>Brillantes Design: Die Taschentuchbox ist mit zwei wundersch\u00f6nen Edelweissblumen verziert, was f\u00fcr ein authentisches und nat\u00fcrliches Gef\u00fchl sorgt. Das Design verleiht Ihrer Einrichtung eine stimmungsvolle Alpenoptik.<\/p>\n<p>&nbsp;<\/p>\n<p><strong>Abmessung: 27 x 14 x 8 cm<\/strong><\/p>\n<p>&nbsp;<\/p>\n","protected":false},"excerpt":{"rendered":"<p>Holen Sie sich die Sch\u00f6nheit der Alpen ins Haus mit unserer Taschentuchbox Berge mit 2 Edelweissblumen! Brillantes Design: Die Taschentuchbox ist mit zwei wundersch\u00f6nen Edelweissblumen verziert, was f\u00fcr ein authentisches [&hellip;]<\/p>\n","protected":false},"featured_media":1296,"comment_status":"open","ping_status":"closed","template":"","meta":{"_acf_changed":false},"product_brand":[],"product_cat":[89],"product_tag":[],"class_list":{"0":"post-1295","1":"product","2":"type-product","3":"status-publish","4":"has-post-thumbnail","6":"product_cat-holz","8":"first","9":"instock","10":"shipping-taxable","11":"purchasable","12":"product-type-simple"},"acf":[],"jetpack_sharing_enabled":true,"_links":{"self":[{"href":"https:\/\/zillertalervrienden.nl\/de\/wp-json\/wp\/v2\/product\/1295","targetHints":{"allow":["GET"]}}],"collection":[{"href":"https:\/\/zillertalervrienden.nl\/de\/wp-json\/wp\/v2\/product"}],"about":[{"href":"https:\/\/zillertalervrienden.nl\/de\/wp-json\/wp\/v2\/types\/product"}],"replies":[{"embeddable":true,"href":"https:\/\/zillertalervrienden.nl\/de\/wp-json\/wp\/v2\/comments?post=1295"}],"wp:featuredmedia":[{"embeddable":true,"href":"https:\/\/zillertalervrienden.nl\/de\/wp-json\/wp\/v2\/media\/1296"}],"wp:attachment":[{"href":"https:\/\/zillertalervrienden.nl\/de\/wp-json\/wp\/v2\/media?parent=1295"}],"wp:term":[{"taxonomy":"product_brand","embeddable":true,"href":"https:\/\/zillertalervrienden.nl\/de\/wp-json\/wp\/v2\/product_brand?post=1295"},{"taxonomy":"product_cat","embeddable":true,"href":"https:\/\/zillertalervrienden.nl\/de\/wp-json\/wp\/v2\/product_cat?post=1295"},{"taxonomy":"product_tag","embeddable":true,"href":"https:\/\/zillertalervrienden.nl\/de\/wp-json\/wp\/v2\/product_tag?post=1295"}],"curies":[{"name":"wp","href":"https:\/\/api.w.org\/{rel}","templated":true}]}}