{"id":1297,"date":"2025-12-12T10:26:38","date_gmt":"2025-12-12T10:26:38","guid":{"rendered":"https:\/\/zillertalervrienden.nl\/product\/taschentuchbox-hirsch\/"},"modified":"2026-04-17T22:18:07","modified_gmt":"2026-04-17T21:18:07","slug":"taschentuchbox-hirsch","status":"publish","type":"product","link":"https:\/\/zillertalervrienden.nl\/de\/produkt\/taschentuchbox-hirsch\/","title":{"rendered":"Taschentuchbox Hirsch"},"content":{"rendered":"<p><strong>Bringen Sie einen Hauch von Natur in Ihr Zuhause mit unserer Taschentuchbox Zillertal Hirsch!<\/strong><\/p>\n<p>Elegantes Design: Die Taschentuchbox ist mit einem sch\u00f6nen Hirschmotiv verziert, was sie zu einer perfekten Erg\u00e4nzung f\u00fcr moderne und rustikale Einrichtungen macht. Sie verleiht Ihrem Raum ein warmes und einladendes Gef\u00fchl. <\/p>\n<p><strong>Abmessung: 27 x 14 x 8 cm<\/strong><\/p>\n<p>&nbsp;<\/p>\n","protected":false},"excerpt":{"rendered":"<p>Bringen Sie einen Hauch von Natur in Ihr Zuhause mit unserer Taschentuchbox Zillertal Hirsch! Elegantes Design: Die Taschentuchbox ist mit einem sch\u00f6nen Hirschmotiv verziert, was sie zu einer perfekten Erg\u00e4nzung [&hellip;]<\/p>\n","protected":false},"featured_media":1298,"comment_status":"open","ping_status":"closed","template":"","meta":{"_acf_changed":false},"product_brand":[],"product_cat":[89],"product_tag":[],"class_list":{"0":"post-1297","1":"product","2":"type-product","3":"status-publish","4":"has-post-thumbnail","6":"product_cat-holz","8":"first","9":"instock","10":"shipping-taxable","11":"purchasable","12":"product-type-simple"},"acf":[],"jetpack_sharing_enabled":true,"_links":{"self":[{"href":"https:\/\/zillertalervrienden.nl\/de\/wp-json\/wp\/v2\/product\/1297","targetHints":{"allow":["GET"]}}],"collection":[{"href":"https:\/\/zillertalervrienden.nl\/de\/wp-json\/wp\/v2\/product"}],"about":[{"href":"https:\/\/zillertalervrienden.nl\/de\/wp-json\/wp\/v2\/types\/product"}],"replies":[{"embeddable":true,"href":"https:\/\/zillertalervrienden.nl\/de\/wp-json\/wp\/v2\/comments?post=1297"}],"wp:featuredmedia":[{"embeddable":true,"href":"https:\/\/zillertalervrienden.nl\/de\/wp-json\/wp\/v2\/media\/1298"}],"wp:attachment":[{"href":"https:\/\/zillertalervrienden.nl\/de\/wp-json\/wp\/v2\/media?parent=1297"}],"wp:term":[{"taxonomy":"product_brand","embeddable":true,"href":"https:\/\/zillertalervrienden.nl\/de\/wp-json\/wp\/v2\/product_brand?post=1297"},{"taxonomy":"product_cat","embeddable":true,"href":"https:\/\/zillertalervrienden.nl\/de\/wp-json\/wp\/v2\/product_cat?post=1297"},{"taxonomy":"product_tag","embeddable":true,"href":"https:\/\/zillertalervrienden.nl\/de\/wp-json\/wp\/v2\/product_tag?post=1297"}],"curies":[{"name":"wp","href":"https:\/\/api.w.org\/{rel}","templated":true}]}}