{"id":1301,"date":"2025-12-12T10:26:38","date_gmt":"2025-12-12T10:26:38","guid":{"rendered":"https:\/\/zillertalervrienden.nl\/product\/taschentuchbox-edelweiss\/"},"modified":"2026-04-17T22:18:07","modified_gmt":"2026-04-17T21:18:07","slug":"taschentuchbox-edelweiss","status":"publish","type":"product","link":"https:\/\/zillertalervrienden.nl\/de\/produkt\/taschentuchbox-edelweiss\/","title":{"rendered":"Taschentuchbox Edelweiss"},"content":{"rendered":"<p><strong>Verleihen Sie Ihrer Einrichtung einen Hauch von Bergcharme mit unserer Taschentuchbox Berge mit Edelweiss Gro\u00df!<\/strong><\/p>\n<p>Diese wundersch\u00f6ne Taschentuchbox ist nicht nur praktisch, sondern auch ein stilvolles Dekorationselement, das die Sch\u00f6nheit der Berge und die nat\u00fcrliche Eleganz des Edelweiss in Ihr Zuhause bringt. Sie ist ideal f\u00fcr alle, die die Natur lieben und ihren Alpenreichtum verst\u00e4rken m\u00f6chten. <\/p>\n<p>&nbsp;<\/p>\n<p><strong>Abmessung: 27 x 14 x 8 cm<\/strong><\/p>\n<p>&nbsp;<\/p>\n","protected":false},"excerpt":{"rendered":"<p>Verleihen Sie Ihrer Einrichtung einen Hauch von Bergcharme mit unserer Taschentuchbox Berge mit Edelweiss Gro\u00df! Diese wundersch\u00f6ne Taschentuchbox ist nicht nur praktisch, sondern auch ein stilvolles Dekorationselement, das die Sch\u00f6nheit [&hellip;]<\/p>\n","protected":false},"featured_media":1302,"comment_status":"open","ping_status":"closed","template":"","meta":{"_acf_changed":false},"product_brand":[],"product_cat":[89],"product_tag":[],"class_list":{"0":"post-1301","1":"product","2":"type-product","3":"status-publish","4":"has-post-thumbnail","6":"product_cat-holz","8":"first","9":"outofstock","10":"shipping-taxable","11":"purchasable","12":"product-type-simple"},"acf":[],"jetpack_sharing_enabled":true,"_links":{"self":[{"href":"https:\/\/zillertalervrienden.nl\/de\/wp-json\/wp\/v2\/product\/1301","targetHints":{"allow":["GET"]}}],"collection":[{"href":"https:\/\/zillertalervrienden.nl\/de\/wp-json\/wp\/v2\/product"}],"about":[{"href":"https:\/\/zillertalervrienden.nl\/de\/wp-json\/wp\/v2\/types\/product"}],"replies":[{"embeddable":true,"href":"https:\/\/zillertalervrienden.nl\/de\/wp-json\/wp\/v2\/comments?post=1301"}],"wp:featuredmedia":[{"embeddable":true,"href":"https:\/\/zillertalervrienden.nl\/de\/wp-json\/wp\/v2\/media\/1302"}],"wp:attachment":[{"href":"https:\/\/zillertalervrienden.nl\/de\/wp-json\/wp\/v2\/media?parent=1301"}],"wp:term":[{"taxonomy":"product_brand","embeddable":true,"href":"https:\/\/zillertalervrienden.nl\/de\/wp-json\/wp\/v2\/product_brand?post=1301"},{"taxonomy":"product_cat","embeddable":true,"href":"https:\/\/zillertalervrienden.nl\/de\/wp-json\/wp\/v2\/product_cat?post=1301"},{"taxonomy":"product_tag","embeddable":true,"href":"https:\/\/zillertalervrienden.nl\/de\/wp-json\/wp\/v2\/product_tag?post=1301"}],"curies":[{"name":"wp","href":"https:\/\/api.w.org\/{rel}","templated":true}]}}