{"id":1307,"date":"2025-12-12T10:26:29","date_gmt":"2025-12-12T10:26:29","guid":{"rendered":"https:\/\/zillertalervrienden.nl\/product\/kalender-2026-blau\/"},"modified":"2025-12-22T10:36:34","modified_gmt":"2025-12-22T10:36:34","slug":"kalender-2026-blau","status":"publish","type":"product","link":"https:\/\/zillertalervrienden.nl\/de\/produkt\/kalender-2026-blau\/","title":{"rendered":"Kalender 2026 (Blau)"},"content":{"rendered":"<p>Entdecken Sie die Sch\u00f6nheit des Zillertals mit unserem einzigartigen Kalender Zillertaler Vrienden 2026 (Blau)!<\/p>\n<p>Dieser wundersch\u00f6ne Kalender, der von echten Freunden erstellt wurde, bringt Ihnen das ganze Jahr \u00fcber inspirierende Bilder und Erinnerungen aus der bezaubernden Zillertal-Region.<\/p>\n<p>Nicht nur eine wundersch\u00f6ne Dekoration f\u00fcr die Wand, sondern auch funktional, um Ihre Termine, Veranstaltungen und besonderen Momente festzuhalten. Der Kalender bietet ausreichend Platz f\u00fcr Notizen und wichtige Daten. <\/p>\n<p>Suchen Sie ein einzigartiges und bedeutungsvolles Geschenk f\u00fcr Freunde und Familie? Der Kalender Zillertaler Vrienden 2026 ist ein tolles Geschenk f\u00fcr jeden Anlass, von Weihnachten bis zum Geburtstag. <\/p>\n<p>Abmessung: A4 mit Spiralbindung<\/p>\n","protected":false},"excerpt":{"rendered":"<p>Entdecken Sie die Sch\u00f6nheit des Zillertals mit unserem einzigartigen Kalender Zillertaler Vrienden 2026 (Blau)! Dieser wundersch\u00f6ne Kalender, der von echten Freunden erstellt wurde, bringt Ihnen das ganze Jahr \u00fcber inspirierende [&hellip;]<\/p>\n","protected":false},"featured_media":1308,"comment_status":"open","ping_status":"closed","template":"","meta":{"_acf_changed":false},"product_brand":[],"product_cat":[104],"product_tag":[],"class_list":{"0":"post-1307","1":"product","2":"type-product","3":"status-publish","4":"has-post-thumbnail","6":"product_cat-kalender","8":"first","9":"instock","10":"sale","11":"shipping-taxable","12":"purchasable","13":"product-type-simple"},"acf":[],"jetpack_sharing_enabled":true,"_links":{"self":[{"href":"https:\/\/zillertalervrienden.nl\/de\/wp-json\/wp\/v2\/product\/1307","targetHints":{"allow":["GET"]}}],"collection":[{"href":"https:\/\/zillertalervrienden.nl\/de\/wp-json\/wp\/v2\/product"}],"about":[{"href":"https:\/\/zillertalervrienden.nl\/de\/wp-json\/wp\/v2\/types\/product"}],"replies":[{"embeddable":true,"href":"https:\/\/zillertalervrienden.nl\/de\/wp-json\/wp\/v2\/comments?post=1307"}],"wp:featuredmedia":[{"embeddable":true,"href":"https:\/\/zillertalervrienden.nl\/de\/wp-json\/wp\/v2\/media\/1308"}],"wp:attachment":[{"href":"https:\/\/zillertalervrienden.nl\/de\/wp-json\/wp\/v2\/media?parent=1307"}],"wp:term":[{"taxonomy":"product_brand","embeddable":true,"href":"https:\/\/zillertalervrienden.nl\/de\/wp-json\/wp\/v2\/product_brand?post=1307"},{"taxonomy":"product_cat","embeddable":true,"href":"https:\/\/zillertalervrienden.nl\/de\/wp-json\/wp\/v2\/product_cat?post=1307"},{"taxonomy":"product_tag","embeddable":true,"href":"https:\/\/zillertalervrienden.nl\/de\/wp-json\/wp\/v2\/product_tag?post=1307"}],"curies":[{"name":"wp","href":"https:\/\/api.w.org\/{rel}","templated":true}]}}