{"id":1333,"date":"2025-12-12T10:26:29","date_gmt":"2025-12-12T10:26:29","guid":{"rendered":"https:\/\/zillertalervrienden.nl\/product\/holzloeffel-mit-hirschmotiv-2er-set\/"},"modified":"2026-04-11T21:48:21","modified_gmt":"2026-04-11T20:48:21","slug":"holzloeffel-mit-hirschmotiv-2er-set","status":"publish","type":"product","link":"https:\/\/zillertalervrienden.nl\/de\/produkt\/holzloeffel-mit-hirschmotiv-2er-set\/","title":{"rendered":"Holzl\u00f6ffel mit Hirschmotiv (2er-Set)"},"content":{"rendered":"<p>Holzl\u00f6ffel mit Hirschmotiv mit einem Hauch von Zillertal<\/p>\n<p>Verleihen Sie Ihrer K\u00fcche oder Tischdekoration einen rustikalen und nat\u00fcrlichen Akzent mit unseren Holzl\u00f6ffeln, die mit einem sch\u00f6nen Hirschmotiv und dem Flair des sch\u00f6nen Zillertals verziert sind. Perfekt f\u00fcr den Einsatz beim Kochen, Servieren oder als dekoratives Geschenk f\u00fcr Naturliebhaber. <\/p>\n<p>Warum unsere Holzl\u00f6ffel mit Hirschmotiv w\u00e4hlen?<\/p>\n<p>* \ud83c\udf74 Vielseitig einsetzbar: Ideal zum Kochen, Servieren oder als wundersch\u00f6ne Dekoration in Ihrer K\u00fcche oder Voliere.<br \/>\n* \ud83c\udfe1 Perfekt f\u00fcr: Festliches Kochen und Backen, ideales Weihnachtsgeschenk, Weihnachtspfannenwender, festliche K\u00fcchenutensilien.<br \/>\n* \ud83c\udf81 Perfekt als Geschenk: Ein einzigartiges und nat\u00fcrliches Geschenk f\u00fcr Naturliebhaber und Liebhaber alpiner Atmosph\u00e4re. 2er-Set <\/p>\n<p>Verleihen Sie mit unseren Holzl\u00f6ffeln mit Hirschmotiv einen nat\u00fcrlichen, alpinen Touch!<\/p>\n<p>Abmessungen ca.: L\u00e4nge 30 cm, Breite 6 cm<\/p>\n<p>Bestellen Sie jetzt und bereichern Sie Ihre K\u00fcche mit Stil und nat\u00fcrlicher Sch\u00f6nheit!<\/p>\n","protected":false},"excerpt":{"rendered":"<p>Holzl\u00f6ffel mit Hirschmotiv mit einem Hauch von Zillertal Verleihen Sie Ihrer K\u00fcche oder Tischdekoration einen rustikalen und nat\u00fcrlichen Akzent mit unseren Holzl\u00f6ffeln, die mit einem sch\u00f6nen Hirschmotiv und dem Flair [&hellip;]<\/p>\n","protected":false},"featured_media":1334,"comment_status":"open","ping_status":"closed","template":"","meta":{"_acf_changed":false},"product_brand":[],"product_cat":[89],"product_tag":[],"class_list":{"0":"post-1333","1":"product","2":"type-product","3":"status-publish","4":"has-post-thumbnail","6":"product_cat-holz","8":"first","9":"instock","10":"sale","11":"shipping-taxable","12":"purchasable","13":"product-type-simple"},"acf":[],"jetpack_sharing_enabled":true,"_links":{"self":[{"href":"https:\/\/zillertalervrienden.nl\/de\/wp-json\/wp\/v2\/product\/1333","targetHints":{"allow":["GET"]}}],"collection":[{"href":"https:\/\/zillertalervrienden.nl\/de\/wp-json\/wp\/v2\/product"}],"about":[{"href":"https:\/\/zillertalervrienden.nl\/de\/wp-json\/wp\/v2\/types\/product"}],"replies":[{"embeddable":true,"href":"https:\/\/zillertalervrienden.nl\/de\/wp-json\/wp\/v2\/comments?post=1333"}],"wp:featuredmedia":[{"embeddable":true,"href":"https:\/\/zillertalervrienden.nl\/de\/wp-json\/wp\/v2\/media\/1334"}],"wp:attachment":[{"href":"https:\/\/zillertalervrienden.nl\/de\/wp-json\/wp\/v2\/media?parent=1333"}],"wp:term":[{"taxonomy":"product_brand","embeddable":true,"href":"https:\/\/zillertalervrienden.nl\/de\/wp-json\/wp\/v2\/product_brand?post=1333"},{"taxonomy":"product_cat","embeddable":true,"href":"https:\/\/zillertalervrienden.nl\/de\/wp-json\/wp\/v2\/product_cat?post=1333"},{"taxonomy":"product_tag","embeddable":true,"href":"https:\/\/zillertalervrienden.nl\/de\/wp-json\/wp\/v2\/product_tag?post=1333"}],"curies":[{"name":"wp","href":"https:\/\/api.w.org\/{rel}","templated":true}]}}