{"id":1337,"date":"2025-12-12T10:26:29","date_gmt":"2025-12-12T10:26:29","guid":{"rendered":"https:\/\/zillertalervrienden.nl\/product\/hirschkopf-mit-tannenzapfen-herbstblaettern-geschirrtuecher-2er-set\/"},"modified":"2025-12-12T10:26:29","modified_gmt":"2025-12-12T10:26:29","slug":"hirschkopf-mit-tannenzapfen-herbstblaettern-geschirrtuecher-2er-set","status":"publish","type":"product","link":"https:\/\/zillertalervrienden.nl\/de\/produkt\/hirschkopf-mit-tannenzapfen-herbstblaettern-geschirrtuecher-2er-set\/","title":{"rendered":"Hirschkopf mit Tannenzapfen &amp; Herbstbl\u00e4ttern Geschirrt\u00fccher (2er-Set)"},"content":{"rendered":"<p>Hirschkopf mit Tannenzapfen &amp; Herbstbl\u00e4ttern \u2013 Geschirrt\u00fccher (2er-Set)<\/p>\n<p>Bringen Sie die warme, rustikale Atmosph\u00e4re der Natur in Ihre K\u00fcche mit unseren wundersch\u00f6nen Geschirrt\u00fcchern! Dieses stimmungsvolle Set zeigt einen eleganten Hirschkopf, umgeben von Tannenzapfen und Herbstbl\u00e4ttern \u2013 perfekt f\u00fcr einen l\u00e4ndlichen oder alpinen Look. <\/p>\n<p>Warum unsere Geschirrt\u00fccher w\u00e4hlen?<\/p>\n<p>* \ud83c\udf41 Nat\u00fcrlicher und stimmungsvoller Druck: Eine stilvolle Abbildung eines Hirschkopfes mit Tannenzapfen und Herbstbl\u00e4ttern f\u00fcr eine gem\u00fctliche, l\u00e4ndliche Atmosph\u00e4re.<br \/>\n* \ud83e\uddfb Weiches und saugf\u00e4higes Material: Ideal f\u00fcr den t\u00e4glichen Gebrauch und zum Trocknen Ihrer H\u00e4nde oder Ihres Geschirrs.<br \/>\n* \ud83c\udfa8 Dekorativ und funktionell: Neben dem praktischen Nutzen verleihen sie Ihrer K\u00fcche oder Ihrem Esszimmer einen charmanten, l\u00e4ndlichen Touch.<br \/>\n* \ud83c\udf81 Perfekt als Geschenk: Eine sch\u00f6ne Geschenkidee f\u00fcr Liebhaber der Natur, des Herbstes oder l\u00e4ndlicher Einrichtungen!<\/p>\n<p>Abmessungen ca.: 41 cm x 61 cm<\/p>\n<p>Saugf\u00e4hige Polyester Gro\u00dfe Geschirrt\u00fccher<\/p>\n<p>Machen Sie Ihre K\u00fcche warm und einladend mit diesem wundersch\u00f6nen Set Geschirrt\u00fccher!<br \/>\nBestellen Sie jetzt und f\u00fcgen Sie Ihrem Zuhause einen rustikalen Alpenakzent hinzu!<\/p>\n","protected":false},"excerpt":{"rendered":"<p>Hirschkopf mit Tannenzapfen &amp; Herbstbl\u00e4ttern \u2013 Geschirrt\u00fccher (2er-Set) Bringen Sie die warme, rustikale Atmosph\u00e4re der Natur in Ihre K\u00fcche mit unseren wundersch\u00f6nen Geschirrt\u00fcchern! Dieses stimmungsvolle Set zeigt einen eleganten Hirschkopf, [&hellip;]<\/p>\n","protected":false},"featured_media":1338,"comment_status":"open","ping_status":"closed","template":"","meta":{"_acf_changed":false},"product_brand":[],"product_cat":[87],"product_tag":[],"class_list":{"0":"post-1337","1":"product","2":"type-product","3":"status-publish","4":"has-post-thumbnail","6":"product_cat-verschiedenes","8":"first","9":"instock","10":"shipping-taxable","11":"purchasable","12":"product-type-simple"},"acf":[],"jetpack_sharing_enabled":true,"_links":{"self":[{"href":"https:\/\/zillertalervrienden.nl\/de\/wp-json\/wp\/v2\/product\/1337","targetHints":{"allow":["GET"]}}],"collection":[{"href":"https:\/\/zillertalervrienden.nl\/de\/wp-json\/wp\/v2\/product"}],"about":[{"href":"https:\/\/zillertalervrienden.nl\/de\/wp-json\/wp\/v2\/types\/product"}],"replies":[{"embeddable":true,"href":"https:\/\/zillertalervrienden.nl\/de\/wp-json\/wp\/v2\/comments?post=1337"}],"wp:featuredmedia":[{"embeddable":true,"href":"https:\/\/zillertalervrienden.nl\/de\/wp-json\/wp\/v2\/media\/1338"}],"wp:attachment":[{"href":"https:\/\/zillertalervrienden.nl\/de\/wp-json\/wp\/v2\/media?parent=1337"}],"wp:term":[{"taxonomy":"product_brand","embeddable":true,"href":"https:\/\/zillertalervrienden.nl\/de\/wp-json\/wp\/v2\/product_brand?post=1337"},{"taxonomy":"product_cat","embeddable":true,"href":"https:\/\/zillertalervrienden.nl\/de\/wp-json\/wp\/v2\/product_cat?post=1337"},{"taxonomy":"product_tag","embeddable":true,"href":"https:\/\/zillertalervrienden.nl\/de\/wp-json\/wp\/v2\/product_tag?post=1337"}],"curies":[{"name":"wp","href":"https:\/\/api.w.org\/{rel}","templated":true}]}}