{"id":1343,"date":"2025-12-12T10:26:28","date_gmt":"2025-12-12T10:26:28","guid":{"rendered":"https:\/\/zillertalervrienden.nl\/product\/handwaermer\/"},"modified":"2026-04-17T22:18:08","modified_gmt":"2026-04-17T21:18:08","slug":"handwaermer","status":"publish","type":"product","link":"https:\/\/zillertalervrienden.nl\/de\/produkt\/handwaermer\/","title":{"rendered":"Handw\u00e4rmer"},"content":{"rendered":"<p>Erg\u00e4nze deine Winterausr\u00fcstung mit einem St\u00fcck \u00f6sterreichischer Tradition und genie\u00dfe jederzeit warme H\u00e4nde!<\/p>\n<p>Diese traditionellen Handw\u00e4rmer bringen nicht nur Komfort an kalten Tagen, sondern auch ein St\u00fcck \u00f6sterreichische Kultur und Handwerkskunst. Perfekt f\u00fcr Wintersport, Wanderungen oder einfach, um deine H\u00e4nde mit wohliger W\u00e4rme zu verw\u00f6hnen! <\/p>\n<p>Gebrauchsanweisung:<\/p>\n<p>1. Vor Gebrauch ca. 8 Minuten in kochendes Wasser legen.<br \/>\n2. Die Metallpl\u00e4ttchen im Beutel ein- oder zweimal knicken, wodurch die Fl\u00fcssigkeit kristallisiert.<br \/>\n3. Der Handw\u00e4rmer erw\u00e4rmt sich nun auf 50 bis 55 Grad Celsius und k\u00fchlt danach, abh\u00e4ngig von der Au\u00dfentemperatur, in etwa 1 Stunde wieder ab.<br \/>\n4. Wiederhole die Schritte 1-3, um ihn erneut zu verwenden.<\/p>\n<p>WARNUNG:<br \/>\nDIES IST KEIN SPIELZEUG!! AUSSERHALB DER REICHWEITE VON KINDERN AUFBEWAHREN!<br \/>\nNICHT MIT SCHARFEN GEGENST\u00c4NDEN SCHNEIDEN!<br \/>\nNICHT DIREKT NACH DEM ERW\u00c4RMEN VERWENDEN!<br \/>\nNICHT IN DER MIKROWELLE ERW\u00c4RMEN!<br \/>\nDEN INHALT NICHT VERSCHLUCKEN!<\/p>\n<p>Inhalt:<br \/>\nKristallines Natriumacetat, Wasser, Edelstahl<\/p>\n<p>NUR SOLANGE DER VORRAT REICHT<\/p>\n","protected":false},"excerpt":{"rendered":"<p>Erg\u00e4nze deine Winterausr\u00fcstung mit einem St\u00fcck \u00f6sterreichischer Tradition und genie\u00dfe jederzeit warme H\u00e4nde! Diese traditionellen Handw\u00e4rmer bringen nicht nur Komfort an kalten Tagen, sondern auch ein St\u00fcck \u00f6sterreichische Kultur und [&hellip;]<\/p>\n","protected":false},"featured_media":1344,"comment_status":"open","ping_status":"closed","template":"","meta":{"_acf_changed":false},"product_brand":[],"product_cat":[87],"product_tag":[],"class_list":{"0":"post-1343","1":"product","2":"type-product","3":"status-publish","4":"has-post-thumbnail","6":"product_cat-verschiedenes","8":"first","9":"instock","10":"shipping-taxable","11":"purchasable","12":"product-type-simple"},"acf":[],"jetpack_sharing_enabled":true,"_links":{"self":[{"href":"https:\/\/zillertalervrienden.nl\/de\/wp-json\/wp\/v2\/product\/1343","targetHints":{"allow":["GET"]}}],"collection":[{"href":"https:\/\/zillertalervrienden.nl\/de\/wp-json\/wp\/v2\/product"}],"about":[{"href":"https:\/\/zillertalervrienden.nl\/de\/wp-json\/wp\/v2\/types\/product"}],"replies":[{"embeddable":true,"href":"https:\/\/zillertalervrienden.nl\/de\/wp-json\/wp\/v2\/comments?post=1343"}],"wp:featuredmedia":[{"embeddable":true,"href":"https:\/\/zillertalervrienden.nl\/de\/wp-json\/wp\/v2\/media\/1344"}],"wp:attachment":[{"href":"https:\/\/zillertalervrienden.nl\/de\/wp-json\/wp\/v2\/media?parent=1343"}],"wp:term":[{"taxonomy":"product_brand","embeddable":true,"href":"https:\/\/zillertalervrienden.nl\/de\/wp-json\/wp\/v2\/product_brand?post=1343"},{"taxonomy":"product_cat","embeddable":true,"href":"https:\/\/zillertalervrienden.nl\/de\/wp-json\/wp\/v2\/product_cat?post=1343"},{"taxonomy":"product_tag","embeddable":true,"href":"https:\/\/zillertalervrienden.nl\/de\/wp-json\/wp\/v2\/product_tag?post=1343"}],"curies":[{"name":"wp","href":"https:\/\/api.w.org\/{rel}","templated":true}]}}