{"id":1346,"date":"2025-12-12T10:26:28","date_gmt":"2025-12-12T10:26:28","guid":{"rendered":"https:\/\/zillertalervrienden.nl\/product\/halskette-edelweiss-gruen\/"},"modified":"2025-12-12T10:26:28","modified_gmt":"2025-12-12T10:26:28","slug":"halskette-edelweiss-gruen","status":"publish","type":"product","link":"https:\/\/zillertalervrienden.nl\/de\/produkt\/halskette-edelweiss-gruen\/","title":{"rendered":"Halskette Edelweiss Gr\u00fcn"},"content":{"rendered":"<p>Edelweiss Kette \u2013 Ein zeitloses Schmuckst\u00fcck f\u00fcr jeden Anlass<\/p>\n<p>Bringen Sie die Sch\u00f6nheit der Berge in Ihre Schmuckkollektion mit unserer wundersch\u00f6nen Edelweiss Kette. Dieses einzigartige Schmuckst\u00fcck ist von der zarten Edelweiss Blume inspiriert, einem Symbol f\u00fcr Reinheit und Adel, das in den h\u00f6chsten Berggipfeln w\u00e4chst. <\/p>\n<p>Verw\u00f6hnen Sie sich selbst oder einen anderen mit dieser bezaubernden Edelweiss Kette und tragen Sie ein St\u00fcck Natur nah an Ihrem Herzen!<\/p>\n<p>Farbe: Gr\u00fcn<\/p>\n<p>Im Preis sind die Versandkosten INKLUSIVE.<\/p>\n<p>ACHTUNG!! DER VORRAT IST SEHR BEGRENZT!!! <\/p>\n<p>WEG=WEG.<\/p>\n<p>Bestellungen m\u00fcssen innerhalb von 48 Stunden bezahlt werden. Andernfalls wird Ihre Bestellung storniert!!! <\/p>\n","protected":false},"excerpt":{"rendered":"<p>Edelweiss Kette \u2013 Ein zeitloses Schmuckst\u00fcck f\u00fcr jeden Anlass Bringen Sie die Sch\u00f6nheit der Berge in Ihre Schmuckkollektion mit unserer wundersch\u00f6nen Edelweiss Kette. Dieses einzigartige Schmuckst\u00fcck ist von der zarten [&hellip;]<\/p>\n","protected":false},"featured_media":1622,"comment_status":"open","ping_status":"closed","template":"","meta":{"_acf_changed":false},"product_brand":[],"product_cat":[114],"product_tag":[],"class_list":{"0":"post-1346","1":"product","2":"type-product","3":"status-publish","4":"has-post-thumbnail","6":"product_cat-schmuck","8":"first","9":"instock","10":"shipping-taxable","11":"purchasable","12":"product-type-simple"},"acf":[],"jetpack_sharing_enabled":true,"_links":{"self":[{"href":"https:\/\/zillertalervrienden.nl\/de\/wp-json\/wp\/v2\/product\/1346","targetHints":{"allow":["GET"]}}],"collection":[{"href":"https:\/\/zillertalervrienden.nl\/de\/wp-json\/wp\/v2\/product"}],"about":[{"href":"https:\/\/zillertalervrienden.nl\/de\/wp-json\/wp\/v2\/types\/product"}],"replies":[{"embeddable":true,"href":"https:\/\/zillertalervrienden.nl\/de\/wp-json\/wp\/v2\/comments?post=1346"}],"wp:featuredmedia":[{"embeddable":true,"href":"https:\/\/zillertalervrienden.nl\/de\/wp-json\/wp\/v2\/media\/1622"}],"wp:attachment":[{"href":"https:\/\/zillertalervrienden.nl\/de\/wp-json\/wp\/v2\/media?parent=1346"}],"wp:term":[{"taxonomy":"product_brand","embeddable":true,"href":"https:\/\/zillertalervrienden.nl\/de\/wp-json\/wp\/v2\/product_brand?post=1346"},{"taxonomy":"product_cat","embeddable":true,"href":"https:\/\/zillertalervrienden.nl\/de\/wp-json\/wp\/v2\/product_cat?post=1346"},{"taxonomy":"product_tag","embeddable":true,"href":"https:\/\/zillertalervrienden.nl\/de\/wp-json\/wp\/v2\/product_tag?post=1346"}],"curies":[{"name":"wp","href":"https:\/\/api.w.org\/{rel}","templated":true}]}}