{"id":1350,"date":"2025-12-12T10:26:27","date_gmt":"2025-12-12T10:26:27","guid":{"rendered":"https:\/\/zillertalervrienden.nl\/product\/dekobrett-nimm-dir-zeit-1-edelweiss\/"},"modified":"2025-12-30T20:39:59","modified_gmt":"2025-12-30T20:39:59","slug":"dekobrett-nimm-dir-zeit-1-edelweiss","status":"publish","type":"product","link":"https:\/\/zillertalervrienden.nl\/de\/produkt\/dekobrett-nimm-dir-zeit-1-edelweiss\/","title":{"rendered":"Dekobrett Nimm dir Zeit 1 Edelwei\u00df"},"content":{"rendered":"<p><strong>Bringen Sie die nat\u00fcrliche Sch\u00f6nheit der Alpen in Ihr Zuhause mit unserem wundersch\u00f6nen Dekobrett mit gemaltem Edelwei\u00df!<\/strong><\/p>\n<p>Wundersch\u00f6nes handgemaltes Design: Mit einem detaillierten und k\u00fcnstlerisch gemalten Edelwei\u00df bringt dieses Brett die Authentizit\u00e4t der Alpen direkt in Ihr Zuhause. Es ist ein wundersch\u00f6nes Dekorationselement, das jede Wand oder jedes Regal aufwerten kann. <\/p>\n<p>Ungef\u00e4hre Abmessungen: Breite 25 cm, H\u00f6he 8 cm, Dicke 1,5 cm<\/p>\n<p><strong>Im Preis sind die Versandkosten INKLUSIVE.<\/strong><\/p>\n<p>&nbsp;<\/p>\n","protected":false},"excerpt":{"rendered":"<p>Bringen Sie die nat\u00fcrliche Sch\u00f6nheit der Alpen in Ihr Zuhause mit unserem wundersch\u00f6nen Dekobrett mit gemaltem Edelwei\u00df! Wundersch\u00f6nes handgemaltes Design: Mit einem detaillierten und k\u00fcnstlerisch gemalten Edelwei\u00df bringt dieses Brett [&hellip;]<\/p>\n","protected":false},"featured_media":1628,"comment_status":"open","ping_status":"closed","template":"","meta":{"_acf_changed":false},"product_brand":[],"product_cat":[89],"product_tag":[],"class_list":{"0":"post-1350","1":"product","2":"type-product","3":"status-publish","4":"has-post-thumbnail","6":"product_cat-holz","8":"first","9":"instock","10":"shipping-taxable","11":"purchasable","12":"product-type-simple"},"acf":[],"jetpack_sharing_enabled":true,"_links":{"self":[{"href":"https:\/\/zillertalervrienden.nl\/de\/wp-json\/wp\/v2\/product\/1350","targetHints":{"allow":["GET"]}}],"collection":[{"href":"https:\/\/zillertalervrienden.nl\/de\/wp-json\/wp\/v2\/product"}],"about":[{"href":"https:\/\/zillertalervrienden.nl\/de\/wp-json\/wp\/v2\/types\/product"}],"replies":[{"embeddable":true,"href":"https:\/\/zillertalervrienden.nl\/de\/wp-json\/wp\/v2\/comments?post=1350"}],"wp:featuredmedia":[{"embeddable":true,"href":"https:\/\/zillertalervrienden.nl\/de\/wp-json\/wp\/v2\/media\/1628"}],"wp:attachment":[{"href":"https:\/\/zillertalervrienden.nl\/de\/wp-json\/wp\/v2\/media?parent=1350"}],"wp:term":[{"taxonomy":"product_brand","embeddable":true,"href":"https:\/\/zillertalervrienden.nl\/de\/wp-json\/wp\/v2\/product_brand?post=1350"},{"taxonomy":"product_cat","embeddable":true,"href":"https:\/\/zillertalervrienden.nl\/de\/wp-json\/wp\/v2\/product_cat?post=1350"},{"taxonomy":"product_tag","embeddable":true,"href":"https:\/\/zillertalervrienden.nl\/de\/wp-json\/wp\/v2\/product_tag?post=1350"}],"curies":[{"name":"wp","href":"https:\/\/api.w.org\/{rel}","templated":true}]}}