{"id":1370,"date":"2025-12-12T10:26:28","date_gmt":"2025-12-12T10:26:28","guid":{"rendered":"https:\/\/zillertalervrienden.nl\/product\/hirsch-ohrringe-aus-edelmetall-goldfarben\/"},"modified":"2026-04-11T21:48:20","modified_gmt":"2026-04-11T20:48:20","slug":"hirsch-ohrringe-aus-edelmetall-goldfarben","status":"publish","type":"product","link":"https:\/\/zillertalervrienden.nl\/de\/produkt\/hirsch-ohrringe-aus-edelmetall-goldfarben\/","title":{"rendered":"Hirsch-Ohrringe aus Edelmetall, goldfarben"},"content":{"rendered":"<p>Hirsch-Ohrringe aus Edelmetall, goldfarben<\/p>\n<p>Entdecke unsere wundersch\u00f6nen Hirsch-Ohrringe mit niedlichen Icons! \ud83e\udd8c\u2728 Diese stilvollen Ohrringe kombinieren ein nat\u00fcrliches Hirschmotiv mit verspielten Icons, was sie zu einem einzigartigen und auff\u00e4lligen Accessoire macht. Perfekt f\u00fcr Liebhaber der Natur, der Berge und des alpinen Stils. Verleihe deinem Outfit einen l\u00e4ndlichen und gem\u00fctlichen Touch oder trage sie als Symbol der Ruhe und Sch\u00f6nheit aus der Natur. Bestell jetzt und f\u00fcge deinem Look einen nat\u00fcrlich eleganten Akzent hinzu!    <\/p>\n<p>Entdecke unsere wundersch\u00f6nen, rostfreien, edelmetallfarbenen, goldfarbenen, hypoallergenen, hirschf\u00f6rmigen Ohrringe! \ud83e\udd8c\u2728<br \/>\n\ud83c\udf1f Hypoallergen \u2013 Perfekt f\u00fcr empfindliche Ohren und t\u00e4glichen Tragekomfort<br \/>\n\ud83c\udf3f Rostfreier Stahl \u2013 Langlebig, kratzfest und sch\u00f6n gl\u00e4nzend<br \/>\n\ud83e\udd8cEinzigartiges Hirschmotiv \u2013 Symbol f\u00fcr Natur, Ruhe und Eleganz<br \/>\n\u2728Stilvoll und zeitlos \u2013 Ein sch\u00f6nes Accessoire f\u00fcr jede Gelegenheit <\/p>\n<p>\ud83c\udf81Perfekt als Geschenk \u2013 F\u00fcr Naturliebhaber und Liebhaber des alpinen Stils<\/p>\n<p>Verleihe deinem Look einen Hauch von Natur und Eleganz! \ud83c\udf3f<\/p>\n<p>\ud83d\udc49 Bestell jetzt und trag die Sch\u00f6nheit der Berge immer bei dir!<\/p>\n","protected":false},"excerpt":{"rendered":"<p>Hirsch-Ohrringe aus Edelmetall, goldfarben Entdecke unsere wundersch\u00f6nen Hirsch-Ohrringe mit niedlichen Icons! \ud83e\udd8c\u2728 Diese stilvollen Ohrringe kombinieren ein nat\u00fcrliches Hirschmotiv mit verspielten Icons, was sie zu einem einzigartigen und auff\u00e4lligen Accessoire [&hellip;]<\/p>\n","protected":false},"featured_media":1371,"comment_status":"open","ping_status":"closed","template":"","meta":{"_acf_changed":false},"product_brand":[],"product_cat":[114],"product_tag":[],"class_list":{"0":"post-1370","1":"product","2":"type-product","3":"status-publish","4":"has-post-thumbnail","6":"product_cat-schmuck","8":"first","9":"instock","10":"sale","11":"shipping-taxable","12":"purchasable","13":"product-type-simple"},"acf":[],"jetpack_sharing_enabled":true,"_links":{"self":[{"href":"https:\/\/zillertalervrienden.nl\/de\/wp-json\/wp\/v2\/product\/1370","targetHints":{"allow":["GET"]}}],"collection":[{"href":"https:\/\/zillertalervrienden.nl\/de\/wp-json\/wp\/v2\/product"}],"about":[{"href":"https:\/\/zillertalervrienden.nl\/de\/wp-json\/wp\/v2\/types\/product"}],"replies":[{"embeddable":true,"href":"https:\/\/zillertalervrienden.nl\/de\/wp-json\/wp\/v2\/comments?post=1370"}],"wp:featuredmedia":[{"embeddable":true,"href":"https:\/\/zillertalervrienden.nl\/de\/wp-json\/wp\/v2\/media\/1371"}],"wp:attachment":[{"href":"https:\/\/zillertalervrienden.nl\/de\/wp-json\/wp\/v2\/media?parent=1370"}],"wp:term":[{"taxonomy":"product_brand","embeddable":true,"href":"https:\/\/zillertalervrienden.nl\/de\/wp-json\/wp\/v2\/product_brand?post=1370"},{"taxonomy":"product_cat","embeddable":true,"href":"https:\/\/zillertalervrienden.nl\/de\/wp-json\/wp\/v2\/product_cat?post=1370"},{"taxonomy":"product_tag","embeddable":true,"href":"https:\/\/zillertalervrienden.nl\/de\/wp-json\/wp\/v2\/product_tag?post=1370"}],"curies":[{"name":"wp","href":"https:\/\/api.w.org\/{rel}","templated":true}]}}