{"id":1480,"date":"2025-12-22T12:18:52","date_gmt":"2025-12-22T12:18:52","guid":{"rendered":"https:\/\/zillertalervrienden.nl\/product\/geldboersen-schluesselanhaenger-set\/"},"modified":"2025-12-24T09:47:23","modified_gmt":"2025-12-24T09:47:23","slug":"geldboersen-schluesselanhaenger-set","status":"publish","type":"product","link":"https:\/\/zillertalervrienden.nl\/de\/produkt\/geldboersen-schluesselanhaenger-set\/","title":{"rendered":"Geldb\u00f6rsen-Schl\u00fcsselanh\u00e4nger (Set)"},"content":{"rendered":"<div class=\"react-scroll-to-bottom--css-kwkox-1n7m0yu _chat-scroller__scroll_1ydqw_373\">\n<div class=\"_message-list_1ydqw_363\">\n<div class=\"_container_1ydqw_1\">\n<div class=\"_container__content_1ydqw_29\">\n<div class=\"_container__message_1ydqw_21 _container__message--assistant_1ydqw_121\">\n<div class=\"_message_1ydqw_46\">\n<div class=\"_message__content_1ydqw_113\">\n<div>\n<div class=\"_message-content_7o4mm_2 _container__message-content_1ydqw_21 _message-content--markdown_7o4mm_2\">\n<p>\ud83c\udf812-teiliges Set aus Kunstleder-Hirschkopf-Etui und Schl\u00fcsselanh\u00e4nger! \ud83e\udd8c\u2728<\/p>\n<p>Verleihen Sie Ihren Alltagsaccessoires mit unserem wundersch\u00f6nen 2-teiligen Set aus Kunstleder-Hirschkopf-Etui und Schl\u00fcsselanh\u00e4nger einen Hauch von Charme und Funktionalit\u00e4t! Dieses Set ist perfekt f\u00fcr alle, die Natur und einzigartige Designs lieben.<\/p>\n<p><strong>Warum sollten Sie sich f\u00fcr unser Set entscheiden?<\/strong><\/p>\n<ul>\n<li>\ud83e\udd8c Stilvolles und einzigartiges Design: Das niedliche Hirschkopf-Design macht diese Taschen und Schl\u00fcsselanh\u00e4nger nicht nur praktisch, sondern auch zu einem modischen Statement.<\/li>\n<li>\ud83c\udf92 Vielseitige Verwendungsm\u00f6glichkeiten: Perfekt zur Aufbewahrung kleiner Dinge wie Schl\u00fcssel, M\u00fcnzen oder Kosmetika; ideal f\u00fcr den t\u00e4glichen Gebrauch oder unterwegs!<\/li>\n<li>\ud83c\udf81 Perfekte Geschenke: Dieses Set ist das ideale Geschenk f\u00fcr Weihnachten, Geburtstage, Thanksgiving und andere besondere Anl\u00e4sse. Etwas Einzigartiges, das garantiert gut ankommt!\n<\/li>\n<li>\ud83c\udf3f Strapazierf\u00e4higes Kunstleder: Dieses Set aus hochwertigem Kunstleder bietet einen luxuri\u00f6sen Look und ist zudem pflegeleicht.<\/li>\n<li>\ud83e\uddf8 Zeitlos und praktisch: Eine Kombination aus Stil und Funktionalit\u00e4t, die in jede Tasche passt.<\/li>\n<\/ul>\n<p><strong>Verschenken Sie ein besonderes Geschenk, das sowohl stilvoll als auch praktisch ist!<\/strong><\/p>\n<p><strong>Bestellen Sie jetzt Ihr 2-teiliges Kunstleder-Hirschkopf-T\u00e4schchen mit Schl\u00fcsselanh\u00e4nger-Set und zaubern Sie einem besonderen Menschen ein L\u00e4cheln ins Gesicht!<\/strong> \ud83c\udf1f\ud83e\udd8c<\/p>\n<\/div>\n<div class=\"_actions_1ydqw_326\">\n<div class=\"_tooltip_1lsuk_1 _tooltip--secondary_1lsuk_11\"><\/div>\n<\/div>\n<\/div>\n<\/div>\n<\/div>\n<\/div>\n<\/div>\n<\/div>\n<\/div>\n<\/div>\n","protected":false},"excerpt":{"rendered":"<div class=\"_content_ueyiz_1 _content_mfs8f_80\">\n<div class=\"react-scroll-to-bottom--css-zhlrl-79elbk _chat-scroller_1ydqw_370\">\n<div class=\"react-scroll-to-bottom--css-zhlrl-1n7m0yu _chat-scroller__scroll_1ydqw_373\">\n<div class=\"_message-list_1ydqw_363\">\n<div class=\"_container_1ydqw_1\">\n<div class=\"_container__content_1ydqw_29\">\n<div class=\"_container__message_1ydqw_21 _container__message--assistant_1ydqw_121\">\n<div class=\"_message_1ydqw_46\">\n<div class=\"_message__content_1ydqw_113\">\n<div>\n<div class=\"_message-content_7o4mm_2 _container__message-content_1ydqw_21 _message-content--markdown_7o4mm_2\">\n<p>\ud83c\udf812-teiliges Set aus Kunstleder-Hirschkopf-Etui und Schl\u00fcsselanh\u00e4nger! \ud83e\udd8c\u2728<\/p>\n<p>Verleihen Sie Ihren Alltagsaccessoires mit unserem wundersch\u00f6nen 2-teiligen Set aus Kunstleder-Hirschkopf-Etui und Schl\u00fcsselanh\u00e4nger einen Hauch von Charme und Funktionalit\u00e4t! Dieses Set ist perfekt f\u00fcr alle, die Natur und einzigartige Designs lieben.<\/p>\n<h3>Warum sollten Sie sich f\u00fcr unser Set entscheiden?<\/h3>\n<ul>\n<li>\ud83e\udd8c Stilvolles und einzigartiges Design: Das niedliche Hirschkopf-Design macht diese Taschen und Schl\u00fcsselanh\u00e4nger nicht nur praktisch, sondern auch zu einem modischen Statement.<\/li>\n<li>\ud83c\udf92 Vielseitige Verwendungsm\u00f6glichkeiten: Perfekt zur Aufbewahrung kleiner Dinge wie Schl\u00fcssel, M\u00fcnzen oder Kosmetika; ideal f\u00fcr den t\u00e4glichen Gebrauch oder unterwegs!<\/li>\n<li>\ud83c\udf81 Perfekte Geschenke: Dieses Set ist das ideale Geschenk f\u00fcr Weihnachten, Geburtstage, Thanksgiving und andere besondere Anl\u00e4sse. Etwas Einzigartiges, das garantiert gut ankommt!\n<\/li>\n<li>\ud83c\udf3f Strapazierf\u00e4higes Kunstleder: Dieses Set aus hochwertigem Kunstleder bietet einen luxuri\u00f6sen Look und ist zudem pflegeleicht.<\/li>\n<li>\ud83e\uddf8 Zeitlos und praktisch: Eine Kombination aus Stil und Funktionalit\u00e4t, die in jede Tasche passt.<\/li>\n<\/ul>\n<h3>Verschenken Sie ein besonderes Geschenk, das sowohl stilvoll als auch praktisch ist!<\/h3>\n<p><strong>Bestellen Sie jetzt Ihr 2-teiliges Kunstleder-Hirschkopf-T\u00e4schchen mit Schl\u00fcsselanh\u00e4nger-Set und zaubern Sie einem besonderen Menschen ein L\u00e4cheln ins Gesicht!<\/strong> \ud83c\udf1f\ud83e\udd8c<\/p>\n<\/div>\n<\/div>\n<\/div>\n<\/div>\n<\/div>\n<\/div>\n<\/div>\n<\/div>\n<\/div>\n<\/div>\n<\/div>\n<div class=\"_bottom-content_mfs8f_103 _bottom-content--available_mfs8f_123 _bottom-content--warning_mfs8f_151\">\n<div class=\"_bottom-content__message-field_mfs8f_155\">\n<div class=\"_message-box_cafak_31 _message-box--available_cafak_79\">\n<div class=\"_message-box__content_cafak_63 _message-box--fit-content_cafak_51\">\n<form data-gtm-form-interact-id=\"0\">\n<div class=\"_messagebox_1sfl3_1 _messagebox--active-message_1sfl3_10\">\n<div class=\"_messagebox__input-container_1sfl3_78\"><\/div>\n<\/div>\n<\/form>\n<\/div>\n<\/div>\n<\/div>\n<\/div>\n","protected":false},"featured_media":1478,"comment_status":"open","ping_status":"closed","template":"","meta":{"_acf_changed":false},"product_brand":[],"product_cat":[87],"product_tag":[],"class_list":{"0":"post-1480","1":"product","2":"type-product","3":"status-publish","4":"has-post-thumbnail","6":"product_cat-verschiedenes","8":"first","9":"instock","10":"shipping-taxable","11":"purchasable","12":"product-type-simple"},"acf":[],"jetpack_sharing_enabled":true,"_links":{"self":[{"href":"https:\/\/zillertalervrienden.nl\/de\/wp-json\/wp\/v2\/product\/1480","targetHints":{"allow":["GET"]}}],"collection":[{"href":"https:\/\/zillertalervrienden.nl\/de\/wp-json\/wp\/v2\/product"}],"about":[{"href":"https:\/\/zillertalervrienden.nl\/de\/wp-json\/wp\/v2\/types\/product"}],"replies":[{"embeddable":true,"href":"https:\/\/zillertalervrienden.nl\/de\/wp-json\/wp\/v2\/comments?post=1480"}],"wp:featuredmedia":[{"embeddable":true,"href":"https:\/\/zillertalervrienden.nl\/de\/wp-json\/wp\/v2\/media\/1478"}],"wp:attachment":[{"href":"https:\/\/zillertalervrienden.nl\/de\/wp-json\/wp\/v2\/media?parent=1480"}],"wp:term":[{"taxonomy":"product_brand","embeddable":true,"href":"https:\/\/zillertalervrienden.nl\/de\/wp-json\/wp\/v2\/product_brand?post=1480"},{"taxonomy":"product_cat","embeddable":true,"href":"https:\/\/zillertalervrienden.nl\/de\/wp-json\/wp\/v2\/product_cat?post=1480"},{"taxonomy":"product_tag","embeddable":true,"href":"https:\/\/zillertalervrienden.nl\/de\/wp-json\/wp\/v2\/product_tag?post=1480"}],"curies":[{"name":"wp","href":"https:\/\/api.w.org\/{rel}","templated":true}]}}