{"id":1499,"date":"2025-12-22T19:03:19","date_gmt":"2025-12-22T19:03:19","guid":{"rendered":"https:\/\/zillertalervrienden.nl\/product\/edelstahl-thermoskanne-hirsch\/"},"modified":"2026-04-11T21:48:21","modified_gmt":"2026-04-11T20:48:21","slug":"edelstahl-thermoskanne-hirsch","status":"publish","type":"product","link":"https:\/\/zillertalervrienden.nl\/de\/produkt\/edelstahl-thermoskanne-hirsch\/","title":{"rendered":"Edelstahl-Thermoskanne Hirsch"},"content":{"rendered":"<div class=\"_content_ueyiz_1 _content_mfs8f_80\">\n<div class=\"react-scroll-to-bottom--css-kwkox-79elbk _chat-scroller_1ydqw_370\">\n<div class=\"react-scroll-to-bottom--css-kwkox-1n7m0yu _chat-scroller__scroll_1ydqw_373\">\n<div class=\"_message-list_1ydqw_363\">\n<div class=\"_container_1ydqw_1\">\n<div class=\"_container__content_1ydqw_29\">\n<div class=\"_container__message_1ydqw_21 _container__message--assistant_1ydqw_121\">\n<div class=\"_message_1ydqw_46\">\n<div class=\"_message__content_1ydqw_113\">\n<div>\n<div class=\"_message-content_7o4mm_2 _container__message-content_1ydqw_21 _message-content--markdown_7o4mm_2\">\n<p>\ud83c\udf0d Elegante, isolierte Edelstahl-Trinkflasche f\u00fcr Reisen und Sport! \ud83c\udfd5\ufe0f\ud83d\udca7<\/p>\n<p>Bleiben Sie hydratisiert mit unserer stylischen, isolierten Edelstahl-Trinkflasche mit Vakuumisolierung \u2013 ideal f\u00fcr Reisen und Sport! Ob Abenteuerreisen, Sport oder der t\u00e4gliche Gebrauch, diese Flasche bietet die perfekte Kombination aus Funktionalit\u00e4t und Eleganz.<\/p>\n<p><strong>Warum sollten Sie sich f\u00fcr unsere Wasserflasche entscheiden?<\/strong><\/p>\n<ul>\n<li>\ud83c\udf21\ufe0f Doppelwandige Isolierung: H\u00e4lt Ihre Getr\u00e4nke stundenlang kalt oder warm, ideal f\u00fcr Morgenkaffee oder erfrischendes Wasser w\u00e4hrend Ihrer Wanderungen.<\/li>\n<li>\ud83d\udeab Auslaufsicher &amp; Langlebig: Diese Flasche ist aus hochwertigem Edelstahl gefertigt, f\u00fcr den Langzeitgebrauch konzipiert und leicht zu reinigen.<\/li>\n<li>\ud83c\udf92 Leicht und praktisch: Perfekt f\u00fcr Reisen, das Fitnessstudio oder den t\u00e4glichen Gebrauch; l\u00e4sst sich einfach in der Tasche oder im Rucksack verstauen.<\/li>\n<li>\ud83c\udf1f Elegant und stilvoll: Das schlanke, moderne Design macht diese Flasche nicht nur funktional, sondern auch zu einem echten Blickfang.<\/li>\n<li>\ud83c\udf81 Ideales Geschenk: Perfekt f\u00fcr Freunde, Familie oder als Geschenk f\u00fcr besondere Anl\u00e4sse; ein praktisches Geschenk f\u00fcr Naturliebhaber und Abenteurer!<\/li>\n<\/ul>\n<p>&nbsp;<\/p>\n<p><strong>Bleiben Sie stilvoll und komfortabel hydriert!<\/strong><\/p>\n<p><strong>Bestellen Sie jetzt Ihre elegante, isolierte Edelstahl-Trinkflasche und machen Sie jeden Schluck zu etwas Besonderem!<\/strong> \ud83c\udf0a\u2728<\/p>\n<\/div>\n<div class=\"_actions_1ydqw_326\">\n<div class=\"_tooltip_1lsuk_1 _tooltip--secondary_1lsuk_11\"><\/div>\n<\/div>\n<\/div>\n<\/div>\n<\/div>\n<\/div>\n<\/div>\n<\/div>\n<\/div>\n<\/div>\n<\/div>\n<\/div>\n<div class=\"_bottom-content_mfs8f_103 _bottom-content--available_mfs8f_123 _bottom-content--warning_mfs8f_151\">\n<div class=\"_bottom-content__message-field_mfs8f_155\">\n<div class=\"_message-box_cafak_31 _message-box--available_cafak_79\">\n<div class=\"_style_cafak_1\"><\/div>\n<div class=\"_message-box__content_cafak_63 _message-box--fit-content_cafak_51\">\n<form>\n<div class=\"_messagebox_1sfl3_1 _messagebox--active-message_1sfl3_10\">\n<div class=\"_messagebox__input-container_1sfl3_78\"><\/div>\n<\/div>\n<\/form>\n<\/div>\n<\/div>\n<\/div>\n<\/div>\n","protected":false},"excerpt":{"rendered":"<p>\ud83c\udf0d Elegante, isolierte Edelstahl-Trinkflasche f\u00fcr Reisen und Sport! \ud83c\udfd5\ufe0f\ud83d\udca7 Bleiben Sie hydratisiert mit unserer stylischen, isolierten Edelstahl-Trinkflasche mit Vakuumisolierung \u2013 ideal f\u00fcr Reisen und Sport! Ob Abenteuerreisen, Sport oder der [&hellip;]<\/p>\n","protected":false},"featured_media":1498,"comment_status":"open","ping_status":"closed","template":"","meta":{"_acf_changed":false},"product_brand":[],"product_cat":[87],"product_tag":[],"class_list":{"0":"post-1499","1":"product","2":"type-product","3":"status-publish","4":"has-post-thumbnail","6":"product_cat-verschiedenes","8":"first","9":"instock","10":"sale","11":"shipping-taxable","12":"purchasable","13":"product-type-simple"},"acf":[],"jetpack_sharing_enabled":true,"_links":{"self":[{"href":"https:\/\/zillertalervrienden.nl\/de\/wp-json\/wp\/v2\/product\/1499","targetHints":{"allow":["GET"]}}],"collection":[{"href":"https:\/\/zillertalervrienden.nl\/de\/wp-json\/wp\/v2\/product"}],"about":[{"href":"https:\/\/zillertalervrienden.nl\/de\/wp-json\/wp\/v2\/types\/product"}],"replies":[{"embeddable":true,"href":"https:\/\/zillertalervrienden.nl\/de\/wp-json\/wp\/v2\/comments?post=1499"}],"wp:featuredmedia":[{"embeddable":true,"href":"https:\/\/zillertalervrienden.nl\/de\/wp-json\/wp\/v2\/media\/1498"}],"wp:attachment":[{"href":"https:\/\/zillertalervrienden.nl\/de\/wp-json\/wp\/v2\/media?parent=1499"}],"wp:term":[{"taxonomy":"product_brand","embeddable":true,"href":"https:\/\/zillertalervrienden.nl\/de\/wp-json\/wp\/v2\/product_brand?post=1499"},{"taxonomy":"product_cat","embeddable":true,"href":"https:\/\/zillertalervrienden.nl\/de\/wp-json\/wp\/v2\/product_cat?post=1499"},{"taxonomy":"product_tag","embeddable":true,"href":"https:\/\/zillertalervrienden.nl\/de\/wp-json\/wp\/v2\/product_tag?post=1499"}],"curies":[{"name":"wp","href":"https:\/\/api.w.org\/{rel}","templated":true}]}}