{"id":1501,"date":"2025-12-22T12:16:22","date_gmt":"2025-12-22T12:16:22","guid":{"rendered":"https:\/\/zillertalervrienden.nl\/product\/wasserflasche\/"},"modified":"2026-01-16T11:45:36","modified_gmt":"2026-01-16T10:45:36","slug":"wasserflasche","status":"publish","type":"product","link":"https:\/\/zillertalervrienden.nl\/de\/produkt\/wasserflasche\/","title":{"rendered":"\u00d6sterreichische Wasserflasche"},"content":{"rendered":"<p>\ud83c\udf1f Niedliche Reh-Trinkflasche \u2013 perfekt f\u00fcr Abenteuer! \ud83e\udd8c\ud83d\udca7<\/p>\n<p>Bleiben Sie stilvoll hydriert mit unserer niedlichen Hirsch-Trinkflasche! Diese wiederverwendbare, auslaufsichere Sportflasche aus Kunststoff mit Klappverschluss ist der ideale Begleiter f\u00fcr all Ihre t\u00e4glichen Aktivit\u00e4ten, vom Fitnessstudio bis auf Reisen.<\/p>\n<p><strong>Warum sollten Sie sich f\u00fcr unsere Hirsch-Wasserflasche entscheiden?<\/strong><\/p>\n<ul>\n<li>\ud83e\udd8c Niedliches Design: Mit einem niedlichen Hirschmotiv bringt diese Wasserflasche einen Hauch von Natur und Charme in Ihren Alltag.<\/li>\n<li>\ud83d\udca7 Leicht und praktisch: Diese Flasche ist perfekt f\u00fcr unterwegs; leicht und einfach zu transportieren f\u00fcr die Schule, das Fitnessstudio oder Ihre Abenteuerreisen.<\/li>\n<li>\ud83d\udeab Auslaufsicherer Klappverschluss: Schluss mit l\u00e4stigem Auslaufen! Der Klappverschluss schlie\u00dft sicher, sodass Sie sich keine Sorgen um Auslaufen in Ihrer Tasche machen m\u00fcssen. <\/li>\n<li>\u267b\ufe0f Nachhaltig und wiederverwendbar: Reduzieren Sie Ihren CO2-Fu\u00dfabdruck, indem Sie diese wiederverwendbare Wasserflasche t\u00e4glich benutzen..<\/li>\n<li>\ud83c\udf81 Ein perfektes Geschenk: Ideal f\u00fcr Geburtstage, Weihnachten oder als trendiges Geschenk f\u00fcr Freunde und Familie, die gerne reisen und sich im Freien aufhalten.<\/li>\n<\/ul>\n<p>&nbsp;<\/p>\n<p><strong>Bleiben Sie stilvoll und komfortabel hydriert!<\/strong><\/p>\n<p><strong>Bestellen Sie jetzt Ihre niedliche Hirsch-Wasserflasche und machen Sie jeden Schluck zum Vergn\u00fcgen!<\/strong> \ud83c\udf32\ud83e\udd64\u2728<\/p>\n","protected":false},"excerpt":{"rendered":"<p>\ud83c\udf1f Niedliche Reh-Trinkflasche \u2013 perfekt f\u00fcr Abenteuer! \ud83e\udd8c\ud83d\udca7<\/p>\n<p>Bleiben Sie stilvoll hydriert mit unserer niedlichen Hirsch-Trinkflasche! Diese wiederverwendbare, auslaufsichere Sportflasche aus Kunststoff mit Klappverschluss ist der ideale Begleiter f\u00fcr all Ihre t\u00e4glichen Aktivit\u00e4ten, vom Fitnessstudio bis auf Reisen.<\/p>\n<h3>Warum sollten Sie sich f\u00fcr unsere Hirsch-Wasserflasche entscheiden?<\/h3>\n<ul>\n<li>\ud83e\udd8c Niedliches Design: Mit einem niedlichen Hirschmotiv bringt diese Wasserflasche einen Hauch von Natur und Charme in Ihren Alltag.<\/li>\n<li>\ud83d\udca7 Leicht und praktisch: Diese Flasche ist perfekt f\u00fcr unterwegs; leicht und einfach zu transportieren f\u00fcr die Schule, das Fitnessstudio oder Ihre Abenteuerreisen.<\/li>\n<li>\ud83d\udeab Auslaufsicherer Klappverschluss: Schluss mit l\u00e4stigem Auslaufen! Der Klappverschluss schlie\u00dft sicher, sodass Sie sich keine Sorgen um Auslaufen in Ihrer Tasche machen m\u00fcssen. <\/li>\n<li>\u267b\ufe0f Nachhaltig und wiederverwendbar: Reduzieren Sie Ihren CO2-Fu\u00dfabdruck, indem Sie diese wiederverwendbare Wasserflasche t\u00e4glich benutzen..<\/li>\n<li>\ud83c\udf81 Ein perfektes Geschenk: Ideal f\u00fcr Geburtstage, Weihnachten oder als trendiges Geschenk f\u00fcr Freunde und Familie, die gerne reisen und sich im Freien aufhalten.<\/li>\n<\/ul>\n<h3>Bleiben Sie stilvoll und komfortabel hydriert!<\/h3>\n<p><strong>Bestellen Sie jetzt Ihre niedliche Hirsch-Wasserflasche und machen Sie jeden Schluck zum Vergn\u00fcgen!<\/strong> \ud83c\udf32\ud83e\udd64\u2728<\/p>\n","protected":false},"featured_media":1500,"comment_status":"open","ping_status":"closed","template":"","meta":{"_acf_changed":false},"product_brand":[],"product_cat":[87],"product_tag":[],"class_list":{"0":"post-1501","1":"product","2":"type-product","3":"status-publish","4":"has-post-thumbnail","6":"product_cat-verschiedenes","8":"first","9":"outofstock","10":"shipping-taxable","11":"purchasable","12":"product-type-simple"},"acf":[],"jetpack_sharing_enabled":true,"_links":{"self":[{"href":"https:\/\/zillertalervrienden.nl\/de\/wp-json\/wp\/v2\/product\/1501","targetHints":{"allow":["GET"]}}],"collection":[{"href":"https:\/\/zillertalervrienden.nl\/de\/wp-json\/wp\/v2\/product"}],"about":[{"href":"https:\/\/zillertalervrienden.nl\/de\/wp-json\/wp\/v2\/types\/product"}],"replies":[{"embeddable":true,"href":"https:\/\/zillertalervrienden.nl\/de\/wp-json\/wp\/v2\/comments?post=1501"}],"wp:featuredmedia":[{"embeddable":true,"href":"https:\/\/zillertalervrienden.nl\/de\/wp-json\/wp\/v2\/media\/1500"}],"wp:attachment":[{"href":"https:\/\/zillertalervrienden.nl\/de\/wp-json\/wp\/v2\/media?parent=1501"}],"wp:term":[{"taxonomy":"product_brand","embeddable":true,"href":"https:\/\/zillertalervrienden.nl\/de\/wp-json\/wp\/v2\/product_brand?post=1501"},{"taxonomy":"product_cat","embeddable":true,"href":"https:\/\/zillertalervrienden.nl\/de\/wp-json\/wp\/v2\/product_cat?post=1501"},{"taxonomy":"product_tag","embeddable":true,"href":"https:\/\/zillertalervrienden.nl\/de\/wp-json\/wp\/v2\/product_tag?post=1501"}],"curies":[{"name":"wp","href":"https:\/\/api.w.org\/{rel}","templated":true}]}}