{"id":1502,"date":"2025-12-20T13:17:23","date_gmt":"2025-12-20T13:17:23","guid":{"rendered":"https:\/\/zillertalervrienden.nl\/product\/gebaeckgabeln-aus-edelstahl-hirschmotiv-4er-set\/"},"modified":"2026-04-11T21:48:21","modified_gmt":"2026-04-11T20:48:21","slug":"gebaeckgabeln-aus-edelstahl-hirschmotiv-4er-set","status":"publish","type":"product","link":"https:\/\/zillertalervrienden.nl\/de\/produkt\/gebaeckgabeln-aus-edelstahl-hirschmotiv-4er-set\/","title":{"rendered":"Geb\u00e4ckgabeln aus Edelstahl, Hirschmotiv (4er-Set)"},"content":{"rendered":"<div class=\"react-scroll-to-bottom--css-ezixe-1n7m0yu _chat-scroller__scroll_1ydqw_373\">\n<div class=\"_message-list_1ydqw_363\">\n<div class=\"_container_1ydqw_1\">\n<div class=\"_container__content_1ydqw_29\">\n<div class=\"_container__message_1ydqw_21 _container__message--assistant_1ydqw_121\">\n<div class=\"_message_1ydqw_46\">\n<div class=\"_message__content_1ydqw_113\">\n<div>\n<div class=\"_message-content_7o4mm_2 _container__message-content_1ydqw_21 _message-content--markdown_7o4mm_2\">\n<p>\ud83c\udf84 Kuchengabeln aus Edelstahl in Form eines \u00f6sterreichischen Silberhirsches! \u2728<\/p>\n<p>Verleihen Sie Ihrer Festtafel mit unseren wundersch\u00f6nen Geb\u00e4ckgabeln aus Edelstahl in Form von silbernen Hirschen einen Hauch von Eleganz! Mit einer L\u00e4nge von 13,97 cm eignen sich diese multifunktionalen Gabeln perfekt f\u00fcr alle Arten von Desserts und Snacks und bringen den Charme \u00d6sterreichs mit sich.<\/p>\n<p><strong>Warum sollten Sie sich f\u00fcr unsere Christmasland-Gabeln entscheiden?<\/strong><\/p>\n<ul>\n<li>\ud83e\udd44 Elegantes Design: Gl\u00e4nzendes Silber und ein raffiniertes Design machen diese Gabeln zu einer stilvollen Erg\u00e4nzung f\u00fcr jede festliche Tafel.<\/li>\n<li>\ud83c\udf89 Multifunktional: Ideal f\u00fcr jeden Anlass, perfekt zum Servieren von Obst, Desserts oder Schulmaterialien.<\/li>\n<li>\ud83d\udca7 Sp\u00fclmaschinenfest: Leicht zu reinigen und bereit f\u00fcr die n\u00e4chste Party; kein l\u00e4stiges Abwaschen von Hand!<\/li>\n<li>\ud83c\udf81 Perfekte Geschenke: Diese stilvollen Gabeln sind ein tolles Geschenk f\u00fcr Freunde und Familie, ideal f\u00fcr Weihnachten, Geburtstage oder Einweihungsfeiern.<\/li>\n<\/ul>\n<h3><\/h3>\n<p><strong>Machen Sie jede Feier mit unseren wundersch\u00f6nen Weihnachtsgabeln zu etwas ganz Besonderem!<\/strong><\/p>\n<p><strong>Bestellen Sie jetzt und servieren Sie Ihre Leckereien mit Stil!<\/strong> \ud83c\udf70\ud83c\udf1f<\/p>\n<\/div>\n<\/div>\n<\/div>\n<\/div>\n<\/div>\n<\/div>\n<\/div>\n<\/div>\n<\/div>\n","protected":false},"excerpt":{"rendered":"<p>\ud83c\udf84 Kuchengabeln aus Edelstahl in Form eines \u00f6sterreichischen Silberhirsches! \u2728 Verleihen Sie Ihrer Festtafel mit unseren wundersch\u00f6nen Geb\u00e4ckgabeln aus Edelstahl in Form von silbernen Hirschen einen Hauch von Eleganz! Mit [&hellip;]<\/p>\n","protected":false},"featured_media":1508,"comment_status":"open","ping_status":"closed","template":"","meta":{"_acf_changed":false},"product_brand":[],"product_cat":[87],"product_tag":[],"class_list":{"0":"post-1502","1":"product","2":"type-product","3":"status-publish","4":"has-post-thumbnail","6":"product_cat-verschiedenes","8":"first","9":"instock","10":"sale","11":"shipping-taxable","12":"purchasable","13":"product-type-simple"},"acf":[],"jetpack_sharing_enabled":true,"_links":{"self":[{"href":"https:\/\/zillertalervrienden.nl\/de\/wp-json\/wp\/v2\/product\/1502","targetHints":{"allow":["GET"]}}],"collection":[{"href":"https:\/\/zillertalervrienden.nl\/de\/wp-json\/wp\/v2\/product"}],"about":[{"href":"https:\/\/zillertalervrienden.nl\/de\/wp-json\/wp\/v2\/types\/product"}],"replies":[{"embeddable":true,"href":"https:\/\/zillertalervrienden.nl\/de\/wp-json\/wp\/v2\/comments?post=1502"}],"wp:featuredmedia":[{"embeddable":true,"href":"https:\/\/zillertalervrienden.nl\/de\/wp-json\/wp\/v2\/media\/1508"}],"wp:attachment":[{"href":"https:\/\/zillertalervrienden.nl\/de\/wp-json\/wp\/v2\/media?parent=1502"}],"wp:term":[{"taxonomy":"product_brand","embeddable":true,"href":"https:\/\/zillertalervrienden.nl\/de\/wp-json\/wp\/v2\/product_brand?post=1502"},{"taxonomy":"product_cat","embeddable":true,"href":"https:\/\/zillertalervrienden.nl\/de\/wp-json\/wp\/v2\/product_cat?post=1502"},{"taxonomy":"product_tag","embeddable":true,"href":"https:\/\/zillertalervrienden.nl\/de\/wp-json\/wp\/v2\/product_tag?post=1502"}],"curies":[{"name":"wp","href":"https:\/\/api.w.org\/{rel}","templated":true}]}}