{"id":1504,"date":"2026-03-20T13:12:22","date_gmt":"2026-03-20T12:12:22","guid":{"rendered":"https:\/\/zillertalervrienden.nl\/product\/kuechenhandtuecher-mit-eichhoernchenmotiv-2er-set\/"},"modified":"2026-03-28T10:32:14","modified_gmt":"2026-03-28T09:32:14","slug":"kuechenhandtuecher-mit-eichhoernchenmotiv-2er-set","status":"publish","type":"product","link":"https:\/\/zillertalervrienden.nl\/de\/produkt\/kuechenhandtuecher-mit-eichhoernchenmotiv-2er-set\/","title":{"rendered":"K\u00fcchenhandt\u00fccher mit Eichh\u00f6rnchenmotiv (2er-Set)"},"content":{"rendered":"<p>\ud83c\udf30 Set mit 2 niedlichen Eichh\u00f6rnchen-K\u00fcchenhandt\u00fcchern! \ud83d\udc3f\ufe0f\u2728<\/p>\n<p>Verleihen Sie Ihrer K\u00fcche mit unserem Set aus zwei weichen und saugf\u00e4higen Mikrofaser-Geschirrt\u00fcchern mit niedlichem Eichh\u00f6rnchen-Motiv eine fr\u00f6hliche und gem\u00fctliche Atmosph\u00e4re! Diese dekorativen Geschirrt\u00fccher eignen sich perfekt f\u00fcr K\u00fcche und Bad und setzen verspielte Akzente in Ihrer Einrichtung. <\/p>\n<p><strong>Warum sollten Sie sich f\u00fcr unsere Eichh\u00f6rnchen-K\u00fcchenhandt\u00fccher entscheiden?<\/strong><\/p>\n<ul>\n<li>\ud83d\udc3f\ufe0f Niedliches Eichh\u00f6rnchen-Design: Der entz\u00fcckende Eichh\u00f6rnchen-Print macht jede Mahlzeit ein bisschen lustiger und verleiht Ihrer K\u00fcche Charakter.<\/li>\n<li>\ud83c\udf3f Weich und saugf\u00e4hig: Diese aus hochwertiger Mikrofaser hergestellten T\u00fccher eignen sich perfekt zum Geschirrsp\u00fclen und H\u00e4ndewaschen und sind superweich auf der Haut.<\/li>\n<li>\ud83e\uddfc Maschinenwaschbar: Leicht zu reinigen, sodass Sie sie immer wieder verwenden k\u00f6nnen, ohne Kompromisse bei der Qualit\u00e4t einzugehen.<\/li>\n<li>\ud83c\udf81 Ideales Einzugsgeschenk: Ein tolles Geschenk f\u00fcr Freunde und Familie oder f\u00fcr sich selbst, perfekt f\u00fcr jeden Anlass, von Einzugsfeiern bis hin zu Feiertagen.<\/li>\n<\/ul>\n<h3><\/h3>\n<p><strong>Verwandeln Sie Ihre K\u00fcche mit diesen charmanten Eichh\u00f6rnchen-K\u00fcchenhandt\u00fcchern!<\/strong><\/p>\n<p><strong>Bestellen Sie jetzt und bringen Sie eine spielerische Note in Ihren Alltag!Bestellen Sie jetzt und bringen Sie eine spielerische Note in Ihren Alltag!<\/strong> \ud83c\udf1f\ud83c\udfe0<\/p>\n","protected":false},"excerpt":{"rendered":"<p>\ud83c\udf30 Set mit 2 niedlichen Eichh\u00f6rnchen-K\u00fcchenhandt\u00fcchern! \ud83d\udc3f\ufe0f\u2728 Verleihen Sie Ihrer K\u00fcche mit unserem Set aus zwei weichen und saugf\u00e4higen Mikrofaser-Geschirrt\u00fcchern mit niedlichem Eichh\u00f6rnchen-Motiv eine fr\u00f6hliche und gem\u00fctliche Atmosph\u00e4re! Diese dekorativen [&hellip;]<\/p>\n","protected":false},"featured_media":1503,"comment_status":"open","ping_status":"closed","template":"","meta":{"_acf_changed":false},"product_brand":[],"product_cat":[87],"product_tag":[],"class_list":{"0":"post-1504","1":"product","2":"type-product","3":"status-publish","4":"has-post-thumbnail","6":"product_cat-verschiedenes","8":"first","9":"instock","10":"shipping-taxable","11":"purchasable","12":"product-type-simple"},"acf":[],"jetpack_sharing_enabled":true,"_links":{"self":[{"href":"https:\/\/zillertalervrienden.nl\/de\/wp-json\/wp\/v2\/product\/1504","targetHints":{"allow":["GET"]}}],"collection":[{"href":"https:\/\/zillertalervrienden.nl\/de\/wp-json\/wp\/v2\/product"}],"about":[{"href":"https:\/\/zillertalervrienden.nl\/de\/wp-json\/wp\/v2\/types\/product"}],"replies":[{"embeddable":true,"href":"https:\/\/zillertalervrienden.nl\/de\/wp-json\/wp\/v2\/comments?post=1504"}],"wp:featuredmedia":[{"embeddable":true,"href":"https:\/\/zillertalervrienden.nl\/de\/wp-json\/wp\/v2\/media\/1503"}],"wp:attachment":[{"href":"https:\/\/zillertalervrienden.nl\/de\/wp-json\/wp\/v2\/media?parent=1504"}],"wp:term":[{"taxonomy":"product_brand","embeddable":true,"href":"https:\/\/zillertalervrienden.nl\/de\/wp-json\/wp\/v2\/product_brand?post=1504"},{"taxonomy":"product_cat","embeddable":true,"href":"https:\/\/zillertalervrienden.nl\/de\/wp-json\/wp\/v2\/product_cat?post=1504"},{"taxonomy":"product_tag","embeddable":true,"href":"https:\/\/zillertalervrienden.nl\/de\/wp-json\/wp\/v2\/product_tag?post=1504"}],"curies":[{"name":"wp","href":"https:\/\/api.w.org\/{rel}","templated":true}]}}