{"id":1529,"date":"2025-12-20T09:20:23","date_gmt":"2025-12-20T09:20:23","guid":{"rendered":"https:\/\/zillertalervrienden.nl\/product\/oesterreichische-schneeflocken-geschirrtuecher\/"},"modified":"2025-12-29T12:08:36","modified_gmt":"2025-12-29T12:08:36","slug":"oesterreichische-schneeflocken-geschirrtuecher","status":"publish","type":"product","link":"https:\/\/zillertalervrienden.nl\/de\/produkt\/oesterreichische-schneeflocken-geschirrtuecher\/","title":{"rendered":"\u00d6sterreichische K\u00fcchent\u00fccher"},"content":{"rendered":"<div class=\"react-scroll-to-bottom--css-nliyt-1n7m0yu _chat-scroller__scroll_1ydqw_373\">\n<div class=\"_message-list_1ydqw_363\">\n<div class=\"_container_1ydqw_1\">\n<div class=\"_container__content_1ydqw_29\">\n<div class=\"_container__message_1ydqw_21 _container__message--assistant_1ydqw_121\">\n<div class=\"_message_1ydqw_46\">\n<div class=\"_message__content_1ydqw_113\">\n<div>\n<div class=\"_message-content_7o4mm_2 _container__message-content_1ydqw_21 _message-content--markdown_7o4mm_2\">\n<p><strong>\ud83d\udef7 Bringen Sie mit diesen K\u00fcchent\u00fcchern \u00f6sterreichisches Flair in Ihre K\u00fcche! \u2744\ufe0f\u2764\ufe0f <\/strong><\/p>\n<p>Verleihen Sie Ihrer K\u00fcche mit diesen wundersch\u00f6nen Geschirrt\u00fcchern eine festliche und gem\u00fctliche Note! Mit ihrem attraktiven rot-wei\u00dfen Karomuster sind diese T\u00fccher perfekt f\u00fcr die Winterfeiertage.<\/p>\n<p><strong>Warum unsere Geschirrt\u00fccher w\u00e4hlen?<\/strong><\/p>\n<ul>\n<li>\ud83c\udf89 <strong>Stilvoll und festlich:<\/strong> Das gro\u00dfe rote B\u00fcffel-Plaid-Design mit Schneeflocken verleiht jeder K\u00fcche einen warmen, rustikalen Charme, perfekt f\u00fcr Weihnachten und Neujahr.<\/li>\n<li>\ud83d\udda4 <strong>Hochwertige Qualit\u00e4t:<\/strong> Diese aus strapazierf\u00e4higem Material gefertigten Handt\u00fccher sind maschinenwaschbar und behalten ihre Qualit\u00e4t, sodass Sie jahrelang Freude daran haben.<\/li>\n<li>\ud83c\udf7d\ufe0f <strong>Funktionell und praktisch:<\/strong> Mit einer Gr\u00f6\u00dfe von 45,72 x 66,04 cm sind sie ideal zum Abwaschen, Abtrocknen und als dekorative Handt\u00fccher in Ihrer K\u00fcche oder Ihrem Bauernhaus.<\/li>\n<li>\ud83c\udf81 <strong>Perfektes Geschenk:<\/strong> Ein originelles und praktisches Geschenk f\u00fcr Freunde und Familie w\u00e4hrend der Feiertage. Ideal zum Dekorieren eines Ferienhauses oder als praktische Erg\u00e4nzung f\u00fcr jedermanns K\u00fcche! <\/li>\n<\/ul>\n<h3><\/h3>\n<p><strong>Machen Sie jede Mahlzeit zu einem Fest mit diesen gem\u00fctlichen Geschirrt\u00fcchern!<\/strong><\/p>\n<p><strong>Bestellen Sie jetzt und verleihen Sie Ihrer K\u00fcche die warme, \u00f6sterreichische Atmosph\u00e4re, die sie verdient!<\/strong>  \u2744\ufe0f\ud83c\udfd4\ufe0f\ud83c\udf84<\/p>\n<\/div>\n<\/div>\n<\/div>\n<\/div>\n<\/div>\n<\/div>\n<\/div>\n<\/div>\n<\/div>\n","protected":false},"excerpt":{"rendered":"<p>\ud83d\udef7 Bringen Sie mit diesen K\u00fcchent\u00fcchern \u00f6sterreichisches Flair in Ihre K\u00fcche! \u2744\ufe0f\u2764\ufe0f Verleihen Sie Ihrer K\u00fcche mit diesen wundersch\u00f6nen Geschirrt\u00fcchern eine festliche und gem\u00fctliche Note! Mit ihrem attraktiven rot-wei\u00dfen Karomuster [&hellip;]<\/p>\n","protected":false},"featured_media":1531,"comment_status":"open","ping_status":"closed","template":"","meta":{"_acf_changed":false},"product_brand":[],"product_cat":[87],"product_tag":[],"class_list":{"0":"post-1529","1":"product","2":"type-product","3":"status-publish","4":"has-post-thumbnail","6":"product_cat-verschiedenes","8":"first","9":"instock","10":"shipping-taxable","11":"purchasable","12":"product-type-simple"},"acf":[],"jetpack_sharing_enabled":true,"_links":{"self":[{"href":"https:\/\/zillertalervrienden.nl\/de\/wp-json\/wp\/v2\/product\/1529","targetHints":{"allow":["GET"]}}],"collection":[{"href":"https:\/\/zillertalervrienden.nl\/de\/wp-json\/wp\/v2\/product"}],"about":[{"href":"https:\/\/zillertalervrienden.nl\/de\/wp-json\/wp\/v2\/types\/product"}],"replies":[{"embeddable":true,"href":"https:\/\/zillertalervrienden.nl\/de\/wp-json\/wp\/v2\/comments?post=1529"}],"wp:featuredmedia":[{"embeddable":true,"href":"https:\/\/zillertalervrienden.nl\/de\/wp-json\/wp\/v2\/media\/1531"}],"wp:attachment":[{"href":"https:\/\/zillertalervrienden.nl\/de\/wp-json\/wp\/v2\/media?parent=1529"}],"wp:term":[{"taxonomy":"product_brand","embeddable":true,"href":"https:\/\/zillertalervrienden.nl\/de\/wp-json\/wp\/v2\/product_brand?post=1529"},{"taxonomy":"product_cat","embeddable":true,"href":"https:\/\/zillertalervrienden.nl\/de\/wp-json\/wp\/v2\/product_cat?post=1529"},{"taxonomy":"product_tag","embeddable":true,"href":"https:\/\/zillertalervrienden.nl\/de\/wp-json\/wp\/v2\/product_tag?post=1529"}],"curies":[{"name":"wp","href":"https:\/\/api.w.org\/{rel}","templated":true}]}}