{"id":1535,"date":"2026-03-20T09:13:48","date_gmt":"2026-03-20T08:13:48","guid":{"rendered":"https:\/\/zillertalervrienden.nl\/product\/oesterreichische-wanduhr-hirsch\/"},"modified":"2026-03-28T18:41:15","modified_gmt":"2026-03-28T17:41:15","slug":"oesterreichische-wanduhr-hirsch","status":"publish","type":"product","link":"https:\/\/zillertalervrienden.nl\/de\/produkt\/oesterreichische-wanduhr-hirsch\/","title":{"rendered":"\u00d6sterreichische Wanduhr Hirsch"},"content":{"rendered":"<div class=\"_content_ueyiz_1 _content_mfs8f_80\">\n<div class=\"react-scroll-to-bottom--css-nliyt-79elbk _chat-scroller_1ydqw_370\">\n<div class=\"react-scroll-to-bottom--css-nliyt-1n7m0yu _chat-scroller__scroll_1ydqw_373\">\n<div class=\"_message-list_1ydqw_363\">\n<div class=\"_container_1ydqw_1\">\n<div class=\"_container__content_1ydqw_29\">\n<div class=\"_container__message_1ydqw_21 _container__message--assistant_1ydqw_121\">\n<div class=\"_message_1ydqw_46\">\n<div class=\"_message__content_1ydqw_113\">\n<div>\n<div class=\"_message-content_7o4mm_2 _container__message-content_1ydqw_21 _message-content--markdown_7o4mm_2\">\n<p>\ud83d\udd70\ufe0f <strong>\u00d6sterreichische Uhr mit Hirsch \u2013 Rustikale Hirsch-Silhouette Wanduhr!<\/strong> \ud83c\udf32\ud83e\udd8c<\/p>\n<p>Bringen Sie den Charme der \u00f6sterreichischen Natur in Ihr Zuhause mit unserer wundersch\u00f6nen <strong>rustikalen Hirsch-Silhouette Wanduhr<\/strong>! Diese einzigartige Uhr verbindet Funktionalit\u00e4t mit einem stimmungsvollen Design, perfekt f\u00fcr jeden Raum in Ihrem Zuhause.<\/p>\n<p><strong>Warum unsere \u00f6sterreichische Wanduhr w\u00e4hlen?<\/strong><\/p>\n<ul>\n<li>\ud83d\udccf <strong>Elegantes Aussehen:<\/strong> Die runde Uhr mit einer wundersch\u00f6nen Hirsch-Silhouette verleiht Ihrem Schlafzimmer, Ihrer K\u00fcche oder Ihrem Wohnzimmer ein rustikales und nat\u00fcrliches Flair.<\/li>\n<li>\ud83e\udd2b <strong>Stille und Ruhe:<\/strong> Mit dem stillen Mechanismus erleben Sie keine Tickger\u00e4usche, ideal f\u00fcr eine ruhige Atmosph\u00e4re in Ihrem Wohnbereich oder w\u00e4hrend des Schlafens.<\/li>\n<li>\ud83d\udee0\ufe0f <strong>Einfach aufzuh\u00e4ngen:<\/strong> Leicht und einfach zu befestigen, sodass Sie im Handumdrehen Ihren Raum gestalten k\u00f6nnen.<\/li>\n<li>\ud83c\udf81 <strong>Perfektes Geschenk:<\/strong> Ideal f\u00fcr Ostern, Weihnachten, Thanksgiving oder als Geschenk zum Schulanfang. Schenken Sie ein einzigartiges, praktisches und stilvolles Geschenk, an dem sich jeder erfreuen wird! <\/li>\n<\/ul>\n<h3><\/h3>\n<p><strong>Vervollst\u00e4ndigen Sie Ihre Einrichtung mit dieser charmanten \u00f6sterreichischen Wanduhr!<\/strong><\/p>\n<p><strong>Bestellen Sie jetzt und machen Sie jeden Raum gem\u00fctlicher mit der Sch\u00f6nheit der Natur!<\/strong> \ud83e\udd8c\u2728 <strong>Achtung:<\/strong> Ben\u00f6tigt 1 AA-Batterie (nicht enthalten).<\/p>\n<\/div>\n<\/div>\n<\/div>\n<\/div>\n<\/div>\n<\/div>\n<\/div>\n<\/div>\n<\/div>\n<\/div>\n<\/div>\n<div class=\"_bottom-content_mfs8f_103 _bottom-content--available_mfs8f_123 _bottom-content--warning_mfs8f_151\">\n<div class=\"_bottom-content__message-field_mfs8f_155\">\n<div class=\"_message-box_cafak_31 _message-box--available_cafak_79\">\n<div class=\"_style_cafak_1\"><\/div>\n<div class=\"_message-box__content_cafak_63 _message-box--fit-content_cafak_51\">\n<form data-gtm-form-interact-id=\"0\">\n<div class=\"_messagebox_1sfl3_1 _messagebox--active-message_1sfl3_10\">\n<div class=\"_messagebox__input-container_1sfl3_78\"><\/div>\n<\/div>\n<\/form>\n<\/div>\n<\/div>\n<\/div>\n<\/div>\n","protected":false},"excerpt":{"rendered":"<p>\ud83d\udd70\ufe0f \u00d6sterreichische Uhr mit Hirsch \u2013 Rustikale Hirsch-Silhouette Wanduhr! \ud83c\udf32\ud83e\udd8c Bringen Sie den Charme der \u00f6sterreichischen Natur in Ihr Zuhause mit unserer wundersch\u00f6nen rustikalen Hirsch-Silhouette Wanduhr! Diese einzigartige Uhr verbindet [&hellip;]<\/p>\n","protected":false},"featured_media":1536,"comment_status":"open","ping_status":"closed","template":"","meta":{"_acf_changed":false},"product_brand":[],"product_cat":[87],"product_tag":[],"class_list":{"0":"post-1535","1":"product","2":"type-product","3":"status-publish","4":"has-post-thumbnail","6":"product_cat-verschiedenes","8":"first","9":"outofstock","10":"shipping-taxable","11":"purchasable","12":"product-type-simple"},"acf":[],"jetpack_sharing_enabled":true,"_links":{"self":[{"href":"https:\/\/zillertalervrienden.nl\/de\/wp-json\/wp\/v2\/product\/1535","targetHints":{"allow":["GET"]}}],"collection":[{"href":"https:\/\/zillertalervrienden.nl\/de\/wp-json\/wp\/v2\/product"}],"about":[{"href":"https:\/\/zillertalervrienden.nl\/de\/wp-json\/wp\/v2\/types\/product"}],"replies":[{"embeddable":true,"href":"https:\/\/zillertalervrienden.nl\/de\/wp-json\/wp\/v2\/comments?post=1535"}],"wp:featuredmedia":[{"embeddable":true,"href":"https:\/\/zillertalervrienden.nl\/de\/wp-json\/wp\/v2\/media\/1536"}],"wp:attachment":[{"href":"https:\/\/zillertalervrienden.nl\/de\/wp-json\/wp\/v2\/media?parent=1535"}],"wp:term":[{"taxonomy":"product_brand","embeddable":true,"href":"https:\/\/zillertalervrienden.nl\/de\/wp-json\/wp\/v2\/product_brand?post=1535"},{"taxonomy":"product_cat","embeddable":true,"href":"https:\/\/zillertalervrienden.nl\/de\/wp-json\/wp\/v2\/product_cat?post=1535"},{"taxonomy":"product_tag","embeddable":true,"href":"https:\/\/zillertalervrienden.nl\/de\/wp-json\/wp\/v2\/product_tag?post=1535"}],"curies":[{"name":"wp","href":"https:\/\/api.w.org\/{rel}","templated":true}]}}