{"id":1537,"date":"2025-12-20T08:54:54","date_gmt":"2025-12-20T08:54:54","guid":{"rendered":"https:\/\/zillertalervrienden.nl\/product\/kuechentuecher-mit-herzchenmuster\/"},"modified":"2025-12-29T11:34:05","modified_gmt":"2025-12-29T11:34:05","slug":"kuechentuecher-mit-herzchenmuster","status":"publish","type":"product","link":"https:\/\/zillertalervrienden.nl\/de\/produkt\/kuechentuecher-mit-herzchenmuster\/","title":{"rendered":"K\u00fcchent\u00fccher mit Herzchenmuster"},"content":{"rendered":"<p>\ud83e\uddfa <strong>\u00d6sterreichische K\u00fcchenhandt\u00fccher \u2013 2 St\u00fcck im rot-wei\u00df karierten Design!<\/strong> \u2764\ufe0f\ud83e\udd0d<\/p>\n<p>Verleihe deiner K\u00fcche einen Hauch von \u00f6sterreichischem Charme mit unseren stilvollen <strong>Minimalistischen rot-wei\u00df karierten K\u00fcchenhandt\u00fcchern<\/strong>! Diese modernen Handt\u00fccher sind perfekt zum Kochen, Backen und Reinigen und bieten gleichzeitig Funktionalit\u00e4t und ein ansprechendes Aussehen.<\/p>\n<p><strong>Warum unsere Handt\u00fccher w\u00e4hlen?<\/strong><\/p>\n<ul>\n<li>\u2764\ufe0f <strong>Wundersch\u00f6nes Design:<\/strong> Mit einem niedlichen Herzchenmuster und einem zeitlosen rot-wei\u00df karierten Muster bringen diese Handt\u00fccher eine gem\u00fctliche Atmosph\u00e4re in deine K\u00fcche.<\/li>\n<li>\ud83c\udf1f <strong>Ultrafeine Mikrofaser:<\/strong> Hergestellt aus hochwertiger Mikrofaser, wodurch sie sich superweich anf\u00fchlen und sehr effektiv bei der Absorption sind.<\/li>\n<li>\ud83d\udca7 <strong>Multifunktional:<\/strong> Ideal als Koch- und Backhandt\u00fccher, Sp\u00fclt\u00fccher, Reinigungst\u00fccher oder Geschirrt\u00fccher \u2013 perfekte Helfer f\u00fcr jeden Kochliebhaber!<\/li>\n<li>\ud83e\uddfc <strong>Sie bleiben frisch:<\/strong> Diese Handt\u00fccher sind leicht zu waschen und behalten ihre Qualit\u00e4t, sodass du immer wieder ihre Absorptions- und Reinigungskapazit\u00e4ten genie\u00dfen kannst.<\/li>\n<\/ul>\n<p>&nbsp;<\/p>\n<p><strong>Verwandle deine K\u00fcche mit diesen modernen und praktischen Handt\u00fcchern, die sowohl Stil als auch Funktionalit\u00e4t bieten.<\/strong><\/p>\n<p><strong>Bestelle jetzt und erlebe den Komfort und den Charme unserer \u00f6sterreichischen K\u00fcchenhandt\u00fccher!<\/strong>  \ud83c\udf7d\ufe0f\u2764\ufe0f<\/p>\n","protected":false},"excerpt":{"rendered":"<p>\ud83e\uddfa \u00d6sterreichische K\u00fcchenhandt\u00fccher \u2013 2 St\u00fcck im rot-wei\u00df karierten Design! \u2764\ufe0f\ud83e\udd0d Verleihe deiner K\u00fcche einen Hauch von \u00f6sterreichischem Charme mit unseren stilvollen Minimalistischen rot-wei\u00df karierten K\u00fcchenhandt\u00fcchern! Diese modernen Handt\u00fccher sind [&hellip;]<\/p>\n","protected":false},"featured_media":1538,"comment_status":"open","ping_status":"closed","template":"","meta":{"_acf_changed":false},"product_brand":[],"product_cat":[87],"product_tag":[],"class_list":{"0":"post-1537","1":"product","2":"type-product","3":"status-publish","4":"has-post-thumbnail","6":"product_cat-verschiedenes","8":"first","9":"outofstock","10":"shipping-taxable","11":"purchasable","12":"product-type-simple"},"acf":[],"jetpack_sharing_enabled":true,"_links":{"self":[{"href":"https:\/\/zillertalervrienden.nl\/de\/wp-json\/wp\/v2\/product\/1537","targetHints":{"allow":["GET"]}}],"collection":[{"href":"https:\/\/zillertalervrienden.nl\/de\/wp-json\/wp\/v2\/product"}],"about":[{"href":"https:\/\/zillertalervrienden.nl\/de\/wp-json\/wp\/v2\/types\/product"}],"replies":[{"embeddable":true,"href":"https:\/\/zillertalervrienden.nl\/de\/wp-json\/wp\/v2\/comments?post=1537"}],"wp:featuredmedia":[{"embeddable":true,"href":"https:\/\/zillertalervrienden.nl\/de\/wp-json\/wp\/v2\/media\/1538"}],"wp:attachment":[{"href":"https:\/\/zillertalervrienden.nl\/de\/wp-json\/wp\/v2\/media?parent=1537"}],"wp:term":[{"taxonomy":"product_brand","embeddable":true,"href":"https:\/\/zillertalervrienden.nl\/de\/wp-json\/wp\/v2\/product_brand?post=1537"},{"taxonomy":"product_cat","embeddable":true,"href":"https:\/\/zillertalervrienden.nl\/de\/wp-json\/wp\/v2\/product_cat?post=1537"},{"taxonomy":"product_tag","embeddable":true,"href":"https:\/\/zillertalervrienden.nl\/de\/wp-json\/wp\/v2\/product_tag?post=1537"}],"curies":[{"name":"wp","href":"https:\/\/api.w.org\/{rel}","templated":true}]}}