{"id":1543,"date":"2025-12-20T09:00:50","date_gmt":"2025-12-20T09:00:50","guid":{"rendered":"https:\/\/zillertalervrienden.nl\/product\/zillertaler-ski-kniestruempfe\/"},"modified":"2026-04-17T22:18:08","modified_gmt":"2026-04-17T21:18:08","slug":"zillertaler-ski-kniestruempfe","status":"publish","type":"product","link":"https:\/\/zillertalervrienden.nl\/de\/produkt\/zillertaler-ski-kniestruempfe\/","title":{"rendered":"Zillertaler Ski-Kniestr\u00fcmpfe"},"content":{"rendered":"<div class=\"react-scroll-to-bottom--css-nliyt-1n7m0yu _chat-scroller__scroll_1ydqw_373\">\n<div class=\"_message-list_1ydqw_363\">\n<div class=\"_container_1ydqw_1\">\n<div class=\"_container__content_1ydqw_29\">\n<div class=\"_container__message_1ydqw_21 _container__message--assistant_1ydqw_121\">\n<div class=\"_message_1ydqw_46\">\n<div class=\"_message__content_1ydqw_113\">\n<div>\n<div class=\"_message-content_7o4mm_2 _container__message-content_1ydqw_21 _message-content--markdown_7o4mm_2\">\n<p>\ud83c\udfd4\ufe0f <strong>Zillertaler Ski-Print Socken \u2013 Bequem und Atmungsaktiv!<\/strong> \ud83c\udfbf<\/p>\n<p>Bereite dich auf dein n\u00e4chstes Abenteuer im Schnee mit unseren <strong>Zillertaler Ski-Print Socken<\/strong> vor! Diese bequemen und atmungsaktiven, mittelhohen Socken sind perfekt f\u00fcr Skiurlaube, Wintersport oder einfach f\u00fcr den t\u00e4glichen Gebrauch.<\/p>\n<p><strong>Warum unsere Ski-Print Socken w\u00e4hlen?<\/strong><\/p>\n<ul>\n<li>\u26f7\ufe0f <strong>Einzigartiges Ski-Print Design:<\/strong> Verleihe deinem Outfit einen lustigen und alpinen Look mit einem auff\u00e4lligen Ski-Print, der deine Leidenschaft f\u00fcr die Berge widerspiegelt.<\/li>\n<li>\ud83c\udf2c\ufe0f <strong>Komfort und Atmungsaktivit\u00e4t:<\/strong> Hergestellt aus hochwertigen, atmungsaktiven Materialien, die deine F\u00fc\u00dfe bei aktiver Nutzung trocken und komfortabel halten.<\/li>\n<li>\ud83e\udde6 <strong>Mittelhohe Passform:<\/strong> Diese Socken bieten die perfekte Unterst\u00fctzung und Schutz f\u00fcr deine F\u00fc\u00dfe beim Skifahren oder Wandern in der frischen Bergluft.<\/li>\n<li>\u2744\ufe0f <strong>Ideal f\u00fcr Wintersport:<\/strong> Sie sind so konzipiert, dass sie die Bed\u00fcrfnisse von Skifahrern erf\u00fcllen und f\u00fcr zus\u00e4tzliche D\u00e4mpfung und W\u00e4rme sorgen, ideal f\u00fcr die K\u00e4lte!<\/li>\n<\/ul>\n<h3><\/h3>\n<p><strong>Vervollst\u00e4ndige deine Wintersportausr\u00fcstung mit unseren Zillertaler Ski-Print Socken!<\/strong><\/p>\n<p><strong>Bestelle jetzt und fahre mit maximalem Komfort stilvoll Ski!<\/strong>  \ud83c\udfc2\u2728<\/p>\n<\/div>\n<div class=\"_actions_1ydqw_326\">\n<div class=\"_tooltip_1lsuk_1 _tooltip--secondary_1lsuk_11\"><\/div>\n<\/div>\n<\/div>\n<\/div>\n<\/div>\n<\/div>\n<\/div>\n<\/div>\n<\/div>\n<\/div>\n","protected":false},"excerpt":{"rendered":"<p>\ud83c\udfd4\ufe0f Zillertaler Ski-Print Socken \u2013 Bequem und Atmungsaktiv! \ud83c\udfbf Bereite dich auf dein n\u00e4chstes Abenteuer im Schnee mit unseren Zillertaler Ski-Print Socken vor! Diese bequemen und atmungsaktiven, mittelhohen Socken sind [&hellip;]<\/p>\n","protected":false},"featured_media":1544,"comment_status":"open","ping_status":"closed","template":"","meta":{"_acf_changed":false},"product_brand":[],"product_cat":[87],"product_tag":[],"class_list":{"0":"post-1543","1":"product","2":"type-product","3":"status-publish","4":"has-post-thumbnail","6":"product_cat-verschiedenes","8":"first","9":"instock","10":"shipping-taxable","11":"purchasable","12":"product-type-simple"},"acf":[],"jetpack_sharing_enabled":true,"_links":{"self":[{"href":"https:\/\/zillertalervrienden.nl\/de\/wp-json\/wp\/v2\/product\/1543","targetHints":{"allow":["GET"]}}],"collection":[{"href":"https:\/\/zillertalervrienden.nl\/de\/wp-json\/wp\/v2\/product"}],"about":[{"href":"https:\/\/zillertalervrienden.nl\/de\/wp-json\/wp\/v2\/types\/product"}],"replies":[{"embeddable":true,"href":"https:\/\/zillertalervrienden.nl\/de\/wp-json\/wp\/v2\/comments?post=1543"}],"wp:featuredmedia":[{"embeddable":true,"href":"https:\/\/zillertalervrienden.nl\/de\/wp-json\/wp\/v2\/media\/1544"}],"wp:attachment":[{"href":"https:\/\/zillertalervrienden.nl\/de\/wp-json\/wp\/v2\/media?parent=1543"}],"wp:term":[{"taxonomy":"product_brand","embeddable":true,"href":"https:\/\/zillertalervrienden.nl\/de\/wp-json\/wp\/v2\/product_brand?post=1543"},{"taxonomy":"product_cat","embeddable":true,"href":"https:\/\/zillertalervrienden.nl\/de\/wp-json\/wp\/v2\/product_cat?post=1543"},{"taxonomy":"product_tag","embeddable":true,"href":"https:\/\/zillertalervrienden.nl\/de\/wp-json\/wp\/v2\/product_tag?post=1543"}],"curies":[{"name":"wp","href":"https:\/\/api.w.org\/{rel}","templated":true}]}}