{"id":1551,"date":"2025-12-20T08:29:17","date_gmt":"2025-12-20T08:29:17","guid":{"rendered":"https:\/\/zillertalervrienden.nl\/product\/kuechenhandtuecher-hirschkopf-2er-set\/"},"modified":"2026-02-01T13:01:42","modified_gmt":"2026-02-01T12:01:42","slug":"kuechenhandtuecher-hirschkopf-2er-set","status":"publish","type":"product","link":"https:\/\/zillertalervrienden.nl\/de\/produkt\/kuechenhandtuecher-hirschkopf-2er-set\/","title":{"rendered":"K\u00fcchenhandt\u00fccher Hirschkopf (2er-Set)"},"content":{"rendered":"<div class=\"react-scroll-to-bottom--css-nliyt-1n7m0yu _chat-scroller__scroll_1ydqw_373\">\n<div class=\"_message-list_1ydqw_363\">\n<div class=\"_container_1ydqw_1\">\n<div class=\"_container__content_1ydqw_29\">\n<div class=\"_container__message_1ydqw_21 _container__message--assistant_1ydqw_121\">\n<div class=\"_message_1ydqw_46\">\n<div class=\"_message__content_1ydqw_113\">\n<div>\n<div class=\"_message-content_7o4mm_2 _container__message-content_1ydqw_21 _message-content--markdown_7o4mm_2\">\n<p>\ud83c\udf38 <strong>Hirschkopf Blumen K\u00fcchenhandt\u00fccher \u2013 Aquarell \u00d6sterreich Thema!<\/strong> \ud83e\udd8c\u2728<\/p>\n<p>Bringen Sie ein St\u00fcck Natur und frische Atmosph\u00e4re in Ihre K\u00fcche mit unseren wundersch\u00f6nen <strong>Hirschkopf Blumen K\u00fcchenhandt\u00fcchern<\/strong>! Diese einzigartigen Handt\u00fccher sind perfekt f\u00fcr jede K\u00fcche und versprechen, nicht nur funktionell zu sein, sondern auch einen bezaubernden dekorativen Akzent zu setzen.<\/p>\n<p><strong>Warum unsere K\u00fcchenhandt\u00fccher w\u00e4hlen?<\/strong><\/p>\n<ul>\n<li>\ud83c\udf3c <strong>Einzigartiges Aquarell-Design:<\/strong> Mit einem wundersch\u00f6nen Hirschkopfmotiv, umgeben von Blumen in einem stimmungsvollen Aquarell-Stil, das Ihre K\u00fcche zum Leben erweckt.<\/li>\n<li>\ud83e\uddfa <strong>Hochwertige Qualit\u00e4t:<\/strong> Hergestellt aus maschinenwaschbarem Polyester, bleiben diese Handt\u00fccher lange sch\u00f6n und sind pflegeleicht.<\/li>\n<li>\ud83c\udfe1 <strong>Funktionell und Vielseitig:<\/strong> Perfekt f\u00fcr den Heimgebrauch, zum Reinigen, als Tischdekoration und nat\u00fcrlich zum Trocknen Ihrer H\u00e4nde und Ihres Geschirrs!<\/li>\n<li>\ud83c\udf32 <strong>Zillertaler Gef\u00fchl:<\/strong> Bringen Sie die charmante Atmosph\u00e4re des Zillertals und der Natur in Ihr Interieur, ideal f\u00fcr Liebhaber des Outdoor-Lebens.<\/li>\n<\/ul>\n<p>&nbsp;<\/p>\n<p><strong>Machen Sie Kochen und Aufr\u00e4umen zu einem Fest mit diesen stilvollen und praktischen K\u00fcchenhandt\u00fcchern!<\/strong><\/p>\n<p><strong>Bestellen Sie jetzt und f\u00fcgen Sie Ihrer K\u00fcche einen Hauch von Natur und Stil hinzu!<\/strong> \ud83c\udf38\ud83e\udd8c\u2728<\/p>\n<\/div>\n<\/div>\n<\/div>\n<\/div>\n<\/div>\n<\/div>\n<\/div>\n<\/div>\n<\/div>\n","protected":false},"excerpt":{"rendered":"<p>\ud83c\udf38 Hirschkopf Blumen K\u00fcchenhandt\u00fccher \u2013 Aquarell \u00d6sterreich Thema! \ud83e\udd8c\u2728 Bringen Sie ein St\u00fcck Natur und frische Atmosph\u00e4re in Ihre K\u00fcche mit unseren wundersch\u00f6nen Hirschkopf Blumen K\u00fcchenhandt\u00fcchern! Diese einzigartigen Handt\u00fccher sind [&hellip;]<\/p>\n","protected":false},"featured_media":1553,"comment_status":"open","ping_status":"closed","template":"","meta":{"_acf_changed":false},"product_brand":[],"product_cat":[87],"product_tag":[],"class_list":{"0":"post-1551","1":"product","2":"type-product","3":"status-publish","4":"has-post-thumbnail","6":"product_cat-verschiedenes","8":"first","9":"instock","10":"sale","11":"shipping-taxable","12":"purchasable","13":"product-type-simple"},"acf":[],"jetpack_sharing_enabled":true,"_links":{"self":[{"href":"https:\/\/zillertalervrienden.nl\/de\/wp-json\/wp\/v2\/product\/1551","targetHints":{"allow":["GET"]}}],"collection":[{"href":"https:\/\/zillertalervrienden.nl\/de\/wp-json\/wp\/v2\/product"}],"about":[{"href":"https:\/\/zillertalervrienden.nl\/de\/wp-json\/wp\/v2\/types\/product"}],"replies":[{"embeddable":true,"href":"https:\/\/zillertalervrienden.nl\/de\/wp-json\/wp\/v2\/comments?post=1551"}],"wp:featuredmedia":[{"embeddable":true,"href":"https:\/\/zillertalervrienden.nl\/de\/wp-json\/wp\/v2\/media\/1553"}],"wp:attachment":[{"href":"https:\/\/zillertalervrienden.nl\/de\/wp-json\/wp\/v2\/media?parent=1551"}],"wp:term":[{"taxonomy":"product_brand","embeddable":true,"href":"https:\/\/zillertalervrienden.nl\/de\/wp-json\/wp\/v2\/product_brand?post=1551"},{"taxonomy":"product_cat","embeddable":true,"href":"https:\/\/zillertalervrienden.nl\/de\/wp-json\/wp\/v2\/product_cat?post=1551"},{"taxonomy":"product_tag","embeddable":true,"href":"https:\/\/zillertalervrienden.nl\/de\/wp-json\/wp\/v2\/product_tag?post=1551"}],"curies":[{"name":"wp","href":"https:\/\/api.w.org\/{rel}","templated":true}]}}