{"id":1558,"date":"2025-12-14T09:49:59","date_gmt":"2025-12-14T09:49:59","guid":{"rendered":"https:\/\/zillertalervrienden.nl\/product\/portemonnaie\/"},"modified":"2026-02-06T19:19:53","modified_gmt":"2026-02-06T18:19:53","slug":"portemonnaie","status":"publish","type":"product","link":"https:\/\/zillertalervrienden.nl\/de\/produkt\/portemonnaie\/","title":{"rendered":"Portemonnaie"},"content":{"rendered":"<div class=\"_content_ueyiz_1 _content_mfs8f_80\">\n<div class=\"react-scroll-to-bottom--css-ggxlu-79elbk _chat-scroller_1ydqw_370\">\n<div class=\"react-scroll-to-bottom--css-ggxlu-1n7m0yu _chat-scroller__scroll_1ydqw_373\">\n<div class=\"_message-list_1ydqw_363\">\n<div class=\"_container_1ydqw_1\">\n<div class=\"_container__content_1ydqw_29\">\n<div class=\"_container__message_1ydqw_21 _container__message--assistant_1ydqw_121\">\n<div class=\"_message_1ydqw_46\">\n<div class=\"_message__content_1ydqw_113\">\n<div>\n<div class=\"_message-content_7o4mm_2 _container__message-content_1ydqw_21 _message-content--markdown_7o4mm_2\">\n<p>\ud83e\udd8c <strong>Herren Portemonnaie \u2013 Schlankes Bifold mit Hirschkopf-Design!<\/strong> \ud83d\udcbc<\/p>\n<p>Wir pr\u00e4sentieren unsere stilvolle <strong>Herren Portemonnaie<\/strong>, eine perfekte Kombination aus Funktionalit\u00e4t und Eleganz. Mit einem wundersch\u00f6nen Hirschkopf-Design ist diese schlanke Bifold-Geldb\u00f6rse ideal f\u00fcr den t\u00e4glichen und formellen Gebrauch. <\/p>\n<p><strong>Warum unsere Herren Portemonnaie w\u00e4hlen?<\/strong><\/p>\n<ul>\n<li>\ud83d\udd04 <strong>Schlank und praktisch:<\/strong> Mit mehreren Kartenf\u00e4chern und einem ger\u00e4umigen Geldfach bietet diese Geldb\u00f6rse alles, was Sie brauchen, ohne unn\u00f6tigen Ballast.<\/li>\n<li>\ud83d\udc3e <strong>Einzigartiges Design:<\/strong> Der charmante Hirschkopf verleiht dieser Geldb\u00f6rse einen unverwechselbaren Stil, perfekt f\u00fcr den modernen Mann.<\/li>\n<li>\ud83c\udf81 <strong>Ideales Geschenk:<\/strong> Ein tolles Geschenk zum Valentinstag, Vatertag oder zu Geburtstagen. Ein praktisches und stilvolles Geschenk f\u00fcr jeden Anlass! <\/li>\n<li>\ud83c\udf3f <strong>Langlebig und zuverl\u00e4ssig:<\/strong> Diese aus hochwertigen Materialien gefertigte Geldb\u00f6rse ist auf Langlebigkeit ausgelegt und sieht fantastisch aus, egal ob Sie auf Abenteuerreise sind oder an einem formellen Anlass teilnehmen.<\/li>\n<li>\ud83e\uddf3 <strong>Reiseaccessoire:<\/strong> Perfekt f\u00fcr unterwegs oder als t\u00e4glicher Organizer, diese Geldb\u00f6rse h\u00e4lt alle Ihre wichtigen Dinge sicher und \u00fcbersichtlich.<\/li>\n<\/ul>\n<h3><\/h3>\n<p><strong>G\u00f6nnen Sie sich oder dem Mann in Ihrem Leben ein stilvolles Upgrade!<\/strong><\/p>\n<p><strong>Bestellen Sie jetzt Ihre schlanke Bifold Herren Portemonnaie mit Hirschkopf-Design und erleben Sie die perfekte Kombination aus Stil und Funktionalit\u00e4t!<\/strong>  \ud83c\udf89\u2728<\/p>\n<\/div>\n<\/div>\n<\/div>\n<\/div>\n<\/div>\n<\/div>\n<\/div>\n<\/div>\n<\/div>\n<\/div>\n<\/div>\n<div class=\"_bottom-content_mfs8f_103 _bottom-content--available_mfs8f_123 _bottom-content--warning_mfs8f_151\">\n<div class=\"_bottom-content__message-field_mfs8f_155\">\n<div class=\"_message-box_cafak_31 _message-box--available_cafak_79\">\n<div class=\"_message-box__content_cafak_63 _message-box--fit-content_cafak_51\">\n<form data-gtm-form-interact-id=\"0\">\n<div class=\"_messagebox_1sfl3_1 _messagebox--active-message_1sfl3_10\">\n<div class=\"_messagebox__input-container_1sfl3_78\"><\/div>\n<\/div>\n<\/form>\n<\/div>\n<\/div>\n<\/div>\n<\/div>\n","protected":false},"excerpt":{"rendered":"<p>\ud83e\udd8c Herren Portemonnaie \u2013 Schlankes Bifold mit Hirschkopf-Design! \ud83d\udcbc Wir pr\u00e4sentieren unsere stilvolle Herren Portemonnaie, eine perfekte Kombination aus Funktionalit\u00e4t und Eleganz. Mit einem wundersch\u00f6nen Hirschkopf-Design ist diese schlanke Bifold-Geldb\u00f6rse [&hellip;]<\/p>\n","protected":false},"featured_media":1560,"comment_status":"open","ping_status":"closed","template":"","meta":{"_acf_changed":false},"product_brand":[],"product_cat":[87],"product_tag":[],"class_list":{"0":"post-1558","1":"product","2":"type-product","3":"status-publish","4":"has-post-thumbnail","6":"product_cat-verschiedenes","8":"first","9":"instock","10":"sale","11":"shipping-taxable","12":"purchasable","13":"product-type-simple"},"acf":[],"jetpack_sharing_enabled":true,"_links":{"self":[{"href":"https:\/\/zillertalervrienden.nl\/de\/wp-json\/wp\/v2\/product\/1558","targetHints":{"allow":["GET"]}}],"collection":[{"href":"https:\/\/zillertalervrienden.nl\/de\/wp-json\/wp\/v2\/product"}],"about":[{"href":"https:\/\/zillertalervrienden.nl\/de\/wp-json\/wp\/v2\/types\/product"}],"replies":[{"embeddable":true,"href":"https:\/\/zillertalervrienden.nl\/de\/wp-json\/wp\/v2\/comments?post=1558"}],"wp:featuredmedia":[{"embeddable":true,"href":"https:\/\/zillertalervrienden.nl\/de\/wp-json\/wp\/v2\/media\/1560"}],"wp:attachment":[{"href":"https:\/\/zillertalervrienden.nl\/de\/wp-json\/wp\/v2\/media?parent=1558"}],"wp:term":[{"taxonomy":"product_brand","embeddable":true,"href":"https:\/\/zillertalervrienden.nl\/de\/wp-json\/wp\/v2\/product_brand?post=1558"},{"taxonomy":"product_cat","embeddable":true,"href":"https:\/\/zillertalervrienden.nl\/de\/wp-json\/wp\/v2\/product_cat?post=1558"},{"taxonomy":"product_tag","embeddable":true,"href":"https:\/\/zillertalervrienden.nl\/de\/wp-json\/wp\/v2\/product_tag?post=1558"}],"curies":[{"name":"wp","href":"https:\/\/api.w.org\/{rel}","templated":true}]}}