{"id":1561,"date":"2025-12-19T11:25:07","date_gmt":"2025-12-19T11:25:07","guid":{"rendered":"https:\/\/zillertalervrienden.nl\/product\/edelstahlbecher\/"},"modified":"2025-12-29T12:26:43","modified_gmt":"2025-12-29T12:26:43","slug":"edelstahlbecher","status":"publish","type":"product","link":"https:\/\/zillertalervrienden.nl\/de\/produkt\/edelstahlbecher\/","title":{"rendered":"Edelstahlbecher"},"content":{"rendered":"<div class=\"_content_ueyiz_1 _content_mfs8f_80\">\n<div class=\"react-scroll-to-bottom--css-zhlrl-79elbk _chat-scroller_1ydqw_370\">\n<div class=\"react-scroll-to-bottom--css-zhlrl-1n7m0yu _chat-scroller__scroll_1ydqw_373\">\n<div class=\"_message-list_1ydqw_363\">\n<div class=\"_container_1ydqw_1\">\n<div class=\"_container__content_1ydqw_29\">\n<div class=\"_container__message_1ydqw_21 _container__message--assistant_1ydqw_121\">\n<div class=\"_message_1ydqw_46\">\n<div class=\"_message__content_1ydqw_113\">\n<div>\n<div class=\"_message-content_7o4mm_2 _container__message-content_1ydqw_21 _message-content--markdown_7o4mm_2\">\n<p>\ud83c\udf32 <strong>Gro\u00dfer 310-ml-Edelstahlbecher mit elegantem Hirschwald-Design!<\/strong> \ud83e\udd8c\u2728<\/p>\n<p>Entdecke die perfekte Mischung aus Stil und Funktionalit\u00e4t mit unserem <strong>doppelwandigen, vakuumisolierten Edelstahlbecher<\/strong>! Mit einem wundersch\u00f6nen Hirschwald-Design ist diese Flasche nicht nur ein Blickfang, sondern auch ideal f\u00fcr abenteuerliche Getr\u00e4nke unterwegs.<\/p>\n<p><strong>Warum unseren Edelstahlbecher w\u00e4hlen?<\/strong><\/p>\n<ul>\n<li>\ud83c\udf1f <strong>Elegantes Design:<\/strong> Das schillernde Hirschmotiv bringt die Sch\u00f6nheit der Natur in deinen Alltag und macht diesen Becher perfekt f\u00fcr jeden Anlass.<\/li>\n<li>\ud83e\uddca <strong>Doppelwandige Isolierung:<\/strong> H\u00e4lt deine warmen Getr\u00e4nke warm und kalte Getr\u00e4nke kalt, ideal sowohl f\u00fcr Campingausfl\u00fcge als auch f\u00fcr allt\u00e4gliche Aktivit\u00e4ten.<\/li>\n<li>\ud83d\udca7 <strong>Luftdicht und langlebig:<\/strong> Hergestellt aus 316er Edelstahl, f\u00fcr den langfristigen Gebrauch entwickelt und h\u00e4lt deine Getr\u00e4nke frisch, ohne auszulaufen.<\/li>\n<li>\u2615 <strong>Praktischer St\u00fctzgriff:<\/strong> F\u00fcr einen bequemeren Griff, ideal f\u00fcr unterwegs oder zum Entspannen in der Natur.<\/li>\n<li>\ud83c\udf81 <strong>Ideales Geschenk:<\/strong> Perfekt als Geschenk f\u00fcr Freunde, Familie oder selbstmitleidige Camper und Naturliebhaber.<\/li>\n<\/ul>\n<h3><\/h3>\n<p><strong>Vervollst\u00e4ndige deine Camping- oder Outdoor-Abenteuer mit unserem stilvollen Edelstahlbecher!<\/strong><\/p>\n<p><strong>Bestelle jetzt und genie\u00dfe jeden Schluck, wo immer du bist!<\/strong>  \ud83c\udf04\ud83e\udd64<\/p>\n<\/div>\n<\/div>\n<\/div>\n<\/div>\n<\/div>\n<\/div>\n<\/div>\n<\/div>\n<\/div>\n<\/div>\n<\/div>\n<div class=\"_bottom-content_mfs8f_103 _bottom-content--available_mfs8f_123 _bottom-content--warning_mfs8f_151\">\n<div class=\"_bottom-content__message-field_mfs8f_155\">\n<div class=\"_message-box_cafak_31 _message-box--available_cafak_79\">\n<div class=\"_style_cafak_1\"><\/div>\n<div class=\"_message-box__content_cafak_63 _message-box--fit-content_cafak_51\">\n<form data-gtm-form-interact-id=\"0\">\n<div class=\"_messagebox_1sfl3_1 _messagebox--active-message_1sfl3_10\">\n<div class=\"_messagebox__input-container_1sfl3_78\"><\/div>\n<\/div>\n<\/form>\n<\/div>\n<\/div>\n<\/div>\n<\/div>\n","protected":false},"excerpt":{"rendered":"<p>\ud83c\udf32 Gro\u00dfer 310-ml-Edelstahlbecher mit elegantem Hirschwald-Design! \ud83e\udd8c\u2728 Entdecke die perfekte Mischung aus Stil und Funktionalit\u00e4t mit unserem doppelwandigen, vakuumisolierten Edelstahlbecher! Mit einem wundersch\u00f6nen Hirschwald-Design ist diese Flasche nicht nur ein [&hellip;]<\/p>\n","protected":false},"featured_media":1562,"comment_status":"open","ping_status":"closed","template":"","meta":{"_acf_changed":false},"product_brand":[],"product_cat":[87],"product_tag":[],"class_list":{"0":"post-1561","1":"product","2":"type-product","3":"status-publish","4":"has-post-thumbnail","6":"product_cat-verschiedenes","8":"first","9":"instock","10":"sale","11":"shipping-taxable","12":"purchasable","13":"product-type-simple"},"acf":[],"jetpack_sharing_enabled":true,"_links":{"self":[{"href":"https:\/\/zillertalervrienden.nl\/de\/wp-json\/wp\/v2\/product\/1561","targetHints":{"allow":["GET"]}}],"collection":[{"href":"https:\/\/zillertalervrienden.nl\/de\/wp-json\/wp\/v2\/product"}],"about":[{"href":"https:\/\/zillertalervrienden.nl\/de\/wp-json\/wp\/v2\/types\/product"}],"replies":[{"embeddable":true,"href":"https:\/\/zillertalervrienden.nl\/de\/wp-json\/wp\/v2\/comments?post=1561"}],"wp:featuredmedia":[{"embeddable":true,"href":"https:\/\/zillertalervrienden.nl\/de\/wp-json\/wp\/v2\/media\/1562"}],"wp:attachment":[{"href":"https:\/\/zillertalervrienden.nl\/de\/wp-json\/wp\/v2\/media?parent=1561"}],"wp:term":[{"taxonomy":"product_brand","embeddable":true,"href":"https:\/\/zillertalervrienden.nl\/de\/wp-json\/wp\/v2\/product_brand?post=1561"},{"taxonomy":"product_cat","embeddable":true,"href":"https:\/\/zillertalervrienden.nl\/de\/wp-json\/wp\/v2\/product_cat?post=1561"},{"taxonomy":"product_tag","embeddable":true,"href":"https:\/\/zillertalervrienden.nl\/de\/wp-json\/wp\/v2\/product_tag?post=1561"}],"curies":[{"name":"wp","href":"https:\/\/api.w.org\/{rel}","templated":true}]}}