{"id":1813,"date":"2026-01-21T18:47:52","date_gmt":"2026-01-21T17:47:52","guid":{"rendered":"https:\/\/zillertalervrienden.nl\/?post_type=product&#038;p=1813"},"modified":"2026-01-21T18:47:52","modified_gmt":"2026-01-21T17:47:52","slug":"3-holzdekorationen-mit-bergmotiv","status":"publish","type":"product","link":"https:\/\/zillertalervrienden.nl\/de\/produkt\/3-holzdekorationen-mit-bergmotiv\/","title":{"rendered":"3 Holzdekorationen mit Bergmotiv"},"content":{"rendered":"<p><strong>\ud83c\udfd4\ufe0f Wundersch\u00f6ne Bergwandbilder \u2013 3 verschiedene Gr\u00f6\u00dfen! \ud83c\udf1f<\/strong><\/p>\n<p>Holen Sie sich die bezaubernde Sch\u00f6nheit der Berge in Ihr Zuhause mit unserem einzigartigen Wandbild, das drei Berge in verschiedenen Gr\u00f6\u00dfen zeigt. Dieses Kunstwerk passt perfekt in jeden Raum und verleiht Ihrer Einrichtung einen Hauch von Zillertaler Flair!<\/p>\n<pre id=\"tw-target-text\" class=\"tw-data-text tw-text-large tw-ta\" dir=\"ltr\" tabindex=\"-1\" role=\"text\" data-placeholder=\"Vertaling\" data-ved=\"2ahUKEwicxqqX1oGSAxVs0QIHHea6NRAQ3ewLegQIDBAW\" aria-label=\"Vertaalde tekst: Warum sollten Sie sich f\u00fcr unsere Bergwanddekoration entscheiden?\"><strong><span class=\"Y2IQFc\" lang=\"de\">Warum sollten Sie sich f\u00fcr unsere Bergwanddekoration entscheiden?<\/span><\/strong><\/pre>\n<ul>\n<li>\ud83c\udf04 Einzigartiges Design: Jedes Wandbild ist ein wundersch\u00f6nes Design, das die majest\u00e4tischen Berge wunderbar einf\u00e4ngt und einen rustikalen Look bietet.<\/li>\n<li>\ud83c\udfe1 Perfekt f\u00fcr Zuhause: Ideal f\u00fcr Wohnzimmer, Schlafzimmer oder B\u00fcros \u2013 schaffen Sie \u00fcberall eine ruhige Atmosph\u00e4re.<\/li>\n<li>\ud83c\udfa8 Flexible Platzierung: Dank drei verschiedener Gr\u00f6\u00dfen k\u00f6nnen Sie Ihre eigene, einzigartige Anordnung kreieren, die perfekt zu jeder Wand passt.<\/li>\n<li>\ud83c\udf32 Festliche Dekoration: Holen Sie sich ein St\u00fcck \u00f6sterreichische Natur in Ihr Zuhause und lassen Sie sich von der Sch\u00f6nheit der Natur inspirieren.<\/li>\n<\/ul>\n<p><strong>Abmessungen:<\/strong> <strong>11,5 cm x 10,5 cm, 13,5 cm x 12 cm, 17 cm x 15 cm (pro 3 St\u00fcck)<\/strong><\/p>\n<p><strong>Verleihen Sie Ihren R\u00e4umen einen Hauch von Zillertaler Flair!<\/strong><\/p>\n<p><strong>Bestellen Sie jetzt Ihre wundersch\u00f6ne Bergwanddekoration und verwandeln Sie Ihr Interieur in eine alpine Oase!<\/strong> \ud83c\udf1f\ud83c\udfd4\ufe0f<\/p>\n","protected":false},"excerpt":{"rendered":"<p>\ud83c\udfd4\ufe0f Wundersch\u00f6ne Bergwandbilder \u2013 3 verschiedene Gr\u00f6\u00dfen! \ud83c\udf1f Holen Sie sich die bezaubernde Sch\u00f6nheit der Berge in Ihr Zuhause mit unserem einzigartigen Wandbild, das drei Berge in verschiedenen Gr\u00f6\u00dfen zeigt. [&hellip;]<\/p>\n","protected":false},"featured_media":1811,"comment_status":"open","ping_status":"closed","template":"","meta":{"_acf_changed":false},"product_brand":[],"product_cat":[89],"product_tag":[],"class_list":{"0":"post-1813","1":"product","2":"type-product","3":"status-publish","4":"has-post-thumbnail","6":"product_cat-holz","8":"first","9":"instock","10":"shipping-taxable","11":"purchasable","12":"product-type-simple"},"acf":[],"jetpack_sharing_enabled":true,"_links":{"self":[{"href":"https:\/\/zillertalervrienden.nl\/de\/wp-json\/wp\/v2\/product\/1813","targetHints":{"allow":["GET"]}}],"collection":[{"href":"https:\/\/zillertalervrienden.nl\/de\/wp-json\/wp\/v2\/product"}],"about":[{"href":"https:\/\/zillertalervrienden.nl\/de\/wp-json\/wp\/v2\/types\/product"}],"replies":[{"embeddable":true,"href":"https:\/\/zillertalervrienden.nl\/de\/wp-json\/wp\/v2\/comments?post=1813"}],"wp:featuredmedia":[{"embeddable":true,"href":"https:\/\/zillertalervrienden.nl\/de\/wp-json\/wp\/v2\/media\/1811"}],"wp:attachment":[{"href":"https:\/\/zillertalervrienden.nl\/de\/wp-json\/wp\/v2\/media?parent=1813"}],"wp:term":[{"taxonomy":"product_brand","embeddable":true,"href":"https:\/\/zillertalervrienden.nl\/de\/wp-json\/wp\/v2\/product_brand?post=1813"},{"taxonomy":"product_cat","embeddable":true,"href":"https:\/\/zillertalervrienden.nl\/de\/wp-json\/wp\/v2\/product_cat?post=1813"},{"taxonomy":"product_tag","embeddable":true,"href":"https:\/\/zillertalervrienden.nl\/de\/wp-json\/wp\/v2\/product_tag?post=1813"}],"curies":[{"name":"wp","href":"https:\/\/api.w.org\/{rel}","templated":true}]}}