{"id":1826,"date":"2026-01-21T18:41:59","date_gmt":"2026-01-21T17:41:59","guid":{"rendered":"https:\/\/zillertalervrienden.nl\/?post_type=product&#038;p=1826"},"modified":"2026-01-21T18:41:59","modified_gmt":"2026-01-21T17:41:59","slug":"osterreichischer-wandhaken-aus-gusseisen-in-geweihform","status":"publish","type":"product","link":"https:\/\/zillertalervrienden.nl\/de\/produkt\/osterreichischer-wandhaken-aus-gusseisen-in-geweihform\/","title":{"rendered":"\u00d6sterreichischer Wandhaken aus Gusseisen in Geweihform!"},"content":{"rendered":"<p>\ud83e\udd8c \u00d6sterreichischer Wandhaken aus Gusseisen in Form eines Geweihs! \ud83c\udf32<\/p>\n<p>Verleihen Sie Ihrem Interieur mit unserem wundersch\u00f6nen, geweihf\u00f6rmigen Wandhaken aus Gusseisen eine stilvolle und zugleich praktische Note! Dieser robuste und dekorative Wandhaken eignet sich perfekt zum Aufh\u00e4ngen von M\u00e4nteln, Schl\u00fcsseln und H\u00fcten und bringt einen Hauch \u00f6sterreichischen Charmes in Ihr Zuhause.<\/p>\n<p><strong>Warum sollten Sie sich f\u00fcr unseren Geweih-Wandhaken entscheiden?<\/strong><\/p>\n<ul>\n<li>\ud83e\udd8c Elegantes Geweih-Design: Das elegante Design macht diesen Haken zu einem echten Blickfang an Ihrer Wand und ist ideal f\u00fcr Dekorationen mit Hirschmotiven.<\/li>\n<li>\ud83d\udd11 Praktisch und funktional: Ideal zum Organisieren von M\u00e4nteln, H\u00fcten und Schl\u00fcsseln im Flur, Schlafzimmer oder sogar an der T\u00fcr.<\/li>\n<li>\ud83d\udcaa Langlebiges Gusseisen: Dieser robuste Wandhaken ist aus hochwertigem Gusseisen gefertigt und so konzipiert, dass er auch bei t\u00e4glichem Gebrauch lange h\u00e4lt.<\/li>\n<li>\ud83c\udfe1 Ideal f\u00fcr jeden Raum: Egal ob Landhausstil oder moderne Einrichtung, dieser Wandhaken passt perfekt in jedes Interieur.<\/li>\n<\/ul>\n<p>&nbsp;<\/p>\n<p><strong>Vervollst\u00e4ndigen Sie Ihre Inneneinrichtung mit diesem einzigartigen \u00f6sterreichischen Wandhaken!<\/strong><\/p>\n<p><strong>Bestellen Sie jetzt und verleihen Sie Ihrem Zuhause einen charmanten Akzent, w\u00e4hrend Sie gleichzeitig f\u00fcr Funktionalit\u00e4t und Ordnung sorgen!<\/strong> \ud83c\udfd4\ufe0f\u2728<\/p>\n","protected":false},"excerpt":{"rendered":"<p><br data-mce-bogus=\"1\"><\/p>\n","protected":false},"featured_media":1825,"comment_status":"open","ping_status":"closed","template":"","meta":{"_acf_changed":false},"product_brand":[],"product_cat":[87],"product_tag":[],"class_list":{"0":"post-1826","1":"product","2":"type-product","3":"status-publish","4":"has-post-thumbnail","6":"product_cat-verschiedenes","8":"first","9":"instock","10":"shipping-taxable","11":"purchasable","12":"product-type-simple"},"acf":[],"jetpack_sharing_enabled":true,"_links":{"self":[{"href":"https:\/\/zillertalervrienden.nl\/de\/wp-json\/wp\/v2\/product\/1826","targetHints":{"allow":["GET"]}}],"collection":[{"href":"https:\/\/zillertalervrienden.nl\/de\/wp-json\/wp\/v2\/product"}],"about":[{"href":"https:\/\/zillertalervrienden.nl\/de\/wp-json\/wp\/v2\/types\/product"}],"replies":[{"embeddable":true,"href":"https:\/\/zillertalervrienden.nl\/de\/wp-json\/wp\/v2\/comments?post=1826"}],"wp:featuredmedia":[{"embeddable":true,"href":"https:\/\/zillertalervrienden.nl\/de\/wp-json\/wp\/v2\/media\/1825"}],"wp:attachment":[{"href":"https:\/\/zillertalervrienden.nl\/de\/wp-json\/wp\/v2\/media?parent=1826"}],"wp:term":[{"taxonomy":"product_brand","embeddable":true,"href":"https:\/\/zillertalervrienden.nl\/de\/wp-json\/wp\/v2\/product_brand?post=1826"},{"taxonomy":"product_cat","embeddable":true,"href":"https:\/\/zillertalervrienden.nl\/de\/wp-json\/wp\/v2\/product_cat?post=1826"},{"taxonomy":"product_tag","embeddable":true,"href":"https:\/\/zillertalervrienden.nl\/de\/wp-json\/wp\/v2\/product_tag?post=1826"}],"curies":[{"name":"wp","href":"https:\/\/api.w.org\/{rel}","templated":true}]}}