{"id":1842,"date":"2026-01-21T18:52:46","date_gmt":"2026-01-21T17:52:46","guid":{"rendered":"https:\/\/zillertalervrienden.nl\/?post_type=product&#038;p=1842"},"modified":"2026-01-21T18:52:46","modified_gmt":"2026-01-21T17:52:46","slug":"zillertaler-berganhanger-schneeketten","status":"publish","type":"product","link":"https:\/\/zillertalervrienden.nl\/de\/produkt\/zillertaler-berganhanger-schneeketten\/","title":{"rendered":"Zillertaler Berganh\u00e4nger Schneeketten"},"content":{"rendered":"<p>\ud83c\udfd4\ufe0f <strong>ZillerZillertaler Berganh\u00e4nger Schneeketten \u2013 F\u00fcr die abenteuerlustige Seele!taler Berghanger Sneeuwberg Ketting \u2013 Voor de Avontuurlijke Ziel!<\/strong> \ud83c\udf1f<\/p>\n<p>Zeigen Sie Ihre Liebe zu den Bergen mit der Zillertaler Berghanger-Schneebergkette! Diese wundersch\u00f6ne, runde, hohle Bergkette ist nicht nur ein stylisches Accessoire, sondern auch ein einzigartiges Symbol f\u00fcr Outdoor-Fans und Kletterbegeisterte.<\/p>\n<p><strong>Warum sollten Sie sich f\u00fcr unsere Berganh\u00e4nger-Halskette entscheiden?<\/strong><\/p>\n<ul>\n<li>\u26f0\ufe0f Einzigartiges Design: Der schneebedeckte Berg ist eine charmante Erg\u00e4nzung Ihres Schmucks und perfekt f\u00fcr alle, die Natur und Abenteuer lieben.<\/li>\n<li>\ud83e\uddd7\u200d\u2640\ufe0f Minimalistischer Stil: Diese Halskette aus hochwertigem Edelstahl besticht durch ihren eleganten Look und l\u00e4sst sich perfekt mit jedem Outfit kombinieren.<\/li>\n<li>\ud83c\udf81 Das ideale Geschenk: Perfekt f\u00fcr Wanderer, Kletterer und alle Naturliebhaber. Das ideale Geschenk f\u00fcr Freunde oder Familie, die Abenteuer lieben!<\/li>\n<li>\ud83d\udc9a Trendiger Schmuck: Erg\u00e4nzen Sie Ihre Sammlung mit einem trendigen Schmuckst\u00fcck, das nicht nur sch\u00f6n ist, sondern auch eine besondere Geschichte erz\u00e4hlt.<\/li>\n<\/ul>\n<p>&nbsp;<\/p>\n<p><strong>Vervollst\u00e4ndigen Sie Ihren Look mit der Zillertaler Berghanger Snow Mountain Halskette!<\/strong><\/p>\n<p><strong>Bestellen Sie jetzt und tragen Sie den Geist der Berge \u00fcberallhin mit sich!<\/strong> \ud83c\udf32\u2728<\/p>\n","protected":false},"excerpt":{"rendered":"<p>\ud83c\udfd4\ufe0f ZillerZillertaler Berganh\u00e4nger Schneeketten \u2013 F\u00fcr die abenteuerlustige Seele!taler Berghanger Sneeuwberg Ketting \u2013 Voor de Avontuurlijke Ziel! \ud83c\udf1f Zeigen Sie Ihre Liebe zu den Bergen mit der Zillertaler Berghanger-Schneebergkette! Diese [&hellip;]<\/p>\n","protected":false},"featured_media":1841,"comment_status":"open","ping_status":"closed","template":"","meta":{"_acf_changed":false},"product_brand":[],"product_cat":[114],"product_tag":[],"class_list":{"0":"post-1842","1":"product","2":"type-product","3":"status-publish","4":"has-post-thumbnail","6":"product_cat-schmuck","8":"first","9":"instock","10":"shipping-taxable","11":"purchasable","12":"product-type-simple"},"acf":[],"jetpack_sharing_enabled":true,"_links":{"self":[{"href":"https:\/\/zillertalervrienden.nl\/de\/wp-json\/wp\/v2\/product\/1842","targetHints":{"allow":["GET"]}}],"collection":[{"href":"https:\/\/zillertalervrienden.nl\/de\/wp-json\/wp\/v2\/product"}],"about":[{"href":"https:\/\/zillertalervrienden.nl\/de\/wp-json\/wp\/v2\/types\/product"}],"replies":[{"embeddable":true,"href":"https:\/\/zillertalervrienden.nl\/de\/wp-json\/wp\/v2\/comments?post=1842"}],"wp:featuredmedia":[{"embeddable":true,"href":"https:\/\/zillertalervrienden.nl\/de\/wp-json\/wp\/v2\/media\/1841"}],"wp:attachment":[{"href":"https:\/\/zillertalervrienden.nl\/de\/wp-json\/wp\/v2\/media?parent=1842"}],"wp:term":[{"taxonomy":"product_brand","embeddable":true,"href":"https:\/\/zillertalervrienden.nl\/de\/wp-json\/wp\/v2\/product_brand?post=1842"},{"taxonomy":"product_cat","embeddable":true,"href":"https:\/\/zillertalervrienden.nl\/de\/wp-json\/wp\/v2\/product_cat?post=1842"},{"taxonomy":"product_tag","embeddable":true,"href":"https:\/\/zillertalervrienden.nl\/de\/wp-json\/wp\/v2\/product_tag?post=1842"}],"curies":[{"name":"wp","href":"https:\/\/api.w.org\/{rel}","templated":true}]}}