{"id":1860,"date":"2026-01-21T18:40:27","date_gmt":"2026-01-21T17:40:27","guid":{"rendered":"https:\/\/zillertalervrienden.nl\/?post_type=product&#038;p=1860"},"modified":"2026-04-11T21:48:21","modified_gmt":"2026-04-11T20:48:21","slug":"vakuumisolierter-edelstahlbecher-hirschmotiv","status":"publish","type":"product","link":"https:\/\/zillertalervrienden.nl\/de\/produkt\/vakuumisolierter-edelstahlbecher-hirschmotiv\/","title":{"rendered":"Vakuumisolierter Edelstahlbecher \u2013 Hirschmotiv!"},"content":{"rendered":"<p>\ud83c\udf1f Vakuumisolierter Edelstahlbecher \u2013 Hirschmotiv!\ud83c\udf32\u2744\ufe0f<\/p>\n<p>Bleiben Sie stilvoll hydriert, egal wo Sie sind \u2013 mit unserem Edelstahl-Vakuumisolierbecher (f\u00fcr hei\u00dfe und kalte Getr\u00e4nke)! Diese vielseitige 300-ml-Thermoskanne ist perfekt, egal ob Sie ins Fitnessstudio gehen, ein Outdoor-Abenteuer erleben oder einfach nur zu Hause entspannen.<\/p>\n<p><strong>Warum sollten Sie sich f\u00fcr unseren Vakuumisolierbecher entscheiden?<\/strong><\/p>\n<ul>\n<li>\ud83d\udd25 Doppelwandige Isolierung: H\u00e4lt Ihren Kaffee oder Tee stundenlang hei\u00df und Ihre Kaltgetr\u00e4nke wunderbar k\u00fchl. Ideal f\u00fcr Sommer und Winter! <\/li>\n<li>\ud83c\udf32 Elegantes Hirschmotiv: Das einzigartige Design mit Hirschmotiv bringt den Charme der Natur in Ihren Alltag \u2013 perfekt f\u00fcr Naturliebhaber.<\/li>\n<li>\ud83e\uddf3 Perfekt als Geschenk: Diese stilvolle Flasche ist ein ideales Geschenk f\u00fcr Freunde und Familie und ein wundersch\u00f6nes Accessoire f\u00fcr jedes Abenteuer.<\/li>\n<li>\ud83d\udcaa Langlebig und praktisch: Hergestellt aus hochwertigem Edelstahl, sto\u00dffest und pflegeleicht.<\/li>\n<\/ul>\n<p>&nbsp;<\/p>\n<p><strong>Mach deine t\u00e4gliche Fl\u00fcssigkeitszufuhr zu einem Fest!<\/strong><\/p>\n<p><strong>Bestellen Sie jetzt Ihren Edelstahl-Vakuumisolierbecher und erleben Sie den Komfort und den Charme dieser formsch\u00f6nen Flasche!<\/strong> \ud83e\udd64\u2728<\/p>\n","protected":false},"excerpt":{"rendered":"<p>\ud83c\udf1f Vakuumisolierter Edelstahlbecher \u2013 Hirschmotiv!\ud83c\udf32\u2744\ufe0f Bleiben Sie stilvoll hydriert, egal wo Sie sind \u2013 mit unserem Edelstahl-Vakuumisolierbecher (f\u00fcr hei\u00dfe und kalte Getr\u00e4nke)! Diese vielseitige 300-ml-Thermoskanne ist perfekt, egal ob Sie [&hellip;]<\/p>\n","protected":false},"featured_media":1875,"comment_status":"open","ping_status":"closed","template":"","meta":{"_acf_changed":false},"product_brand":[],"product_cat":[87],"product_tag":[],"class_list":{"0":"post-1860","1":"product","2":"type-product","3":"status-publish","4":"has-post-thumbnail","6":"product_cat-verschiedenes","8":"first","9":"instock","10":"sale","11":"shipping-taxable","12":"purchasable","13":"product-type-simple"},"acf":[],"jetpack_sharing_enabled":true,"_links":{"self":[{"href":"https:\/\/zillertalervrienden.nl\/de\/wp-json\/wp\/v2\/product\/1860","targetHints":{"allow":["GET"]}}],"collection":[{"href":"https:\/\/zillertalervrienden.nl\/de\/wp-json\/wp\/v2\/product"}],"about":[{"href":"https:\/\/zillertalervrienden.nl\/de\/wp-json\/wp\/v2\/types\/product"}],"replies":[{"embeddable":true,"href":"https:\/\/zillertalervrienden.nl\/de\/wp-json\/wp\/v2\/comments?post=1860"}],"wp:featuredmedia":[{"embeddable":true,"href":"https:\/\/zillertalervrienden.nl\/de\/wp-json\/wp\/v2\/media\/1875"}],"wp:attachment":[{"href":"https:\/\/zillertalervrienden.nl\/de\/wp-json\/wp\/v2\/media?parent=1860"}],"wp:term":[{"taxonomy":"product_brand","embeddable":true,"href":"https:\/\/zillertalervrienden.nl\/de\/wp-json\/wp\/v2\/product_brand?post=1860"},{"taxonomy":"product_cat","embeddable":true,"href":"https:\/\/zillertalervrienden.nl\/de\/wp-json\/wp\/v2\/product_cat?post=1860"},{"taxonomy":"product_tag","embeddable":true,"href":"https:\/\/zillertalervrienden.nl\/de\/wp-json\/wp\/v2\/product_tag?post=1860"}],"curies":[{"name":"wp","href":"https:\/\/api.w.org\/{rel}","templated":true}]}}