{"id":1863,"date":"2026-01-24T10:35:00","date_gmt":"2026-01-24T09:35:00","guid":{"rendered":"https:\/\/zillertalervrienden.nl\/?post_type=product&#038;p=1863"},"modified":"2026-01-24T10:35:00","modified_gmt":"2026-01-24T09:35:00","slug":"osterreichisches-schlusselgerust-hirsch-wald","status":"publish","type":"product","link":"https:\/\/zillertalervrienden.nl\/de\/produkt\/osterreichisches-schlusselgerust-hirsch-wald\/","title":{"rendered":"\u00d6sterreichisches Schl\u00fcsselger\u00fcst Hirsch &amp; Wald"},"content":{"rendered":"<p>\ud83e\udd8c \u00d6sterreichischer Schl\u00fcsselhalter \u2013 Schicker Metall-Schl\u00fcsselhalter mit Hirsch- und Waldmotiv! \ud83c\udf32\u2728<\/p>\n<p>Holen Sie sich die Sch\u00f6nheit der Natur in Ihr Zuhause mit unserem eleganten \u00f6sterreichischen Schl\u00fcsselbrett! Dieses formsch\u00f6ne Schl\u00fcsselbrett aus Metall mit seinem niedlichen Hirsch- und Waldmotiv ist die ideale L\u00f6sung, um Ihre Schl\u00fcssel und Accessoires im Eingangsbereich ordentlich zu verstauen.<\/p>\n<p><strong>Warum sollten Sie sich f\u00fcr unseren Schl\u00fcsselhalter entscheiden?<\/p>\n<p><\/strong><\/p>\n<ul>\n<li>\ud83c\udf3f Wundersch\u00f6nes Design: Das schicke Hirsch- und Waldmotiv verleiht Ihrem Interieur eine rustikale, alpine Note \u2013 perfekt f\u00fcr Naturliebhaber.<\/li>\n<li>\ud83d\udee0\ufe0f Einfache Installation: Dieses wandmontierte Schl\u00fcsselbrett ist einfach zu montieren, sodass Sie Ihre Schl\u00fcssel in wenigen Minuten ordentlich verstauen k\u00f6nnen.<\/li>\n<li>\ud83c\udfe1 Funktionale Dekoration: Nicht nur praktisch, sondern auch ein wundersch\u00f6nes Dekorationselement f\u00fcr Ihren Flur oder Ihr Wohnzimmer, das einen Hauch von Natur in Ihr Zuhause bringt.<\/li>\n<li>\ud83c\udf81 Das perfekte Geschenk: Ein tolles Geschenk f\u00fcr Freunde und Familie, die die Natur lieben. Ein einzigartiges Geschenk, das sowohl stilvoll als auch praktisch ist! <\/li>\n<\/ul>\n<h3><\/h3>\n<p><strong>Organisieren Sie Ihre Schl\u00fcssel stilvoll und holen Sie sich die Natur in Ihr Zuhause!<\/strong><\/p>\n<p><strong>Bestellen Sie jetzt Ihren \u00f6sterreichischen Schl\u00fcsselhalter und hei\u00dfen Sie alle G\u00e4ste herzlich willkommen!<\/strong> \ud83c\udf1f\ud83d\udd11<\/p>\n","protected":false},"excerpt":{"rendered":"<p>\ud83e\udd8c \u00d6sterreichischer Schl\u00fcsselhalter \u2013 Schicker Metall-Schl\u00fcsselhalter mit Hirsch- und Waldmotiv! \ud83c\udf32\u2728 Holen Sie sich die Sch\u00f6nheit der Natur in Ihr Zuhause mit unserem eleganten \u00f6sterreichischen Schl\u00fcsselbrett! Dieses formsch\u00f6ne Schl\u00fcsselbrett aus [&hellip;]<\/p>\n","protected":false},"featured_media":1872,"comment_status":"open","ping_status":"closed","template":"","meta":{"_acf_changed":false},"product_brand":[],"product_cat":[87],"product_tag":[],"class_list":{"0":"post-1863","1":"product","2":"type-product","3":"status-publish","4":"has-post-thumbnail","6":"product_cat-verschiedenes","8":"first","9":"outofstock","10":"shipping-taxable","11":"purchasable","12":"product-type-simple"},"acf":[],"jetpack_sharing_enabled":true,"_links":{"self":[{"href":"https:\/\/zillertalervrienden.nl\/de\/wp-json\/wp\/v2\/product\/1863","targetHints":{"allow":["GET"]}}],"collection":[{"href":"https:\/\/zillertalervrienden.nl\/de\/wp-json\/wp\/v2\/product"}],"about":[{"href":"https:\/\/zillertalervrienden.nl\/de\/wp-json\/wp\/v2\/types\/product"}],"replies":[{"embeddable":true,"href":"https:\/\/zillertalervrienden.nl\/de\/wp-json\/wp\/v2\/comments?post=1863"}],"wp:featuredmedia":[{"embeddable":true,"href":"https:\/\/zillertalervrienden.nl\/de\/wp-json\/wp\/v2\/media\/1872"}],"wp:attachment":[{"href":"https:\/\/zillertalervrienden.nl\/de\/wp-json\/wp\/v2\/media?parent=1863"}],"wp:term":[{"taxonomy":"product_brand","embeddable":true,"href":"https:\/\/zillertalervrienden.nl\/de\/wp-json\/wp\/v2\/product_brand?post=1863"},{"taxonomy":"product_cat","embeddable":true,"href":"https:\/\/zillertalervrienden.nl\/de\/wp-json\/wp\/v2\/product_cat?post=1863"},{"taxonomy":"product_tag","embeddable":true,"href":"https:\/\/zillertalervrienden.nl\/de\/wp-json\/wp\/v2\/product_tag?post=1863"}],"curies":[{"name":"wp","href":"https:\/\/api.w.org\/{rel}","templated":true}]}}