{"id":1924,"date":"2026-03-24T17:23:20","date_gmt":"2026-03-24T16:23:20","guid":{"rendered":"https:\/\/zillertalervrienden.nl\/product\/zillertaler-kissenbezug-hirsch-edelweiss\/"},"modified":"2026-03-27T20:05:43","modified_gmt":"2026-03-27T19:05:43","slug":"zillertaler-kissenbezug-hirsch-edelweiss","status":"publish","type":"product","link":"https:\/\/zillertalervrienden.nl\/de\/produkt\/zillertaler-kissenbezug-hirsch-edelweiss\/","title":{"rendered":"Zillertaler Kissenbezug Hirsch &amp; Edelwei\u00df"},"content":{"rendered":"<p>\ud83e\udd8c\u2728 Zillertaler Kissenbezug Hirsch &amp; Edelwei\u00df \u2014 Doppelseitiger Druck \ud83c\udf3c\ud83c\udfd4\ufe0f<\/p>\n<p><strong>Holen Sie sich mit diesem stilvollen Kissenbezug die warme Atmosph\u00e4re des Zillertals in Ihr Wohnzimmer.<\/strong><\/p>\n<ul>\n<li>\ud83d\udccf Abmessungen: 45 x 45 cm<\/li>\n<li>\ud83d\uddbc\ufe0f Doppelseitiger Druck: Hirsch- und Edelwei\u00dfmotiv f\u00fcr abwechslungsreiche Gestaltungsm\u00f6glichkeiten<\/li>\n<li>\ud83c\udf3f Atmosph\u00e4risches Design, das Gem\u00fctlichkeit und alpine W\u00e4rme ausstrahlt.<\/li>\n<li>\ud83e\uddf5 Hochwertige Verarbeitung, ideal als Blickfang auf einem Sofa oder Sessel<\/li>\n<li>\ud83c\udf81 Perfekt als Geschenk oder um Ihrem Interieur einen Hauch von Zillertal zu verleihen.<\/li>\n<\/ul>\n<p>&nbsp;<\/p>\n<p><strong>Verleihen Sie Ihrem Zuhause den warmen Charme der Berge \u2013 jetzt in unserem Shop bestellen! \ud83d\uded2\u2728 <\/strong><\/p>\n","protected":false},"excerpt":{"rendered":"<p>\ud83e\udd8c\u2728 Zillertaler Kissenbezug Hirsch &amp; Edelwei\u00df \u2014 Doppelseitiger Druck \ud83c\udf3c\ud83c\udfd4\ufe0f Holen Sie sich mit diesem stilvollen Kissenbezug die warme Atmosph\u00e4re des Zillertals in Ihr Wohnzimmer. \ud83d\udccf Abmessungen: 45 x 45 [&hellip;]<\/p>\n","protected":false},"featured_media":1923,"comment_status":"open","ping_status":"closed","template":"","meta":{"_acf_changed":false},"product_brand":[],"product_cat":[116,87],"product_tag":[],"class_list":{"0":"post-1924","1":"product","2":"type-product","3":"status-publish","4":"has-post-thumbnail","6":"product_cat-kissenbezuge","7":"product_cat-verschiedenes","9":"first","10":"instock","11":"sale","12":"shipping-taxable","13":"purchasable","14":"product-type-simple"},"acf":[],"jetpack_sharing_enabled":true,"_links":{"self":[{"href":"https:\/\/zillertalervrienden.nl\/de\/wp-json\/wp\/v2\/product\/1924","targetHints":{"allow":["GET"]}}],"collection":[{"href":"https:\/\/zillertalervrienden.nl\/de\/wp-json\/wp\/v2\/product"}],"about":[{"href":"https:\/\/zillertalervrienden.nl\/de\/wp-json\/wp\/v2\/types\/product"}],"replies":[{"embeddable":true,"href":"https:\/\/zillertalervrienden.nl\/de\/wp-json\/wp\/v2\/comments?post=1924"}],"wp:featuredmedia":[{"embeddable":true,"href":"https:\/\/zillertalervrienden.nl\/de\/wp-json\/wp\/v2\/media\/1923"}],"wp:attachment":[{"href":"https:\/\/zillertalervrienden.nl\/de\/wp-json\/wp\/v2\/media?parent=1924"}],"wp:term":[{"taxonomy":"product_brand","embeddable":true,"href":"https:\/\/zillertalervrienden.nl\/de\/wp-json\/wp\/v2\/product_brand?post=1924"},{"taxonomy":"product_cat","embeddable":true,"href":"https:\/\/zillertalervrienden.nl\/de\/wp-json\/wp\/v2\/product_cat?post=1924"},{"taxonomy":"product_tag","embeddable":true,"href":"https:\/\/zillertalervrienden.nl\/de\/wp-json\/wp\/v2\/product_tag?post=1924"}],"curies":[{"name":"wp","href":"https:\/\/api.w.org\/{rel}","templated":true}]}}