{"id":1938,"date":"2026-02-06T19:35:44","date_gmt":"2026-02-06T18:35:44","guid":{"rendered":"https:\/\/zillertalervrienden.nl\/?post_type=product&#038;p=1938"},"modified":"2026-02-06T19:35:44","modified_gmt":"2026-02-06T18:35:44","slug":"osterkissenbezuge-4er-set","status":"publish","type":"product","link":"https:\/\/zillertalervrienden.nl\/de\/produkt\/osterkissenbezuge-4er-set\/","title":{"rendered":"Osterkissenbez\u00fcge (4er-Set)"},"content":{"rendered":"<p>\ud83c\udf3c\ud83d\udc23 4-teiliges Osterblumen-Kissenbezug-Set (45 x 45 cm) \ud83c\udf37\ud83d\udc30<\/p>\n<p><strong>Bringen Sie mit diesem gem\u00fctlichen Set aus 4 Kissenbez\u00fcgen fr\u00fchlingshafte Stimmung in Ihr Zuhause \u2013 perfekt f\u00fcr Ihr Sofa, Wohnzimmer, B\u00fcro oder als festliche Osterdekoration.<\/strong><\/p>\n<p>\u2714\ufe0f 4er-Set \u2013 Komplettes Styling im Handumdrehen<br \/>\n\ud83c\udf38 Einseitig bedruckte Osterblumenmotive \u2013 fr\u00f6hlich und frisch<br \/>\n\ud83d\udccf Ma\u00dfe: 45 x 45 cm \u2013 Standardgr\u00f6\u00dfe f\u00fcr Dekokissen<br \/>\n\ud83d\udeab Ohne Kissenf\u00fcllung \u2013 verwenden Sie Ihre eigene F\u00fcllung<br \/>\n\ud83e\uddf5 Hochwertiger Stoff und saubere Verarbeitung<br \/>\n\ud83e\uddfa Maschinenwaschbar \u2013 pflegeleicht<br \/>\n\ud83c\udfe1 Ideal f\u00fcr: Sofa, Schlafzimmer, B\u00fcro und Wohnzimmer<br \/>\n\ud83c\udf81 Perfekt als Oster- oder Einzugsgeschenk<\/p>\n<p>&nbsp;<\/p>\n<p><strong>\ud83d\uded2 Bestellen Sie jetzt und versch\u00f6nern Sie Ihr Zuhause mit diesem farbenfrohen Fr\u00fchlingsset!<\/strong><\/p>\n","protected":false},"excerpt":{"rendered":"<p>\ud83c\udf3c\ud83d\udc23 4-teiliges Osterblumen-Kissenbezug-Set (45 x 45 cm) \ud83c\udf37\ud83d\udc30 Bringen Sie mit diesem gem\u00fctlichen Set aus 4 Kissenbez\u00fcgen fr\u00fchlingshafte Stimmung in Ihr Zuhause \u2013 perfekt f\u00fcr Ihr Sofa, Wohnzimmer, B\u00fcro oder [&hellip;]<\/p>\n","protected":false},"featured_media":1937,"comment_status":"open","ping_status":"closed","template":"","meta":{"_acf_changed":false},"product_brand":[],"product_cat":[116,121,87],"product_tag":[],"class_list":{"0":"post-1938","1":"product","2":"type-product","3":"status-publish","4":"has-post-thumbnail","6":"product_cat-kissenbezuge","7":"product_cat-ostern","8":"product_cat-verschiedenes","10":"first","11":"outofstock","12":"shipping-taxable","13":"purchasable","14":"product-type-simple"},"acf":[],"jetpack_sharing_enabled":true,"_links":{"self":[{"href":"https:\/\/zillertalervrienden.nl\/de\/wp-json\/wp\/v2\/product\/1938","targetHints":{"allow":["GET"]}}],"collection":[{"href":"https:\/\/zillertalervrienden.nl\/de\/wp-json\/wp\/v2\/product"}],"about":[{"href":"https:\/\/zillertalervrienden.nl\/de\/wp-json\/wp\/v2\/types\/product"}],"replies":[{"embeddable":true,"href":"https:\/\/zillertalervrienden.nl\/de\/wp-json\/wp\/v2\/comments?post=1938"}],"wp:featuredmedia":[{"embeddable":true,"href":"https:\/\/zillertalervrienden.nl\/de\/wp-json\/wp\/v2\/media\/1937"}],"wp:attachment":[{"href":"https:\/\/zillertalervrienden.nl\/de\/wp-json\/wp\/v2\/media?parent=1938"}],"wp:term":[{"taxonomy":"product_brand","embeddable":true,"href":"https:\/\/zillertalervrienden.nl\/de\/wp-json\/wp\/v2\/product_brand?post=1938"},{"taxonomy":"product_cat","embeddable":true,"href":"https:\/\/zillertalervrienden.nl\/de\/wp-json\/wp\/v2\/product_cat?post=1938"},{"taxonomy":"product_tag","embeddable":true,"href":"https:\/\/zillertalervrienden.nl\/de\/wp-json\/wp\/v2\/product_tag?post=1938"}],"curies":[{"name":"wp","href":"https:\/\/api.w.org\/{rel}","templated":true}]}}