{"id":1943,"date":"2026-02-06T19:26:26","date_gmt":"2026-02-06T18:26:26","guid":{"rendered":"https:\/\/zillertalervrienden.nl\/?post_type=product&#038;p=1943"},"modified":"2026-02-06T19:26:26","modified_gmt":"2026-02-06T18:26:26","slug":"ostereier-hasen-tischdecke","status":"publish","type":"product","link":"https:\/\/zillertalervrienden.nl\/de\/produkt\/ostereier-hasen-tischdecke\/","title":{"rendered":"Ostereier-Hasen-Tischdecke"},"content":{"rendered":"<p>\ud83c\udf38\ud83d\udc30 Fr\u00fchlings- &amp; Ostertischdecke \u2013 Wei\u00dfe Spitze, Eier- &amp; Hasenmuster (90 x 90 cm) \ud83e\udd5a\u2728<\/p>\n<p><strong>Bringen Sie mit diesem eleganten Tischl\u00e4ufer aus Polyester, verziert mit Spitzenapplikationen, Ostereiern und niedlichen H\u00e4schen, fr\u00fchlingshafte Stimmung auf Ihren Tisch \u2013 perfekt f\u00fcr Ihr Zuhause, Restaurants oder festliche Brunchs.<\/strong><\/p>\n<p>\u2714\ufe0f Elegantes Design \u2013 wei\u00dfe Spitze mit fr\u00fchlingshaften Mustern \ud83d\udd4a\ufe0f<br \/>\n\u2714\ufe0f Gr\u00f6\u00dfe 90 x 90 cm \u2013 ideal f\u00fcr runde oder quadratische Tische \ud83d\udcd0<br \/>\n\u2714\ufe0f Strapazierf\u00e4higes Polyester \u2013 farbecht und langlebig \ud83d\udcaa<br \/>\n\u2714\ufe0f Multifunktional \u2013 f\u00fcr K\u00fcche, Esstisch, Restaurant oder Osterbrunch \ud83c\udf7d\ufe0f<br \/>\n\u2714\ufe0f Pflegeleicht \u2013 maschinenwaschbar \ud83e\uddfa<br \/>\n\u2714\ufe0f Perfekt als Geschenk \u2013 festlich und stilvoll \ud83c\udf81<\/p>\n<p>&nbsp;<\/p>\n<p><strong>\ud83d\uded2 Bestellen Sie jetzt und verleihen Sie Ihrem Tisch eine frische, festliche Fr\u00fchlingsnote!<\/strong><\/p>\n","protected":false},"excerpt":{"rendered":"<p>\ud83c\udf38\ud83d\udc30 Fr\u00fchlings- &amp; Ostertischdecke \u2013 Wei\u00dfe Spitze, Eier- &amp; Hasenmuster (90 x 90 cm) \ud83e\udd5a\u2728 Bringen Sie mit diesem eleganten Tischl\u00e4ufer aus Polyester, verziert mit Spitzenapplikationen, Ostereiern und niedlichen H\u00e4schen, [&hellip;]<\/p>\n","protected":false},"featured_media":1941,"comment_status":"open","ping_status":"closed","template":"","meta":{"_acf_changed":false},"product_brand":[],"product_cat":[121,87],"product_tag":[],"class_list":{"0":"post-1943","1":"product","2":"type-product","3":"status-publish","4":"has-post-thumbnail","6":"product_cat-ostern","7":"product_cat-verschiedenes","9":"first","10":"instock","11":"shipping-taxable","12":"purchasable","13":"product-type-simple"},"acf":[],"jetpack_sharing_enabled":true,"_links":{"self":[{"href":"https:\/\/zillertalervrienden.nl\/de\/wp-json\/wp\/v2\/product\/1943","targetHints":{"allow":["GET"]}}],"collection":[{"href":"https:\/\/zillertalervrienden.nl\/de\/wp-json\/wp\/v2\/product"}],"about":[{"href":"https:\/\/zillertalervrienden.nl\/de\/wp-json\/wp\/v2\/types\/product"}],"replies":[{"embeddable":true,"href":"https:\/\/zillertalervrienden.nl\/de\/wp-json\/wp\/v2\/comments?post=1943"}],"wp:featuredmedia":[{"embeddable":true,"href":"https:\/\/zillertalervrienden.nl\/de\/wp-json\/wp\/v2\/media\/1941"}],"wp:attachment":[{"href":"https:\/\/zillertalervrienden.nl\/de\/wp-json\/wp\/v2\/media?parent=1943"}],"wp:term":[{"taxonomy":"product_brand","embeddable":true,"href":"https:\/\/zillertalervrienden.nl\/de\/wp-json\/wp\/v2\/product_brand?post=1943"},{"taxonomy":"product_cat","embeddable":true,"href":"https:\/\/zillertalervrienden.nl\/de\/wp-json\/wp\/v2\/product_cat?post=1943"},{"taxonomy":"product_tag","embeddable":true,"href":"https:\/\/zillertalervrienden.nl\/de\/wp-json\/wp\/v2\/product_tag?post=1943"}],"curies":[{"name":"wp","href":"https:\/\/api.w.org\/{rel}","templated":true}]}}