{"id":1952,"date":"2026-02-06T19:29:02","date_gmt":"2026-02-06T18:29:02","guid":{"rendered":"https:\/\/zillertalervrienden.nl\/?post_type=product&#038;p=1952"},"modified":"2026-02-06T19:29:02","modified_gmt":"2026-02-06T18:29:02","slug":"kissenbezuge-osterhase-kaninchen-blume-kuken-4-stuck","status":"publish","type":"product","link":"https:\/\/zillertalervrienden.nl\/de\/produkt\/kissenbezuge-osterhase-kaninchen-blume-kuken-4-stuck\/","title":{"rendered":"Kissenbez\u00fcge Osterhase, Kaninchen, Blume, K\u00fcken (4 St\u00fcck)"},"content":{"rendered":"<p>\ud83c\udf3c\ud83d\udc30 Set mit 4 Osterkissenbez\u00fcgen \u2014 Hase \u2022 Blume \u2022 K\u00fcken \u2022 Ostern \ud83d\udc23\ud83c\udf37<\/p>\n<p><strong>Verleihen Sie Ihrem Wohn- oder Schlafzimmer mit diesen weichen Samtkissenbez\u00fcgen in Gelb, Gr\u00fcn und Rosa einen fr\u00f6hlichen Fr\u00fchlingslook. Perfekt f\u00fcr Sofa, Bett oder als festliche Osterdekoration! <\/strong><\/p>\n<p>\u2714\ufe0f 4er-Set \u2013 f\u00fcr fr\u00fchlingshaftes Flair<br \/>\n\ud83e\uddf5 Samtstoff \u2013 luxuri\u00f6s, weich und komfortabel<br \/>\n\ud83e\uddf7 Rei\u00dfverschluss \u2013 f\u00fcr sichere Aufbewahrung Ihrer Kissen<br \/>\n\ud83e\uddfa Maschinenwaschbares Polyester \u2013 pflegeleicht<br \/>\n\ud83d\udcd0 Ma\u00dfe: 45 x 45 cm \u2013 ideale Gr\u00f6\u00dfe f\u00fcr Dekokissen<br \/>\n\ud83c\udfa8 Fr\u00f6hliche, verspielte Muster \u2013 Hase, Blume, K\u00fcken und Fr\u00fchlingsmotiv<br \/>\n\ud83c\udfe1 Perfekt f\u00fcr: Wohnzimmer, Schlafzimmer, Sofa und Bett<br \/>\n\ud83c\udf81 Ideal als Oster- oder Einzugsgeschenk<\/p>\n<p>&nbsp;<\/p>\n<p><strong>\ud83d\uded2 Bestellen Sie jetzt und versch\u00f6nern Sie Ihr Zuhause f\u00fcr den Fr\u00fchling!<\/strong><\/p>\n","protected":false},"excerpt":{"rendered":"<p>\ud83c\udf3c\ud83d\udc30 Set mit 4 Osterkissenbez\u00fcgen \u2014 Hase \u2022 Blume \u2022 K\u00fcken \u2022 Ostern \ud83d\udc23\ud83c\udf37 Verleihen Sie Ihrem Wohn- oder Schlafzimmer mit diesen weichen Samtkissenbez\u00fcgen in Gelb, Gr\u00fcn und Rosa einen [&hellip;]<\/p>\n","protected":false},"featured_media":1951,"comment_status":"open","ping_status":"closed","template":"","meta":{"_acf_changed":false},"product_brand":[],"product_cat":[116,121,87],"product_tag":[],"class_list":{"0":"post-1952","1":"product","2":"type-product","3":"status-publish","4":"has-post-thumbnail","6":"product_cat-kissenbezuge","7":"product_cat-ostern","8":"product_cat-verschiedenes","10":"first","11":"instock","12":"shipping-taxable","13":"purchasable","14":"product-type-simple"},"acf":[],"jetpack_sharing_enabled":true,"_links":{"self":[{"href":"https:\/\/zillertalervrienden.nl\/de\/wp-json\/wp\/v2\/product\/1952","targetHints":{"allow":["GET"]}}],"collection":[{"href":"https:\/\/zillertalervrienden.nl\/de\/wp-json\/wp\/v2\/product"}],"about":[{"href":"https:\/\/zillertalervrienden.nl\/de\/wp-json\/wp\/v2\/types\/product"}],"replies":[{"embeddable":true,"href":"https:\/\/zillertalervrienden.nl\/de\/wp-json\/wp\/v2\/comments?post=1952"}],"wp:featuredmedia":[{"embeddable":true,"href":"https:\/\/zillertalervrienden.nl\/de\/wp-json\/wp\/v2\/media\/1951"}],"wp:attachment":[{"href":"https:\/\/zillertalervrienden.nl\/de\/wp-json\/wp\/v2\/media?parent=1952"}],"wp:term":[{"taxonomy":"product_brand","embeddable":true,"href":"https:\/\/zillertalervrienden.nl\/de\/wp-json\/wp\/v2\/product_brand?post=1952"},{"taxonomy":"product_cat","embeddable":true,"href":"https:\/\/zillertalervrienden.nl\/de\/wp-json\/wp\/v2\/product_cat?post=1952"},{"taxonomy":"product_tag","embeddable":true,"href":"https:\/\/zillertalervrienden.nl\/de\/wp-json\/wp\/v2\/product_tag?post=1952"}],"curies":[{"name":"wp","href":"https:\/\/api.w.org\/{rel}","templated":true}]}}