{"id":1956,"date":"2026-02-06T19:33:31","date_gmt":"2026-02-06T18:33:31","guid":{"rendered":"https:\/\/zillertalervrienden.nl\/?post_type=product&#038;p=1956"},"modified":"2026-02-06T19:33:31","modified_gmt":"2026-02-06T18:33:31","slug":"osterhasen-kuchenhandtucher-2er-set","status":"publish","type":"product","link":"https:\/\/zillertalervrienden.nl\/de\/produkt\/osterhasen-kuchenhandtucher-2er-set\/","title":{"rendered":"Osterhasen-K\u00fcchenhandt\u00fccher (2er-Set)"},"content":{"rendered":"<p>\ud83d\udc30\ud83c\udf37 Osterhasen-K\u00fcchenhandt\u00fccher \u2013 2er-Set (40\u00d748 cm) \ud83c\udf38\ud83e\udd5a<\/p>\n<p><strong>Bringen Sie mit diesen entz\u00fcckenden Mikrofaser-K\u00fcchent\u00fcchern etwas Osterstimmung in Ihr Zuhause! Perfekt f\u00fcr die K\u00fcche, den Esstisch oder als festliches Geschenk. <\/strong><\/p>\n<p>&nbsp;<\/p>\n<p>\u2714\ufe0f Verspieltes Design \u2013 Hasen &amp; Ostereier<br \/>\u2714\ufe0f Weich &amp; saugf\u00e4hig \u2013 ideal zum W\u00e4schetrocknen<br \/>\u2714\ufe0f Gr\u00f6\u00dfe 40 x 48 cm \u2013 praktisch f\u00fcr den t\u00e4glichen Gebrauch<br \/>\u2714\ufe0f Multifunktional \u2013 f\u00fcr K\u00fcche, Bad, als Tischdekoration oder Einzugsgeschenk<br \/>\u2714\ufe0f Leicht zu waschen \u2013 bleibt frisch und farbenfroh<br \/>\n\ud83c\udf81 2er-Set \u2013 perfekt als Geschenk oder f\u00fcr den Eigengebrauch<\/p>\n<p>&nbsp;<\/p>\n<p><strong>Vervollst\u00e4ndige deine Osterdeko \u2013 bestelle jetzt und versch\u00f6nere dein Zuhause! \ud83d\uded2\u2728 <\/strong><\/p>\n","protected":false},"excerpt":{"rendered":"<p>\ud83d\udc30\ud83c\udf37 Osterhasen-K\u00fcchenhandt\u00fccher \u2013 2er-Set (40\u00d748 cm) \ud83c\udf38\ud83e\udd5a Bringen Sie mit diesen entz\u00fcckenden Mikrofaser-K\u00fcchent\u00fcchern etwas Osterstimmung in Ihr Zuhause! Perfekt f\u00fcr die K\u00fcche, den Esstisch oder als festliches Geschenk. &nbsp; \u2714\ufe0f [&hellip;]<\/p>\n","protected":false},"featured_media":1955,"comment_status":"open","ping_status":"closed","template":"","meta":{"_acf_changed":false},"product_brand":[],"product_cat":[121,87],"product_tag":[],"class_list":{"0":"post-1956","1":"product","2":"type-product","3":"status-publish","4":"has-post-thumbnail","6":"product_cat-ostern","7":"product_cat-verschiedenes","9":"first","10":"instock","11":"shipping-taxable","12":"purchasable","13":"product-type-simple"},"acf":[],"jetpack_sharing_enabled":true,"_links":{"self":[{"href":"https:\/\/zillertalervrienden.nl\/de\/wp-json\/wp\/v2\/product\/1956","targetHints":{"allow":["GET"]}}],"collection":[{"href":"https:\/\/zillertalervrienden.nl\/de\/wp-json\/wp\/v2\/product"}],"about":[{"href":"https:\/\/zillertalervrienden.nl\/de\/wp-json\/wp\/v2\/types\/product"}],"replies":[{"embeddable":true,"href":"https:\/\/zillertalervrienden.nl\/de\/wp-json\/wp\/v2\/comments?post=1956"}],"wp:featuredmedia":[{"embeddable":true,"href":"https:\/\/zillertalervrienden.nl\/de\/wp-json\/wp\/v2\/media\/1955"}],"wp:attachment":[{"href":"https:\/\/zillertalervrienden.nl\/de\/wp-json\/wp\/v2\/media?parent=1956"}],"wp:term":[{"taxonomy":"product_brand","embeddable":true,"href":"https:\/\/zillertalervrienden.nl\/de\/wp-json\/wp\/v2\/product_brand?post=1956"},{"taxonomy":"product_cat","embeddable":true,"href":"https:\/\/zillertalervrienden.nl\/de\/wp-json\/wp\/v2\/product_cat?post=1956"},{"taxonomy":"product_tag","embeddable":true,"href":"https:\/\/zillertalervrienden.nl\/de\/wp-json\/wp\/v2\/product_tag?post=1956"}],"curies":[{"name":"wp","href":"https:\/\/api.w.org\/{rel}","templated":true}]}}