{"id":1972,"date":"2026-02-06T19:27:43","date_gmt":"2026-02-06T18:27:43","guid":{"rendered":"https:\/\/zillertalervrienden.nl\/?post_type=product&#038;p=1972"},"modified":"2026-02-06T19:27:43","modified_gmt":"2026-02-06T18:27:43","slug":"osterreichische-vorhange-55-cm-x-150-cm-2-stuck","status":"publish","type":"product","link":"https:\/\/zillertalervrienden.nl\/de\/produkt\/osterreichische-vorhange-55-cm-x-150-cm-2-stuck\/","title":{"rendered":"\u00d6sterreichische Vorh\u00e4nge (55 cm x 150 cm), 2 St\u00fcck"},"content":{"rendered":"<p><strong>\ud83e\ude9f\u2728 \u00d6sterreichische Gardinen \u2013 Rot\/Wei\u00df\/Schwarz \u2022 Hirsch \u2022 Herz \u2022 Karo \ud83e\udd8c\u2764\ufe0f\ud83d\udd32<\/strong><\/p>\n<p><strong>Verleihen Sie Ihrem Zuhause mit diesen rustikalen, verdunkelnden Thermovorh\u00e4ngen eine warme alpine Atmosph\u00e4re \u2013 perfekt f\u00fcr Schlafzimmer, Wohnzimmer oder K\u00fcche.<\/strong><\/p>\n<p>&nbsp;<\/p>\n<p>\u2714\ufe0f Verdunkelnd &amp; W\u00e4rmend \u2013 H\u00e4lt Licht und K\u00e4lte ab, spart Energie<br \/>\n\ud83e\uddf5 Hochwertiges &amp; strapazierf\u00e4higes Polyester \u2013 Maschinenwaschbar und langlebig<br \/>\n\ud83c\udfa8 Klassisches Design \u2013 Rot-wei\u00df-schwarzes Karomuster mit Hirsch- und Herzmotiv f\u00fcr einen authentisch \u00f6sterreichischen Look<br \/>\n\ud83d\udd18 \u00d6sen &amp; Einfache Aufh\u00e4ngung \u2013 Schnelle und saubere Installation<br \/>\n\ud83d\udcd0 Flach &amp; Sauber verarbeitet \u2013 Elegantes Design f\u00fcr jedes Interieur<br \/>\n\ud83c\udfe1 Vielseitig einsetzbar \u2013 Ideal f\u00fcr Schlafzimmer, Wohnzimmer, K\u00fcchen oder Chalets<\/p>\n<p>&nbsp;<\/p>\n<p><strong>\ud83c\udf81 Perfekt als Geschenk f\u00fcr Liebhaber des alpinen Stils!<\/strong><\/p>\n<p><strong>\ud83d\uded2 Bestellen Sie jetzt und verleihen Sie Ihrem Zuhause das warme \u00f6sterreichische Flair!<\/strong><\/p>\n","protected":false},"excerpt":{"rendered":"<p>\ud83e\ude9f\u2728 \u00d6sterreichische Gardinen \u2013 Rot\/Wei\u00df\/Schwarz \u2022 Hirsch \u2022 Herz \u2022 Karo \ud83e\udd8c\u2764\ufe0f\ud83d\udd32 Verleihen Sie Ihrem Zuhause mit diesen rustikalen, verdunkelnden Thermovorh\u00e4ngen eine warme alpine Atmosph\u00e4re \u2013 perfekt f\u00fcr Schlafzimmer, Wohnzimmer [&hellip;]<\/p>\n","protected":false},"featured_media":1971,"comment_status":"open","ping_status":"closed","template":"","meta":{"_acf_changed":false},"product_brand":[],"product_cat":[87],"product_tag":[],"class_list":{"0":"post-1972","1":"product","2":"type-product","3":"status-publish","4":"has-post-thumbnail","6":"product_cat-verschiedenes","8":"first","9":"outofstock","10":"shipping-taxable","11":"purchasable","12":"product-type-simple"},"acf":[],"jetpack_sharing_enabled":true,"_links":{"self":[{"href":"https:\/\/zillertalervrienden.nl\/de\/wp-json\/wp\/v2\/product\/1972","targetHints":{"allow":["GET"]}}],"collection":[{"href":"https:\/\/zillertalervrienden.nl\/de\/wp-json\/wp\/v2\/product"}],"about":[{"href":"https:\/\/zillertalervrienden.nl\/de\/wp-json\/wp\/v2\/types\/product"}],"replies":[{"embeddable":true,"href":"https:\/\/zillertalervrienden.nl\/de\/wp-json\/wp\/v2\/comments?post=1972"}],"wp:featuredmedia":[{"embeddable":true,"href":"https:\/\/zillertalervrienden.nl\/de\/wp-json\/wp\/v2\/media\/1971"}],"wp:attachment":[{"href":"https:\/\/zillertalervrienden.nl\/de\/wp-json\/wp\/v2\/media?parent=1972"}],"wp:term":[{"taxonomy":"product_brand","embeddable":true,"href":"https:\/\/zillertalervrienden.nl\/de\/wp-json\/wp\/v2\/product_brand?post=1972"},{"taxonomy":"product_cat","embeddable":true,"href":"https:\/\/zillertalervrienden.nl\/de\/wp-json\/wp\/v2\/product_cat?post=1972"},{"taxonomy":"product_tag","embeddable":true,"href":"https:\/\/zillertalervrienden.nl\/de\/wp-json\/wp\/v2\/product_tag?post=1972"}],"curies":[{"name":"wp","href":"https:\/\/api.w.org\/{rel}","templated":true}]}}